{"id":9649,"date":"2020-09-17T13:30:45","date_gmt":"2020-09-17T11:30:45","guid":{"rendered":"http:\/\/screenmed.pl\/?post_type=product&#038;p=9649"},"modified":"2021-05-25T10:45:11","modified_gmt":"2021-05-25T08:45:11","slug":"rafia-pct-test","status":"publish","type":"product","link":"https:\/\/screenmed.pl\/en\/sklep\/rafia-pct-test\/","title":{"rendered":"PCT FIA Test"},"content":{"rendered":"<div class=\"pdfprnt-buttons pdfprnt-buttons-product pdfprnt-top-right\"><a href=\"https:\/\/screenmed.pl\/en\/wp-json\/wp\/v2\/product\/9649?print=pdf\" class=\"pdfprnt-button pdfprnt-button-pdf\" target=\"_blank\"><img decoding=\"async\" src=\"http:\/\/screenmed.pl\/wp-content\/plugins\/pdf-print\/images\/pdf.png\" alt=\"image_pdf\" title=\"View PDF\" \/><\/a><a href=\"https:\/\/screenmed.pl\/en\/wp-json\/wp\/v2\/product\/9649?print=print\" class=\"pdfprnt-button pdfprnt-button-print\" target=\"_blank\"><img decoding=\"async\" src=\"http:\/\/screenmed.pl\/wp-content\/plugins\/pdf-print\/images\/print.png\" alt=\"image_print\" title=\"Print Content\" \/><\/a><\/div><h3>Prokalcytonina (PCT) Test<\/h3>\n<p>PCT FIA Test to badanie immunofluorescencyjne s\u0142u\u017c\u0105ce do ilo\u015bciowego oznaczania poziomu prokalcytoniny (PCT) w ludzkiej surowicy, osoczu lub krwi pe\u0142nej za pomoc\u0105 <span style=\"color: #0000ff;\">systemu RaFIA.<\/span><\/p>\n<p>Prokalcytonina (PCT) to bia\u0142ko o masie 13 kDa, sk\u0142adaj\u0105ce si\u0119 z 116 aminokwas\u00f3w. W warunkach fizjologicznych prokalcytonina jest prekursorem kalcytoniny, czyli hormonu produkowanego w kom\u00f3rkach C tarczycy. U zdrowych ludzi poziom prokalcytoniny we krwi jest niski (~ 0,05 ng\/ml), ale szybko wzrasta w odpowiedzi na og\u00f3lnoustrojow\u0105 infekcj\u0119 bakteryjn\u0105. St\u0119\u017cenie PCT we krwi koreluje zar\u00f3wno z obci\u0105\u017ceniem bakteryjnym, jak i ci\u0119\u017cko\u015bci\u0105 infekcji. Okres p\u00f3\u0142trwania kr\u0105\u017c\u0105cego PCT jest kr\u00f3tki, tylko 25-30 godzin. Dlatego PCT jest dobrym biomarkerem do specyficznego wykrywania og\u00f3lnoustrojowej infekcji bakteryjnej.<\/p>\n<p>PCT FIA Test jest przeznaczony wy\u0142\u0105cznie do u\u017cytku profesjonalnego z <a href=\"http:\/\/screenmed.pl\/sklep\/rafia-analizator-immunofluorescencyjny\/\"><span style=\"color: #0000ff;\">systemem RaFIA<\/span><\/a>, do diagnostyki in vitro.<\/p>\n<p>Test PCT FIA zosta\u0142 opracowany do wykrywania kr\u0105\u017c\u0105cego antygenu prokalcytoniny w surowicy, osoczu i krwi pe\u0142nej w ci\u0105gu 15 minut, bez konieczno\u015bci u\u017cycia sprz\u0119tu laboratoryjnego.<\/p>\n<h3>Charakterystyka PCT FIA Test<\/h3>\n<ul>\n<li>Wyniki ilo\u015bciowe w ci\u0105gu 15 minut<\/li>\n<li>Zwi\u0119kszona czu\u0142o\u015b\u0107 i szerszy zakres wykrywania w por\u00f3wnaniu z szybkimi testami<\/li>\n<\/ul>\n<p>ZAKRESY<\/p>\n<ul>\n<li>Zakres roboczy: 0.1-100.0 ng\/mL<\/li>\n<\/ul>\n<p>PRECYZJA<\/p>\n<ul>\n<li>Precyzja w obr\u0119bie partii<\/li>\n<li>Precyzja wewn\u0105trz partii zosta\u0142a okre\u015blona przez testowanie materia\u0142\u00f3w referencyjnych PCT przy u\u017cyciu 10 urz\u0105dze\u0144 testowych z tej samej partii. CV \u2264 15%.<\/li>\n<li>Precyzja mi\u0119dzylaboratoryjna<\/li>\n<li>Precyzj\u0119 mi\u0119dzy seriami okre\u015blono poprzez badanie materia\u0142\u00f3w referencyjnych PCT przy u\u017cyciu 30 urz\u0105dze\u0144 testowych z 3 kolejnych losowo wybranych partii (10 urz\u0105dze\u0144 testowych z ka\u017cdej partii). CV \u2264 20%.<\/li>\n<\/ul>\n<p>DOK\u0141ADNO\u015a\u0106<\/p>\n<ul>\n<li>Materia\u0142y kontrolne PCT o trzech r\u00f3\u017cnych st\u0119\u017ceniach badano przy u\u017cyciu ka\u017cdej partii urz\u0105dzenia testowego, a odchylenia mie\u015bci\u0142y si\u0119 w zakresie \u00b115%.<\/li>\n<\/ul>\n<p>LINIOWO\u015a\u0106<\/p>\n<ul>\n<li>Badano seryjne st\u0119\u017cenia materia\u0142\u00f3w referencyjnych PCT w zakresie 0,1-100,0 ng\/mL, a wsp\u00f3\u0142czynnik korelacji (R) wynosi \u22650,9900.<\/li>\n<\/ul>\n<p>&nbsp;<\/p>\n","protected":false},"excerpt":{"rendered":"<p>Immunofluorescencyjny test diagnostyczny do oznaczania poziomu PCT w ludzkiej surowicy, osoczu lub krwi pe\u0142nej za pomoc\u0105 analizatora <a href=\"http:\/\/screenmed.pl\/sklep\/rafia-analizator-immunofluorescencyjny\/\">RaFIA<\/a>.<\/p>\n<p>Opakowanie 25 szt.<\/p>\n","protected":false},"featured_media":9650,"template":"","meta":{"_acf_changed":false},"product_brand":[],"product_cat":[383,390,389,64],"product_tag":[349,348,347,346],"class_list":{"0":"post-9649","1":"product","2":"type-product","3":"status-publish","4":"has-post-thumbnail","6":"product_cat-choroby-zakazne","7":"product_cat-medycyna-rodzinna","8":"product_cat-pediatria","9":"product_cat-testy-diagnostyczne","10":"product_tag-badanie-prokalcytoniny","11":"product_tag-oznaczanie-poziomu-prokalcytoniny","12":"product_tag-pct-test","13":"product_tag-prokalcytonina","14":"pa_badana-probka-krew-pelna-osocze-surowica","15":"pa_odczyt-15-minut","16":"pa_opakowanie-25-szt","17":"pa_przeznaczenie-choroby-zakazne","18":"pa_przeznaczenie-markery-stanow-zapalnych","19":"pa_typ-produktu-testy-diagnostyczne","21":"first","22":"outofstock","23":"shipping-taxable","24":"product-type-simple"},"acf":[],"etheme_brands":{"errors":{"invalid_taxonomy":["Invalid taxonomy."]},"error_data":[]},"yoast_head":"<!-- This site is optimized with the Yoast SEO plugin v24.4 - https:\/\/yoast.com\/wordpress\/plugins\/seo\/ -->\n<title>PCT FIA Test | Screenmed<\/title>\n<meta name=\"description\" content=\"Test RaFIA PCT jest przydatny do wykrywania og\u00f3lnoustrojowej infekcji bakteryjnej. Kupisz go na Screenmed.pl!\" \/>\n<meta name=\"robots\" content=\"index, follow, max-snippet:-1, max-image-preview:large, max-video-preview:-1\" \/>\n<link rel=\"canonical\" href=\"https:\/\/screenmed.pl\/sklep\/rafia-pct-test\/\" \/>\n<meta property=\"og:locale\" content=\"en_US\" \/>\n<meta property=\"og:type\" content=\"article\" \/>\n<meta property=\"og:title\" content=\"PCT FIA Test | Screenmed\" \/>\n<meta property=\"og:description\" content=\"Test RaFIA PCT jest przydatny do wykrywania og\u00f3lnoustrojowej infekcji bakteryjnej. Kupisz go na Screenmed.pl!\" \/>\n<meta property=\"og:url\" content=\"https:\/\/screenmed.pl\/sklep\/rafia-pct-test\/\" \/>\n<meta property=\"og:site_name\" content=\"Screenmed\" \/>\n<meta property=\"article:modified_time\" content=\"2021-05-25T08:45:11+00:00\" \/>\n<meta property=\"og:image\" content=\"https:\/\/screenmed.pl\/wp-content\/uploads\/2020\/09\/PCT-FIA-Test-45.png\" \/>\n\t<meta property=\"og:image:width\" content=\"450\" \/>\n\t<meta property=\"og:image:height\" content=\"450\" \/>\n\t<meta property=\"og:image:type\" content=\"image\/png\" \/>\n<meta name=\"twitter:card\" content=\"summary_large_image\" \/>\n<meta name=\"twitter:label1\" content=\"Est. reading time\" \/>\n\t<meta name=\"twitter:data1\" content=\"2 minutes\" \/>\n<script type=\"application\/ld+json\" class=\"yoast-schema-graph\">{\"@context\":\"https:\/\/schema.org\",\"@graph\":[{\"@type\":\"WebPage\",\"@id\":\"https:\/\/screenmed.pl\/sklep\/rafia-pct-test\/\",\"url\":\"https:\/\/screenmed.pl\/sklep\/rafia-pct-test\/\",\"name\":\"PCT FIA Test | Screenmed\",\"isPartOf\":{\"@id\":\"https:\/\/screenmed.pl\/#website\"},\"primaryImageOfPage\":{\"@id\":\"https:\/\/screenmed.pl\/sklep\/rafia-pct-test\/#primaryimage\"},\"image\":{\"@id\":\"https:\/\/screenmed.pl\/sklep\/rafia-pct-test\/#primaryimage\"},\"thumbnailUrl\":\"https:\/\/screenmed.pl\/wp-content\/uploads\/2020\/09\/PCT-FIA-Test-45.png\",\"datePublished\":\"2020-09-17T11:30:45+00:00\",\"dateModified\":\"2021-05-25T08:45:11+00:00\",\"description\":\"Test RaFIA PCT jest przydatny do wykrywania og\u00f3lnoustrojowej infekcji bakteryjnej. Kupisz go na Screenmed.pl!\",\"breadcrumb\":{\"@id\":\"https:\/\/screenmed.pl\/sklep\/rafia-pct-test\/#breadcrumb\"},\"inLanguage\":\"en-US\",\"potentialAction\":[{\"@type\":\"ReadAction\",\"target\":[\"https:\/\/screenmed.pl\/sklep\/rafia-pct-test\/\"]}]},{\"@type\":\"ImageObject\",\"inLanguage\":\"en-US\",\"@id\":\"https:\/\/screenmed.pl\/sklep\/rafia-pct-test\/#primaryimage\",\"url\":\"https:\/\/screenmed.pl\/wp-content\/uploads\/2020\/09\/PCT-FIA-Test-45.png\",\"contentUrl\":\"https:\/\/screenmed.pl\/wp-content\/uploads\/2020\/09\/PCT-FIA-Test-45.png\",\"width\":450,\"height\":450,\"caption\":\"PCT FIA Test\"},{\"@type\":\"BreadcrumbList\",\"@id\":\"https:\/\/screenmed.pl\/sklep\/rafia-pct-test\/#breadcrumb\",\"itemListElement\":[{\"@type\":\"ListItem\",\"position\":1,\"name\":\"Strona g\u0142\u00f3wna\",\"item\":\"https:\/\/screenmed.pl\/\"},{\"@type\":\"ListItem\",\"position\":2,\"name\":\"Shop\",\"item\":\"https:\/\/screenmed.pl\/en\/shop\/\"},{\"@type\":\"ListItem\",\"position\":3,\"name\":\"PCT FIA Test\"}]},{\"@type\":\"WebSite\",\"@id\":\"https:\/\/screenmed.pl\/#website\",\"url\":\"https:\/\/screenmed.pl\/\",\"name\":\"Screenmed\",\"description\":\"\",\"potentialAction\":[{\"@type\":\"SearchAction\",\"target\":{\"@type\":\"EntryPoint\",\"urlTemplate\":\"https:\/\/screenmed.pl\/?s={search_term_string}\"},\"query-input\":{\"@type\":\"PropertyValueSpecification\",\"valueRequired\":true,\"valueName\":\"search_term_string\"}}],\"inLanguage\":\"en-US\"}]}<\/script>\n<!-- \/ Yoast SEO plugin. -->","yoast_head_json":{"title":"PCT FIA Test | Screenmed","description":"Test RaFIA PCT jest przydatny do wykrywania og\u00f3lnoustrojowej infekcji bakteryjnej. Kupisz go na Screenmed.pl!","robots":{"index":"index","follow":"follow","max-snippet":"max-snippet:-1","max-image-preview":"max-image-preview:large","max-video-preview":"max-video-preview:-1"},"canonical":"https:\/\/screenmed.pl\/sklep\/rafia-pct-test\/","og_locale":"en_US","og_type":"article","og_title":"PCT FIA Test | Screenmed","og_description":"Test RaFIA PCT jest przydatny do wykrywania og\u00f3lnoustrojowej infekcji bakteryjnej. Kupisz go na Screenmed.pl!","og_url":"https:\/\/screenmed.pl\/sklep\/rafia-pct-test\/","og_site_name":"Screenmed","article_modified_time":"2021-05-25T08:45:11+00:00","og_image":[{"width":450,"height":450,"url":"https:\/\/screenmed.pl\/wp-content\/uploads\/2020\/09\/PCT-FIA-Test-45.png","type":"image\/png"}],"twitter_card":"summary_large_image","twitter_misc":{"Est. reading time":"2 minutes"},"schema":{"@context":"https:\/\/schema.org","@graph":[{"@type":"WebPage","@id":"https:\/\/screenmed.pl\/sklep\/rafia-pct-test\/","url":"https:\/\/screenmed.pl\/sklep\/rafia-pct-test\/","name":"PCT FIA Test | Screenmed","isPartOf":{"@id":"https:\/\/screenmed.pl\/#website"},"primaryImageOfPage":{"@id":"https:\/\/screenmed.pl\/sklep\/rafia-pct-test\/#primaryimage"},"image":{"@id":"https:\/\/screenmed.pl\/sklep\/rafia-pct-test\/#primaryimage"},"thumbnailUrl":"https:\/\/screenmed.pl\/wp-content\/uploads\/2020\/09\/PCT-FIA-Test-45.png","datePublished":"2020-09-17T11:30:45+00:00","dateModified":"2021-05-25T08:45:11+00:00","description":"Test RaFIA PCT jest przydatny do wykrywania og\u00f3lnoustrojowej infekcji bakteryjnej. Kupisz go na Screenmed.pl!","breadcrumb":{"@id":"https:\/\/screenmed.pl\/sklep\/rafia-pct-test\/#breadcrumb"},"inLanguage":"en-US","potentialAction":[{"@type":"ReadAction","target":["https:\/\/screenmed.pl\/sklep\/rafia-pct-test\/"]}]},{"@type":"ImageObject","inLanguage":"en-US","@id":"https:\/\/screenmed.pl\/sklep\/rafia-pct-test\/#primaryimage","url":"https:\/\/screenmed.pl\/wp-content\/uploads\/2020\/09\/PCT-FIA-Test-45.png","contentUrl":"https:\/\/screenmed.pl\/wp-content\/uploads\/2020\/09\/PCT-FIA-Test-45.png","width":450,"height":450,"caption":"PCT FIA Test"},{"@type":"BreadcrumbList","@id":"https:\/\/screenmed.pl\/sklep\/rafia-pct-test\/#breadcrumb","itemListElement":[{"@type":"ListItem","position":1,"name":"Strona g\u0142\u00f3wna","item":"https:\/\/screenmed.pl\/"},{"@type":"ListItem","position":2,"name":"Shop","item":"https:\/\/screenmed.pl\/en\/shop\/"},{"@type":"ListItem","position":3,"name":"PCT FIA Test"}]},{"@type":"WebSite","@id":"https:\/\/screenmed.pl\/#website","url":"https:\/\/screenmed.pl\/","name":"Screenmed","description":"","potentialAction":[{"@type":"SearchAction","target":{"@type":"EntryPoint","urlTemplate":"https:\/\/screenmed.pl\/?s={search_term_string}"},"query-input":{"@type":"PropertyValueSpecification","valueRequired":true,"valueName":"search_term_string"}}],"inLanguage":"en-US"}]}},"_links":{"self":[{"href":"https:\/\/screenmed.pl\/en\/wp-json\/wp\/v2\/product\/9649","targetHints":{"allow":["GET"]}}],"collection":[{"href":"https:\/\/screenmed.pl\/en\/wp-json\/wp\/v2\/product"}],"about":[{"href":"https:\/\/screenmed.pl\/en\/wp-json\/wp\/v2\/types\/product"}],"wp:featuredmedia":[{"embeddable":true,"href":"https:\/\/screenmed.pl\/en\/wp-json\/wp\/v2\/media\/9650"}],"wp:attachment":[{"href":"https:\/\/screenmed.pl\/en\/wp-json\/wp\/v2\/media?parent=9649"}],"wp:term":[{"taxonomy":"product_brand","embeddable":true,"href":"https:\/\/screenmed.pl\/en\/wp-json\/wp\/v2\/product_brand?post=9649"},{"taxonomy":"product_cat","embeddable":true,"href":"https:\/\/screenmed.pl\/en\/wp-json\/wp\/v2\/product_cat?post=9649"},{"taxonomy":"product_tag","embeddable":true,"href":"https:\/\/screenmed.pl\/en\/wp-json\/wp\/v2\/product_tag?post=9649"}],"curies":[{"name":"wp","href":"https:\/\/api.w.org\/{rel}","templated":true}]}}