{"id":9603,"date":"2020-09-15T10:54:39","date_gmt":"2020-09-15T08:54:39","guid":{"rendered":"http:\/\/screenmed.pl\/?post_type=product&#038;p=9603"},"modified":"2024-01-26T15:43:58","modified_gmt":"2024-01-26T14:43:58","slug":"rafia-hba1c-test","status":"publish","type":"product","link":"https:\/\/screenmed.pl\/en\/sklep\/rafia-hba1c-test\/","title":{"rendered":"HbA1c FIA Test"},"content":{"rendered":"<div class=\"pdfprnt-buttons pdfprnt-buttons-product pdfprnt-top-right\"><a href=\"https:\/\/screenmed.pl\/en\/wp-json\/wp\/v2\/product\/9603?print=pdf\" class=\"pdfprnt-button pdfprnt-button-pdf\" target=\"_blank\"><img decoding=\"async\" src=\"http:\/\/screenmed.pl\/wp-content\/plugins\/pdf-print\/images\/pdf.png\" alt=\"image_pdf\" title=\"View PDF\" \/><\/a><a href=\"https:\/\/screenmed.pl\/en\/wp-json\/wp\/v2\/product\/9603?print=print\" class=\"pdfprnt-button pdfprnt-button-print\" target=\"_blank\"><img decoding=\"async\" src=\"http:\/\/screenmed.pl\/wp-content\/plugins\/pdf-print\/images\/print.png\" alt=\"image_print\" title=\"Print Content\" \/><\/a><\/div><h3>Badanie poziomu HbA1c<\/h3>\n<p>Test immunofluorescencyjny HbA1c FIA \u00a0Test do ilo\u015bciowego oznaczania hemoglobiny glikozylowanej A1c (HbA1c) w ludzkiej krwi pe\u0142nej przy u\u017cyciu <span style=\"color: #0000ff;\"><a style=\"color: #0000ff;\" href=\"http:\/\/screenmed.pl\/sklep\/rafia-analizator-immunofluorescencyjny\/\">systemu RaFIA<\/a><\/span>. Test jest przeznaczony wy\u0142\u0105cznie do diagnostyki in vitro, do u\u017cytku profesjonalnego.<\/p>\n<p>HbA1c jest klinicznie u\u017cytecznym wska\u017anikiem \u015bredniej glikemii do d\u0142ugoterminowej kontroli glikemii. Uwa\u017ca si\u0119, \u017ce HbA1c jest bardziej wiarygodnym markerem w monitorowaniu glikemii ni\u017c odczyt z konwencjonalnego glukometru. Wysok\u0105 czu\u0142o\u015b\u0107 i swoisto\u015b\u0107 szybkiego ilo\u015bciowego testu HbA1c uzyskuje si\u0119 dzi\u0119ki technologii immunoanalizy kanapkowej fluorescencji.<\/p>\n<p>Test HbA1c RaFIA zosta\u0142 opracowany do wykrywania kr\u0105\u017c\u0105cej HbA1c w krwi pe\u0142nej w ci\u0105gu zaledwie 5 minut, za pomoc\u0105 analizatora RaFIA, bez dodatkowych urz\u0105dze\u0144 laboratoryjnych.<\/p>\n<h3>Charakterystyka testu HbA1c FIA<\/h3>\n<ul>\n<li>Wyniki ilo\u015bciowe<\/li>\n<li>Zwi\u0119kszona czu\u0142o\u015b\u0107 i szerszy zakres wykrywania w por\u00f3wnaniu z manualnymi szybkimi testami<\/li>\n<\/ul>\n<p>ZAKRESY<\/p>\n<ul>\n<li>Zakres roboczy: 4%-15%<\/li>\n<\/ul>\n<p>PRECYZJA<\/p>\n<ul>\n<li>Precyzja wewn\u0105trz serii zosta\u0142a okre\u015blona poprzez testowanie materia\u0142\u00f3w referencyjnych HbA1c przy u\u017cyciu 10 urz\u0105dze\u0144 testowych z tej samej serii CV \u2264 15%<\/li>\n<li>Precyzja mi\u0119dzylaboratoryjna<\/li>\n<li>Precyzj\u0119 mi\u0119dzy seriami okre\u015blono poprzez testowanie materia\u0142\u00f3w referencyjnych HbA1c przy u\u017cyciu 30 urz\u0105dze\u0144 testowych z 3 kolejnych losowo wybranych partii (10 urz\u0105dze\u0144 testowych z ka\u017cdej partii) CV \u2264 20%.<\/li>\n<\/ul>\n<p>DOK\u0141ADNO\u015a\u0106<\/p>\n<ul>\n<li>Materia\u0142y kontrolne HbA1c o trzech r\u00f3\u017cnych st\u0119\u017ceniach by\u0142y testowane przez ka\u017cd\u0105 parti\u0119 urz\u0105dzenia testowego, a odchylenia mie\u015bci\u0142y si\u0119 w zakresie \u00b115%.<\/li>\n<\/ul>\n<p>LINIOWO\u015a\u0106<\/p>\n<ul>\n<li>Przetestowano seryjne st\u0119\u017cenie materia\u0142\u00f3w referencyjnych HbA1c w zakresie 4%-15%, wsp\u00f3\u0142czynnik korelacji (R) wynosi \u22650,9900.<\/li>\n<\/ul>\n<p>&nbsp;<\/p>\n","protected":false},"excerpt":{"rendered":"<p>RaFIA HbA1c to immunofluorescencyjny test do szybkiego, ilo\u015bciowego oznaczania poziomu hemoglobiny glikozylowanej A1c (HbA1c) w ludzkiej krwi pe\u0142nej przy u\u017cyciu <a href=\"http:\/\/screenmed.pl\/sklep\/rafia-analizator-immunofluorescencyjny\/\"><span style=\"color: #0000ff;\">analizatora RaFIA.<\/span><\/a><\/p>\n<p>Opakowanie 25 szt.<\/p>\n","protected":false},"featured_media":9615,"template":"","meta":{"_acf_changed":false},"product_brand":[],"product_cat":[390,64],"product_tag":[368,366,367],"class_list":{"0":"post-9603","1":"product","2":"type-product","3":"status-publish","4":"has-post-thumbnail","6":"product_cat-medycyna-rodzinna","7":"product_cat-testy-diagnostyczne","8":"product_tag-badanie-poziomu-hba1c","9":"product_tag-hemoglobina-glikozowana-hba1c","10":"product_tag-test-hba1c","11":"pa_badana-probka-krew-pelna","12":"pa_opakowanie-25-szt","13":"pa_przeznaczenie-inne","14":"pa_typ-produktu-testy-diagnostyczne","16":"first","17":"outofstock","18":"shipping-taxable","19":"product-type-simple"},"acf":[],"etheme_brands":{"errors":{"invalid_taxonomy":["Invalid taxonomy."]},"error_data":[]},"yoast_head":"<!-- This site is optimized with the Yoast SEO plugin v24.4 - https:\/\/yoast.com\/wordpress\/plugins\/seo\/ -->\n<title>HbA1c FIA Test | Screenmed<\/title>\n<meta name=\"description\" content=\"Test RaFIA HbA1c jest u\u017cyteczny do d\u0142ugoterminowej kontroli glikemii. Zaopatrz si\u0119 w profesjonalny sprz\u0119t na Screenmed.pl!\" \/>\n<meta name=\"robots\" content=\"index, follow, max-snippet:-1, max-image-preview:large, max-video-preview:-1\" \/>\n<link rel=\"canonical\" href=\"https:\/\/screenmed.pl\/sklep\/rafia-hba1c-test\/\" \/>\n<meta property=\"og:locale\" content=\"en_US\" \/>\n<meta property=\"og:type\" content=\"article\" \/>\n<meta property=\"og:title\" content=\"HbA1c FIA Test | Screenmed\" \/>\n<meta property=\"og:description\" content=\"Test RaFIA HbA1c jest u\u017cyteczny do d\u0142ugoterminowej kontroli glikemii. Zaopatrz si\u0119 w profesjonalny sprz\u0119t na Screenmed.pl!\" \/>\n<meta property=\"og:url\" content=\"https:\/\/screenmed.pl\/sklep\/rafia-hba1c-test\/\" \/>\n<meta property=\"og:site_name\" content=\"Screenmed\" \/>\n<meta property=\"article:modified_time\" content=\"2024-01-26T14:43:58+00:00\" \/>\n<meta property=\"og:image\" content=\"https:\/\/screenmed.pl\/wp-content\/uploads\/2020\/09\/HbA1c-RAFIA-45.png\" \/>\n\t<meta property=\"og:image:width\" content=\"450\" \/>\n\t<meta property=\"og:image:height\" content=\"450\" \/>\n\t<meta property=\"og:image:type\" content=\"image\/png\" \/>\n<meta name=\"twitter:card\" content=\"summary_large_image\" \/>\n<meta name=\"twitter:label1\" content=\"Est. reading time\" \/>\n\t<meta name=\"twitter:data1\" content=\"1 minute\" \/>\n<script type=\"application\/ld+json\" class=\"yoast-schema-graph\">{\"@context\":\"https:\/\/schema.org\",\"@graph\":[{\"@type\":\"WebPage\",\"@id\":\"https:\/\/screenmed.pl\/sklep\/rafia-hba1c-test\/\",\"url\":\"https:\/\/screenmed.pl\/sklep\/rafia-hba1c-test\/\",\"name\":\"HbA1c FIA Test | Screenmed\",\"isPartOf\":{\"@id\":\"https:\/\/screenmed.pl\/#website\"},\"primaryImageOfPage\":{\"@id\":\"https:\/\/screenmed.pl\/sklep\/rafia-hba1c-test\/#primaryimage\"},\"image\":{\"@id\":\"https:\/\/screenmed.pl\/sklep\/rafia-hba1c-test\/#primaryimage\"},\"thumbnailUrl\":\"https:\/\/screenmed.pl\/wp-content\/uploads\/2020\/09\/HbA1c-RAFIA-45.png\",\"datePublished\":\"2020-09-15T08:54:39+00:00\",\"dateModified\":\"2024-01-26T14:43:58+00:00\",\"description\":\"Test RaFIA HbA1c jest u\u017cyteczny do d\u0142ugoterminowej kontroli glikemii. Zaopatrz si\u0119 w profesjonalny sprz\u0119t na Screenmed.pl!\",\"breadcrumb\":{\"@id\":\"https:\/\/screenmed.pl\/sklep\/rafia-hba1c-test\/#breadcrumb\"},\"inLanguage\":\"en-US\",\"potentialAction\":[{\"@type\":\"ReadAction\",\"target\":[\"https:\/\/screenmed.pl\/sklep\/rafia-hba1c-test\/\"]}]},{\"@type\":\"ImageObject\",\"inLanguage\":\"en-US\",\"@id\":\"https:\/\/screenmed.pl\/sklep\/rafia-hba1c-test\/#primaryimage\",\"url\":\"https:\/\/screenmed.pl\/wp-content\/uploads\/2020\/09\/HbA1c-RAFIA-45.png\",\"contentUrl\":\"https:\/\/screenmed.pl\/wp-content\/uploads\/2020\/09\/HbA1c-RAFIA-45.png\",\"width\":450,\"height\":450},{\"@type\":\"BreadcrumbList\",\"@id\":\"https:\/\/screenmed.pl\/sklep\/rafia-hba1c-test\/#breadcrumb\",\"itemListElement\":[{\"@type\":\"ListItem\",\"position\":1,\"name\":\"Strona g\u0142\u00f3wna\",\"item\":\"https:\/\/screenmed.pl\/\"},{\"@type\":\"ListItem\",\"position\":2,\"name\":\"Shop\",\"item\":\"https:\/\/screenmed.pl\/en\/shop\/\"},{\"@type\":\"ListItem\",\"position\":3,\"name\":\"HbA1c FIA Test\"}]},{\"@type\":\"WebSite\",\"@id\":\"https:\/\/screenmed.pl\/#website\",\"url\":\"https:\/\/screenmed.pl\/\",\"name\":\"Screenmed\",\"description\":\"\",\"potentialAction\":[{\"@type\":\"SearchAction\",\"target\":{\"@type\":\"EntryPoint\",\"urlTemplate\":\"https:\/\/screenmed.pl\/?s={search_term_string}\"},\"query-input\":{\"@type\":\"PropertyValueSpecification\",\"valueRequired\":true,\"valueName\":\"search_term_string\"}}],\"inLanguage\":\"en-US\"}]}<\/script>\n<!-- \/ Yoast SEO plugin. -->","yoast_head_json":{"title":"HbA1c FIA Test | Screenmed","description":"Test RaFIA HbA1c jest u\u017cyteczny do d\u0142ugoterminowej kontroli glikemii. Zaopatrz si\u0119 w profesjonalny sprz\u0119t na Screenmed.pl!","robots":{"index":"index","follow":"follow","max-snippet":"max-snippet:-1","max-image-preview":"max-image-preview:large","max-video-preview":"max-video-preview:-1"},"canonical":"https:\/\/screenmed.pl\/sklep\/rafia-hba1c-test\/","og_locale":"en_US","og_type":"article","og_title":"HbA1c FIA Test | Screenmed","og_description":"Test RaFIA HbA1c jest u\u017cyteczny do d\u0142ugoterminowej kontroli glikemii. Zaopatrz si\u0119 w profesjonalny sprz\u0119t na Screenmed.pl!","og_url":"https:\/\/screenmed.pl\/sklep\/rafia-hba1c-test\/","og_site_name":"Screenmed","article_modified_time":"2024-01-26T14:43:58+00:00","og_image":[{"width":450,"height":450,"url":"https:\/\/screenmed.pl\/wp-content\/uploads\/2020\/09\/HbA1c-RAFIA-45.png","type":"image\/png"}],"twitter_card":"summary_large_image","twitter_misc":{"Est. reading time":"1 minute"},"schema":{"@context":"https:\/\/schema.org","@graph":[{"@type":"WebPage","@id":"https:\/\/screenmed.pl\/sklep\/rafia-hba1c-test\/","url":"https:\/\/screenmed.pl\/sklep\/rafia-hba1c-test\/","name":"HbA1c FIA Test | Screenmed","isPartOf":{"@id":"https:\/\/screenmed.pl\/#website"},"primaryImageOfPage":{"@id":"https:\/\/screenmed.pl\/sklep\/rafia-hba1c-test\/#primaryimage"},"image":{"@id":"https:\/\/screenmed.pl\/sklep\/rafia-hba1c-test\/#primaryimage"},"thumbnailUrl":"https:\/\/screenmed.pl\/wp-content\/uploads\/2020\/09\/HbA1c-RAFIA-45.png","datePublished":"2020-09-15T08:54:39+00:00","dateModified":"2024-01-26T14:43:58+00:00","description":"Test RaFIA HbA1c jest u\u017cyteczny do d\u0142ugoterminowej kontroli glikemii. Zaopatrz si\u0119 w profesjonalny sprz\u0119t na Screenmed.pl!","breadcrumb":{"@id":"https:\/\/screenmed.pl\/sklep\/rafia-hba1c-test\/#breadcrumb"},"inLanguage":"en-US","potentialAction":[{"@type":"ReadAction","target":["https:\/\/screenmed.pl\/sklep\/rafia-hba1c-test\/"]}]},{"@type":"ImageObject","inLanguage":"en-US","@id":"https:\/\/screenmed.pl\/sklep\/rafia-hba1c-test\/#primaryimage","url":"https:\/\/screenmed.pl\/wp-content\/uploads\/2020\/09\/HbA1c-RAFIA-45.png","contentUrl":"https:\/\/screenmed.pl\/wp-content\/uploads\/2020\/09\/HbA1c-RAFIA-45.png","width":450,"height":450},{"@type":"BreadcrumbList","@id":"https:\/\/screenmed.pl\/sklep\/rafia-hba1c-test\/#breadcrumb","itemListElement":[{"@type":"ListItem","position":1,"name":"Strona g\u0142\u00f3wna","item":"https:\/\/screenmed.pl\/"},{"@type":"ListItem","position":2,"name":"Shop","item":"https:\/\/screenmed.pl\/en\/shop\/"},{"@type":"ListItem","position":3,"name":"HbA1c FIA Test"}]},{"@type":"WebSite","@id":"https:\/\/screenmed.pl\/#website","url":"https:\/\/screenmed.pl\/","name":"Screenmed","description":"","potentialAction":[{"@type":"SearchAction","target":{"@type":"EntryPoint","urlTemplate":"https:\/\/screenmed.pl\/?s={search_term_string}"},"query-input":{"@type":"PropertyValueSpecification","valueRequired":true,"valueName":"search_term_string"}}],"inLanguage":"en-US"}]}},"_links":{"self":[{"href":"https:\/\/screenmed.pl\/en\/wp-json\/wp\/v2\/product\/9603","targetHints":{"allow":["GET"]}}],"collection":[{"href":"https:\/\/screenmed.pl\/en\/wp-json\/wp\/v2\/product"}],"about":[{"href":"https:\/\/screenmed.pl\/en\/wp-json\/wp\/v2\/types\/product"}],"wp:featuredmedia":[{"embeddable":true,"href":"https:\/\/screenmed.pl\/en\/wp-json\/wp\/v2\/media\/9615"}],"wp:attachment":[{"href":"https:\/\/screenmed.pl\/en\/wp-json\/wp\/v2\/media?parent=9603"}],"wp:term":[{"taxonomy":"product_brand","embeddable":true,"href":"https:\/\/screenmed.pl\/en\/wp-json\/wp\/v2\/product_brand?post=9603"},{"taxonomy":"product_cat","embeddable":true,"href":"https:\/\/screenmed.pl\/en\/wp-json\/wp\/v2\/product_cat?post=9603"},{"taxonomy":"product_tag","embeddable":true,"href":"https:\/\/screenmed.pl\/en\/wp-json\/wp\/v2\/product_tag?post=9603"}],"curies":[{"name":"wp","href":"https:\/\/api.w.org\/{rel}","templated":true}]}}