{"id":9551,"date":"2020-09-08T14:03:45","date_gmt":"2020-09-08T12:03:45","guid":{"rendered":"http:\/\/screenmed.pl\/?post_type=product&#038;p=9551"},"modified":"2021-05-25T10:49:28","modified_gmt":"2021-05-25T08:49:28","slug":"rafia-fsh-test","status":"publish","type":"product","link":"https:\/\/screenmed.pl\/en\/sklep\/rafia-fsh-test\/","title":{"rendered":"FSH FIA Test"},"content":{"rendered":"<div class=\"pdfprnt-buttons pdfprnt-buttons-product pdfprnt-top-right\"><a href=\"https:\/\/screenmed.pl\/en\/wp-json\/wp\/v2\/product\/9551?print=pdf\" class=\"pdfprnt-button pdfprnt-button-pdf\" target=\"_blank\"><img decoding=\"async\" src=\"http:\/\/screenmed.pl\/wp-content\/plugins\/pdf-print\/images\/pdf.png\" alt=\"image_pdf\" title=\"View PDF\" \/><\/a><a href=\"https:\/\/screenmed.pl\/en\/wp-json\/wp\/v2\/product\/9551?print=print\" class=\"pdfprnt-button pdfprnt-button-print\" target=\"_blank\"><img decoding=\"async\" src=\"http:\/\/screenmed.pl\/wp-content\/plugins\/pdf-print\/images\/print.png\" alt=\"image_print\" title=\"Print Content\" \/><\/a><\/div><h3>Test do oznaczania hormonu FSH<\/h3>\n<p>FSH FIA Test to immunofluorescencyjny test s\u0142u\u017c\u0105cy do ilo\u015bciowego wykrywania hormonu FSH (folikulotropina) w ludzkiej surowicy przy u\u017cyciu <span style=\"color: #0000ff;\"><a style=\"color: #0000ff;\" href=\"http:\/\/screenmed.pl\/sklep\/rafia-analizator-immunofluorescencyjny\/\"><u>systemu RaFIA<\/u><\/a><\/span>.<\/p>\n<ul>\n<li>wyniki ilo\u015bciowe<\/li>\n<li>zakres: 0,30-200,00 mIU\/ml<\/li>\n<li>wynik ju\u017c po 20 minutach<\/li>\n<\/ul>\n<p>Test jest przeznaczony wy\u0142\u0105cznie do u\u017cytku\u00a0 profesjonalnego, do diagnostyki in vitro.<\/p>\n<h3>Co to jest FSH?<\/h3>\n<p>FSH (z ang. follicle stimulating hormone) to hormon folikulotropowy odpowiadaj\u0105cy za stymulacje p\u0119cherzyk\u00f3w jajnikowych do produkcji estrogen\u00f3w u kobiet oraz kontrol\u0119 czynno\u015bci j\u0105der u m\u0119\u017cczyzn (stymulacji wzrostu cewek nasiennych).<\/p>\n<h3>Do czego s\u0142u\u017cy badanie FSH<\/h3>\n<p>Badanie poziomu FSH jest wykorzystywane g\u0142\u00f3wnie w diagnostyce zaburze\u0144 hormonalnych oraz chor\u00f3b kobiecych. W niekt\u00f3rych przypadkach badanie to jest stosowane r\u00f3wnie\u017c u m\u0119\u017cczyzn, rzadziej u dzieci. Najcz\u0119stsze zastosowanie badania poziomu FSH to:<\/p>\n<ul>\n<li>niep\u0142odno\u015b\u0107<\/li>\n<li>zaburzenia miesi\u0105czkowania<\/li>\n<li>zaburzenia w okresie menopauzy<\/li>\n<li>zaburzenia w okresie dojrzewania u kobiet<\/li>\n<li>ocena rozwoju plemnik\u00f3w u m\u0119\u017cczyzn<\/li>\n<li>hipogonadyzm u dzieci (niedorozw\u00f3j uk\u0142adu rozrodczego)<\/li>\n<\/ul>\n<h3>Na czym polega badanie poziomu hormonu FSH<\/h3>\n<p>Badanie polega na pobraniu pr\u00f3bki krwi pacjenta i umieszczeniu jej na p\u0142ytce testowej. Nast\u0119pnie umieszczamy p\u0142ytk\u0119 w analizatorze i post\u0119pujemy zgodnie ze wskazaniami.<\/p>\n<p>Pacjent nie musi by\u0107 na czczo lub specjalnie przygotowany do badania. Post\u0119pujemy zgodnie ze standardowymi procedurami jak w ka\u017cdym badaniu POCT\/laboratoryjnym z u\u017cyciem pr\u00f3bek krwi.<\/p>\n<p>Wynik ilo\u015bciowy otrzymujemy ju\u017c po 20 minutach.<\/p>\n<h3>Charakterystyka testu FSH FIA Test<\/h3>\n<p>PRECYZJA<\/p>\n<ul>\n<li>Precyzja wewn\u0105trz partii\n<ul>\n<li>Precyzj\u0119 wewn\u0105trz serii okre\u015blono poprzez testowanie materia\u0142\u00f3w referencyjnych FSH przy u\u017cyciu 10 urz\u0105dze\u0144 testowych z tej samej serii. CV \u2264 15%.<\/li>\n<\/ul>\n<\/li>\n<li>Precyzja mi\u0119dzylaboratoryjna\n<ul>\n<li>Precyzj\u0119 mi\u0119dzy seriami okre\u015blono poprzez testowanie materia\u0142\u00f3w referencyjnych FSH przy u\u017cyciu 30 urz\u0105dze\u0144 testowych z 3 kolejnych losowo wybranych partii (10 urz\u0105dze\u0144 testowych z ka\u017cdej partii). CV \u2264 20%.<\/li>\n<\/ul>\n<\/li>\n<\/ul>\n<p>DOK\u0141ADNO\u015a\u0106<\/p>\n<ul>\n<li>Materia\u0142y kontrolne FSH o trzech r\u00f3\u017cnych st\u0119\u017ceniach by\u0142y testowane przez ka\u017cd\u0105 parti\u0119 urz\u0105dzenia testowego, a odchylenia mie\u015bci\u0142y si\u0119 w zakresie \u00b115%.<\/li>\n<\/ul>\n<p>LINIOWO\u015a\u0106<\/p>\n<ul>\n<li>Badano seryjne st\u0119\u017cenia materia\u0142\u00f3w referencyjnych FSH w zakresie 1,00-200,00 mIU\/mL, a wsp\u00f3\u0142czynnik korelacji (R) wynosi\u0142 \u22650,9900.<\/li>\n<\/ul>\n<p>&nbsp;<\/p>\n","protected":false},"excerpt":{"rendered":"<p>RaFIA FSH Test to test diagnostyczny do ilo\u015bciowego oznaczania hormonu FSH za pomoc\u0105 <a href=\"http:\/\/screenmed.pl\/sklep\/rafia-analizator-immunofluorescencyjny\/\"><u><span style=\"color: #0000ff;\">systemu RaFIA<\/span><\/u><\/a>.<\/p>\n<p>Opakowanie 25 szt.<\/p>\n","protected":false},"featured_media":9617,"template":"","meta":{"_acf_changed":false},"product_brand":[],"product_cat":[386,385,64],"product_tag":[342,341,340],"class_list":{"0":"post-9551","1":"product","2":"type-product","3":"status-publish","4":"has-post-thumbnail","6":"product_cat-endokrynologia","7":"product_cat-ginekologia","8":"product_cat-testy-diagnostyczne","9":"product_tag-badanie-poziomu-fsh","10":"product_tag-oznaczanie-hormonu-fsh","11":"product_tag-test-fsh","12":"product_shipping_class-standard","13":"pa_badana-probka-osocze-surowica","14":"pa_opakowanie-25-szt","15":"pa_przeznaczenie-ginekologia","16":"pa_przeznaczenie-hormony","17":"pa_typ-produktu-testy-diagnostyczne","19":"first","20":"outofstock","21":"shipping-taxable","22":"product-type-simple"},"acf":[],"etheme_brands":{"errors":{"invalid_taxonomy":["Invalid taxonomy."]},"error_data":[]},"yoast_head":"<!-- This site is optimized with the Yoast SEO plugin v24.4 - https:\/\/yoast.com\/wordpress\/plugins\/seo\/ -->\n<title>FSH FIA Test | Screenmed<\/title>\n<meta name=\"description\" content=\"Test RaFIA FHS jest przeznaczony do wykrywania folikulotropiny w ludzkim osoczu. Zaopatrz si\u0119 w profesjonalny sprz\u0119t!\" \/>\n<meta name=\"robots\" content=\"index, follow, max-snippet:-1, max-image-preview:large, max-video-preview:-1\" \/>\n<link rel=\"canonical\" href=\"https:\/\/screenmed.pl\/sklep\/rafia-fsh-test\/\" \/>\n<meta property=\"og:locale\" content=\"en_US\" \/>\n<meta property=\"og:type\" content=\"article\" \/>\n<meta property=\"og:title\" content=\"FSH FIA Test | Screenmed\" \/>\n<meta property=\"og:description\" content=\"Test RaFIA FHS jest przeznaczony do wykrywania folikulotropiny w ludzkim osoczu. Zaopatrz si\u0119 w profesjonalny sprz\u0119t!\" \/>\n<meta property=\"og:url\" content=\"https:\/\/screenmed.pl\/sklep\/rafia-fsh-test\/\" \/>\n<meta property=\"og:site_name\" content=\"Screenmed\" \/>\n<meta property=\"article:modified_time\" content=\"2021-05-25T08:49:28+00:00\" \/>\n<meta property=\"og:image\" content=\"https:\/\/screenmed.pl\/wp-content\/uploads\/2020\/09\/FSH-45.png\" \/>\n\t<meta property=\"og:image:width\" content=\"450\" \/>\n\t<meta property=\"og:image:height\" content=\"450\" \/>\n\t<meta property=\"og:image:type\" content=\"image\/png\" \/>\n<meta name=\"twitter:card\" content=\"summary_large_image\" \/>\n<meta name=\"twitter:label1\" content=\"Est. reading time\" \/>\n\t<meta name=\"twitter:data1\" content=\"2 minutes\" \/>\n<script type=\"application\/ld+json\" class=\"yoast-schema-graph\">{\"@context\":\"https:\/\/schema.org\",\"@graph\":[{\"@type\":\"WebPage\",\"@id\":\"https:\/\/screenmed.pl\/sklep\/rafia-fsh-test\/\",\"url\":\"https:\/\/screenmed.pl\/sklep\/rafia-fsh-test\/\",\"name\":\"FSH FIA Test | Screenmed\",\"isPartOf\":{\"@id\":\"https:\/\/screenmed.pl\/#website\"},\"primaryImageOfPage\":{\"@id\":\"https:\/\/screenmed.pl\/sklep\/rafia-fsh-test\/#primaryimage\"},\"image\":{\"@id\":\"https:\/\/screenmed.pl\/sklep\/rafia-fsh-test\/#primaryimage\"},\"thumbnailUrl\":\"https:\/\/screenmed.pl\/wp-content\/uploads\/2020\/09\/FSH-45.png\",\"datePublished\":\"2020-09-08T12:03:45+00:00\",\"dateModified\":\"2021-05-25T08:49:28+00:00\",\"description\":\"Test RaFIA FHS jest przeznaczony do wykrywania folikulotropiny w ludzkim osoczu. Zaopatrz si\u0119 w profesjonalny sprz\u0119t!\",\"breadcrumb\":{\"@id\":\"https:\/\/screenmed.pl\/sklep\/rafia-fsh-test\/#breadcrumb\"},\"inLanguage\":\"en-US\",\"potentialAction\":[{\"@type\":\"ReadAction\",\"target\":[\"https:\/\/screenmed.pl\/sklep\/rafia-fsh-test\/\"]}]},{\"@type\":\"ImageObject\",\"inLanguage\":\"en-US\",\"@id\":\"https:\/\/screenmed.pl\/sklep\/rafia-fsh-test\/#primaryimage\",\"url\":\"https:\/\/screenmed.pl\/wp-content\/uploads\/2020\/09\/FSH-45.png\",\"contentUrl\":\"https:\/\/screenmed.pl\/wp-content\/uploads\/2020\/09\/FSH-45.png\",\"width\":450,\"height\":450},{\"@type\":\"BreadcrumbList\",\"@id\":\"https:\/\/screenmed.pl\/sklep\/rafia-fsh-test\/#breadcrumb\",\"itemListElement\":[{\"@type\":\"ListItem\",\"position\":1,\"name\":\"Strona g\u0142\u00f3wna\",\"item\":\"https:\/\/screenmed.pl\/\"},{\"@type\":\"ListItem\",\"position\":2,\"name\":\"Shop\",\"item\":\"https:\/\/screenmed.pl\/en\/shop\/\"},{\"@type\":\"ListItem\",\"position\":3,\"name\":\"FSH FIA Test\"}]},{\"@type\":\"WebSite\",\"@id\":\"https:\/\/screenmed.pl\/#website\",\"url\":\"https:\/\/screenmed.pl\/\",\"name\":\"Screenmed\",\"description\":\"\",\"potentialAction\":[{\"@type\":\"SearchAction\",\"target\":{\"@type\":\"EntryPoint\",\"urlTemplate\":\"https:\/\/screenmed.pl\/?s={search_term_string}\"},\"query-input\":{\"@type\":\"PropertyValueSpecification\",\"valueRequired\":true,\"valueName\":\"search_term_string\"}}],\"inLanguage\":\"en-US\"}]}<\/script>\n<!-- \/ Yoast SEO plugin. -->","yoast_head_json":{"title":"FSH FIA Test | Screenmed","description":"Test RaFIA FHS jest przeznaczony do wykrywania folikulotropiny w ludzkim osoczu. Zaopatrz si\u0119 w profesjonalny sprz\u0119t!","robots":{"index":"index","follow":"follow","max-snippet":"max-snippet:-1","max-image-preview":"max-image-preview:large","max-video-preview":"max-video-preview:-1"},"canonical":"https:\/\/screenmed.pl\/sklep\/rafia-fsh-test\/","og_locale":"en_US","og_type":"article","og_title":"FSH FIA Test | Screenmed","og_description":"Test RaFIA FHS jest przeznaczony do wykrywania folikulotropiny w ludzkim osoczu. Zaopatrz si\u0119 w profesjonalny sprz\u0119t!","og_url":"https:\/\/screenmed.pl\/sklep\/rafia-fsh-test\/","og_site_name":"Screenmed","article_modified_time":"2021-05-25T08:49:28+00:00","og_image":[{"width":450,"height":450,"url":"https:\/\/screenmed.pl\/wp-content\/uploads\/2020\/09\/FSH-45.png","type":"image\/png"}],"twitter_card":"summary_large_image","twitter_misc":{"Est. reading time":"2 minutes"},"schema":{"@context":"https:\/\/schema.org","@graph":[{"@type":"WebPage","@id":"https:\/\/screenmed.pl\/sklep\/rafia-fsh-test\/","url":"https:\/\/screenmed.pl\/sklep\/rafia-fsh-test\/","name":"FSH FIA Test | Screenmed","isPartOf":{"@id":"https:\/\/screenmed.pl\/#website"},"primaryImageOfPage":{"@id":"https:\/\/screenmed.pl\/sklep\/rafia-fsh-test\/#primaryimage"},"image":{"@id":"https:\/\/screenmed.pl\/sklep\/rafia-fsh-test\/#primaryimage"},"thumbnailUrl":"https:\/\/screenmed.pl\/wp-content\/uploads\/2020\/09\/FSH-45.png","datePublished":"2020-09-08T12:03:45+00:00","dateModified":"2021-05-25T08:49:28+00:00","description":"Test RaFIA FHS jest przeznaczony do wykrywania folikulotropiny w ludzkim osoczu. Zaopatrz si\u0119 w profesjonalny sprz\u0119t!","breadcrumb":{"@id":"https:\/\/screenmed.pl\/sklep\/rafia-fsh-test\/#breadcrumb"},"inLanguage":"en-US","potentialAction":[{"@type":"ReadAction","target":["https:\/\/screenmed.pl\/sklep\/rafia-fsh-test\/"]}]},{"@type":"ImageObject","inLanguage":"en-US","@id":"https:\/\/screenmed.pl\/sklep\/rafia-fsh-test\/#primaryimage","url":"https:\/\/screenmed.pl\/wp-content\/uploads\/2020\/09\/FSH-45.png","contentUrl":"https:\/\/screenmed.pl\/wp-content\/uploads\/2020\/09\/FSH-45.png","width":450,"height":450},{"@type":"BreadcrumbList","@id":"https:\/\/screenmed.pl\/sklep\/rafia-fsh-test\/#breadcrumb","itemListElement":[{"@type":"ListItem","position":1,"name":"Strona g\u0142\u00f3wna","item":"https:\/\/screenmed.pl\/"},{"@type":"ListItem","position":2,"name":"Shop","item":"https:\/\/screenmed.pl\/en\/shop\/"},{"@type":"ListItem","position":3,"name":"FSH FIA Test"}]},{"@type":"WebSite","@id":"https:\/\/screenmed.pl\/#website","url":"https:\/\/screenmed.pl\/","name":"Screenmed","description":"","potentialAction":[{"@type":"SearchAction","target":{"@type":"EntryPoint","urlTemplate":"https:\/\/screenmed.pl\/?s={search_term_string}"},"query-input":{"@type":"PropertyValueSpecification","valueRequired":true,"valueName":"search_term_string"}}],"inLanguage":"en-US"}]}},"_links":{"self":[{"href":"https:\/\/screenmed.pl\/en\/wp-json\/wp\/v2\/product\/9551","targetHints":{"allow":["GET"]}}],"collection":[{"href":"https:\/\/screenmed.pl\/en\/wp-json\/wp\/v2\/product"}],"about":[{"href":"https:\/\/screenmed.pl\/en\/wp-json\/wp\/v2\/types\/product"}],"wp:featuredmedia":[{"embeddable":true,"href":"https:\/\/screenmed.pl\/en\/wp-json\/wp\/v2\/media\/9617"}],"wp:attachment":[{"href":"https:\/\/screenmed.pl\/en\/wp-json\/wp\/v2\/media?parent=9551"}],"wp:term":[{"taxonomy":"product_brand","embeddable":true,"href":"https:\/\/screenmed.pl\/en\/wp-json\/wp\/v2\/product_brand?post=9551"},{"taxonomy":"product_cat","embeddable":true,"href":"https:\/\/screenmed.pl\/en\/wp-json\/wp\/v2\/product_cat?post=9551"},{"taxonomy":"product_tag","embeddable":true,"href":"https:\/\/screenmed.pl\/en\/wp-json\/wp\/v2\/product_tag?post=9551"}],"curies":[{"name":"wp","href":"https:\/\/api.w.org\/{rel}","templated":true}]}}