{"id":9545,"date":"2020-09-08T12:06:03","date_gmt":"2020-09-08T10:06:03","guid":{"rendered":"http:\/\/screenmed.pl\/?post_type=product&#038;p=9545"},"modified":"2021-05-25T10:50:07","modified_gmt":"2021-05-25T08:50:07","slug":"rafia-d-dimer-test","status":"publish","type":"product","link":"https:\/\/screenmed.pl\/en\/sklep\/rafia-d-dimer-test\/","title":{"rendered":"D-Dimer FIA Test"},"content":{"rendered":"<div class=\"pdfprnt-buttons pdfprnt-buttons-product pdfprnt-top-right\"><a href=\"https:\/\/screenmed.pl\/en\/wp-json\/wp\/v2\/product\/9545?print=pdf\" class=\"pdfprnt-button pdfprnt-button-pdf\" target=\"_blank\"><img decoding=\"async\" src=\"http:\/\/screenmed.pl\/wp-content\/plugins\/pdf-print\/images\/pdf.png\" alt=\"image_pdf\" title=\"View PDF\" \/><\/a><a href=\"https:\/\/screenmed.pl\/en\/wp-json\/wp\/v2\/product\/9545?print=print\" class=\"pdfprnt-button pdfprnt-button-print\" target=\"_blank\"><img decoding=\"async\" src=\"http:\/\/screenmed.pl\/wp-content\/plugins\/pdf-print\/images\/print.png\" alt=\"image_print\" title=\"Print Content\" \/><\/a><\/div><h3>Ilo\u015bciowe oznaczanie poziomu D-Dimer\u00f3w<\/h3>\n<p>Test immunofluorescencyjny D-Dimer FIA Test jest testem s\u0142u\u017c\u0105cym do ilo\u015bciowego oznaczania poziomu D-dimer\u00f3w w ludzkim osoczu lub krwi pe\u0142nej przy u\u017cyciu <span style=\"color: #0000ff;\">systemu RaFIA<\/span>. Test jest przeznaczony wy\u0142\u0105cznie do profesjonalnej\u00a0 diagnostyki in vitro.<\/p>\n<p>D-Dimer jest produktem degradacji specyficznym dla fibrynolizy, wyst\u0119puj\u0105cym w ludzkiej krwi. Normalnie nie jest obecny w ludzkiej krwi, z wyj\u0105tkiem sytuacji, gdy uk\u0142ad krzepni\u0119cia zosta\u0142 aktywowany, na przyk\u0142ad z powodu obecno\u015bci zakrzepicy lub rozsianego wykrzepiania wewn\u0105trznaczyniowego. Dlatego D-Dimer jest powszechnie stosowany w celu wykluczenia choroby zakrzepowo-zatorowej, gdy prawdopodobie\u0144stwo jej wyst\u0105pienia jest niskie. Podczas gdy wynik ujemny mo\u017ce wykluczy\u0107 zakrzepic\u0119, wynik dodatni mo\u017ce wskazywa\u0107 na zakrzepic\u0119, ale nie wyklucza innych potencjalnych przyczyn. Ponadto D-Dimer mo\u017ce by\u0107 wykorzystywany w diagnostyce zaburze\u0144 krwi rozprzestrzeniaj\u0105cych si\u0119 drog\u0105 krzepni\u0119cia wewn\u0105trznaczyniowego. Zawa\u0142 mi\u0119\u015bnia sercowego, zatorowo\u015b\u0107 p\u0142ucna, zakrzepica \u017cylna, zabiegi chirurgiczne, nowotwory, rozsiane wykrzepianie wewn\u0105trznaczyniowe, zaka\u017cenia i martwica tkanek mog\u0105 prowadzi\u0107 do podwy\u017cszonego st\u0119\u017cenia D-Dimer\u00f3w. Zwi\u0119kszone st\u0119\u017cenie D-Dimer\u00f3w mo\u017ce by\u0107 r\u00f3wnie\u017c obserwowane u os\u00f3b w podesz\u0142ym wieku lub hospitalizowanych pacjent\u00f3w z zaburzeniami krzepni\u0119cia spowodowanymi bakteriemi\u0105.<\/p>\n<p>Test D-Dimer FIA zosta\u0142 opracowany do wykrywania D-Dimeru w ludzkim osoczu lub krwi pe\u0142nej w ci\u0105gu 3 minut, bez konieczno\u015bci u\u017cycia sprz\u0119tu laboratoryjnego.<\/p>\n<h3>Charakterystyka testu D-Dimer FIA Test:<\/h3>\n<ul>\n<li>Wyniki ilo\u015bciowe<\/li>\n<li>Zwi\u0119kszona czu\u0142o\u015b\u0107 i szerszy zakres wykrywania w por\u00f3wnaniu z manualnymi szybkimi testami<\/li>\n<\/ul>\n<p>ZAKRESY<\/p>\n<ul>\n<li>Zakres roboczy: 0,1-10,0 mg\/L<\/li>\n<\/ul>\n<p>PRECYZJA<\/p>\n<ul>\n<li>Precyzja wewn\u0105trz partii\n<ul>\n<li>Precyzj\u0119 wewn\u0105trzseryjn\u0105 okre\u015blono na podstawie badania materia\u0142\u00f3w referencyjnych D-Dimeru przy u\u017cyciu 10 urz\u0105dze\u0144 testowych z tej samej partii. CV \u2264 15%.<\/li>\n<\/ul>\n<\/li>\n<li>Precyzja mi\u0119dzylaboratoryjna\n<ul>\n<li>Precyzj\u0119 mi\u0119dzy seriami okre\u015blono poprzez badanie materia\u0142\u00f3w referencyjnych D-Dimeru przy u\u017cyciu 30 urz\u0105dze\u0144 testowych z 3 kolejnych losowo wybranych partii (10 urz\u0105dze\u0144 testowych z ka\u017cdej partii). CV \u2264 15%.<\/li>\n<\/ul>\n<\/li>\n<\/ul>\n<p>DOK\u0141ADNO\u015a\u0106<\/p>\n<p>Materia\u0142y kontrolne D-Dimeru o trzech r\u00f3\u017cnych st\u0119\u017ceniach zosta\u0142y przebadane przy u\u017cyciu ka\u017cdej partii urz\u0105dzenia testowego, a odchylenia mie\u015bci\u0142y si\u0119 w zakresie \u00b115%.<\/p>\n<p>LINIOWO\u015a\u0106<\/p>\n<ul>\n<li>Zbadano seryjne st\u0119\u017cenie materia\u0142\u00f3w referencyjnych D-Dimeru w zakresie 0,1-10,0 mg\/l, a wsp\u00f3\u0142czynnik korelacji (R) wynosi \u22650,9900.<\/li>\n<\/ul>\n<p>&nbsp;<\/p>\n","protected":false},"excerpt":{"rendered":"<p>Test immunofluorescencyjny D-Dimer FIA Test s\u0142u\u017cy do ilo\u015bciowego oznaczania poziomu D-dimer\u00f3w w ludzkim osoczu lub krwi pe\u0142nej przy u\u017cyciu <span style=\"color: #0000ff;\"><a style=\"color: #0000ff;\" href=\"http:\/\/screenmed.pl\/sklep\/rafia-analizator-immunofluorescencyjny\/\">systemu RaFIA<\/a><\/span>.<\/p>\n<p>Opakowanie 25 szt.<\/p>\n","protected":false},"featured_media":9621,"template":"","meta":{"_acf_changed":false},"product_brand":[],"product_cat":[388,390,64],"product_tag":[320,321],"class_list":{"0":"post-9545","1":"product","2":"type-product","3":"status-publish","4":"has-post-thumbnail","6":"product_cat-kardiologia","7":"product_cat-medycyna-rodzinna","8":"product_cat-testy-diagnostyczne","9":"product_tag-immunofluorescencyjny-test-d-dimer","10":"product_tag-szybki-test-do-badania-poziomu-d-dimerow","11":"product_shipping_class-standard","12":"pa_badana-probka-osocze-surowica","13":"pa_opakowanie-25-szt","14":"pa_przeznaczenie-markery-sercowo-naczyniowe","15":"pa_typ-produktu-testy-diagnostyczne","17":"first","18":"outofstock","19":"shipping-taxable","20":"product-type-simple"},"acf":[],"etheme_brands":{"errors":{"invalid_taxonomy":["Invalid taxonomy."]},"error_data":[]},"yoast_head":"<!-- This site is optimized with the Yoast SEO plugin v24.4 - https:\/\/yoast.com\/wordpress\/plugins\/seo\/ -->\n<title>D-Dimer FIA Test | Screenmed<\/title>\n<meta name=\"description\" content=\"Test immunofluorescencyjny RaFIA D-Dimer jest pomocny w celu wykluczenia choroby zakrzepowo-zatorowej. Czytaj wi\u0119cej o produkcie!\" \/>\n<meta name=\"robots\" content=\"index, follow, max-snippet:-1, max-image-preview:large, max-video-preview:-1\" \/>\n<link rel=\"canonical\" href=\"https:\/\/screenmed.pl\/sklep\/rafia-d-dimer-test\/\" \/>\n<meta property=\"og:locale\" content=\"en_US\" \/>\n<meta property=\"og:type\" content=\"article\" \/>\n<meta property=\"og:title\" content=\"D-Dimer FIA Test | Screenmed\" \/>\n<meta property=\"og:description\" content=\"Test immunofluorescencyjny RaFIA D-Dimer jest pomocny w celu wykluczenia choroby zakrzepowo-zatorowej. Czytaj wi\u0119cej o produkcie!\" \/>\n<meta property=\"og:url\" content=\"https:\/\/screenmed.pl\/sklep\/rafia-d-dimer-test\/\" \/>\n<meta property=\"og:site_name\" content=\"Screenmed\" \/>\n<meta property=\"article:modified_time\" content=\"2021-05-25T08:50:07+00:00\" \/>\n<meta property=\"og:image\" content=\"https:\/\/screenmed.pl\/wp-content\/uploads\/2020\/09\/D-Dimer-45.png\" \/>\n\t<meta property=\"og:image:width\" content=\"450\" \/>\n\t<meta property=\"og:image:height\" content=\"450\" \/>\n\t<meta property=\"og:image:type\" content=\"image\/png\" \/>\n<meta name=\"twitter:card\" content=\"summary_large_image\" \/>\n<meta name=\"twitter:label1\" content=\"Est. reading time\" \/>\n\t<meta name=\"twitter:data1\" content=\"2 minutes\" \/>\n<script type=\"application\/ld+json\" class=\"yoast-schema-graph\">{\"@context\":\"https:\/\/schema.org\",\"@graph\":[{\"@type\":\"WebPage\",\"@id\":\"https:\/\/screenmed.pl\/sklep\/rafia-d-dimer-test\/\",\"url\":\"https:\/\/screenmed.pl\/sklep\/rafia-d-dimer-test\/\",\"name\":\"D-Dimer FIA Test | Screenmed\",\"isPartOf\":{\"@id\":\"https:\/\/screenmed.pl\/#website\"},\"primaryImageOfPage\":{\"@id\":\"https:\/\/screenmed.pl\/sklep\/rafia-d-dimer-test\/#primaryimage\"},\"image\":{\"@id\":\"https:\/\/screenmed.pl\/sklep\/rafia-d-dimer-test\/#primaryimage\"},\"thumbnailUrl\":\"https:\/\/screenmed.pl\/wp-content\/uploads\/2020\/09\/D-Dimer-45.png\",\"datePublished\":\"2020-09-08T10:06:03+00:00\",\"dateModified\":\"2021-05-25T08:50:07+00:00\",\"description\":\"Test immunofluorescencyjny RaFIA D-Dimer jest pomocny w celu wykluczenia choroby zakrzepowo-zatorowej. Czytaj wi\u0119cej o produkcie!\",\"breadcrumb\":{\"@id\":\"https:\/\/screenmed.pl\/sklep\/rafia-d-dimer-test\/#breadcrumb\"},\"inLanguage\":\"en-US\",\"potentialAction\":[{\"@type\":\"ReadAction\",\"target\":[\"https:\/\/screenmed.pl\/sklep\/rafia-d-dimer-test\/\"]}]},{\"@type\":\"ImageObject\",\"inLanguage\":\"en-US\",\"@id\":\"https:\/\/screenmed.pl\/sklep\/rafia-d-dimer-test\/#primaryimage\",\"url\":\"https:\/\/screenmed.pl\/wp-content\/uploads\/2020\/09\/D-Dimer-45.png\",\"contentUrl\":\"https:\/\/screenmed.pl\/wp-content\/uploads\/2020\/09\/D-Dimer-45.png\",\"width\":450,\"height\":450},{\"@type\":\"BreadcrumbList\",\"@id\":\"https:\/\/screenmed.pl\/sklep\/rafia-d-dimer-test\/#breadcrumb\",\"itemListElement\":[{\"@type\":\"ListItem\",\"position\":1,\"name\":\"Strona g\u0142\u00f3wna\",\"item\":\"https:\/\/screenmed.pl\/\"},{\"@type\":\"ListItem\",\"position\":2,\"name\":\"Shop\",\"item\":\"https:\/\/screenmed.pl\/en\/shop\/\"},{\"@type\":\"ListItem\",\"position\":3,\"name\":\"D-Dimer FIA Test\"}]},{\"@type\":\"WebSite\",\"@id\":\"https:\/\/screenmed.pl\/#website\",\"url\":\"https:\/\/screenmed.pl\/\",\"name\":\"Screenmed\",\"description\":\"\",\"potentialAction\":[{\"@type\":\"SearchAction\",\"target\":{\"@type\":\"EntryPoint\",\"urlTemplate\":\"https:\/\/screenmed.pl\/?s={search_term_string}\"},\"query-input\":{\"@type\":\"PropertyValueSpecification\",\"valueRequired\":true,\"valueName\":\"search_term_string\"}}],\"inLanguage\":\"en-US\"}]}<\/script>\n<!-- \/ Yoast SEO plugin. -->","yoast_head_json":{"title":"D-Dimer FIA Test | Screenmed","description":"Test immunofluorescencyjny RaFIA D-Dimer jest pomocny w celu wykluczenia choroby zakrzepowo-zatorowej. Czytaj wi\u0119cej o produkcie!","robots":{"index":"index","follow":"follow","max-snippet":"max-snippet:-1","max-image-preview":"max-image-preview:large","max-video-preview":"max-video-preview:-1"},"canonical":"https:\/\/screenmed.pl\/sklep\/rafia-d-dimer-test\/","og_locale":"en_US","og_type":"article","og_title":"D-Dimer FIA Test | Screenmed","og_description":"Test immunofluorescencyjny RaFIA D-Dimer jest pomocny w celu wykluczenia choroby zakrzepowo-zatorowej. Czytaj wi\u0119cej o produkcie!","og_url":"https:\/\/screenmed.pl\/sklep\/rafia-d-dimer-test\/","og_site_name":"Screenmed","article_modified_time":"2021-05-25T08:50:07+00:00","og_image":[{"width":450,"height":450,"url":"https:\/\/screenmed.pl\/wp-content\/uploads\/2020\/09\/D-Dimer-45.png","type":"image\/png"}],"twitter_card":"summary_large_image","twitter_misc":{"Est. reading time":"2 minutes"},"schema":{"@context":"https:\/\/schema.org","@graph":[{"@type":"WebPage","@id":"https:\/\/screenmed.pl\/sklep\/rafia-d-dimer-test\/","url":"https:\/\/screenmed.pl\/sklep\/rafia-d-dimer-test\/","name":"D-Dimer FIA Test | Screenmed","isPartOf":{"@id":"https:\/\/screenmed.pl\/#website"},"primaryImageOfPage":{"@id":"https:\/\/screenmed.pl\/sklep\/rafia-d-dimer-test\/#primaryimage"},"image":{"@id":"https:\/\/screenmed.pl\/sklep\/rafia-d-dimer-test\/#primaryimage"},"thumbnailUrl":"https:\/\/screenmed.pl\/wp-content\/uploads\/2020\/09\/D-Dimer-45.png","datePublished":"2020-09-08T10:06:03+00:00","dateModified":"2021-05-25T08:50:07+00:00","description":"Test immunofluorescencyjny RaFIA D-Dimer jest pomocny w celu wykluczenia choroby zakrzepowo-zatorowej. Czytaj wi\u0119cej o produkcie!","breadcrumb":{"@id":"https:\/\/screenmed.pl\/sklep\/rafia-d-dimer-test\/#breadcrumb"},"inLanguage":"en-US","potentialAction":[{"@type":"ReadAction","target":["https:\/\/screenmed.pl\/sklep\/rafia-d-dimer-test\/"]}]},{"@type":"ImageObject","inLanguage":"en-US","@id":"https:\/\/screenmed.pl\/sklep\/rafia-d-dimer-test\/#primaryimage","url":"https:\/\/screenmed.pl\/wp-content\/uploads\/2020\/09\/D-Dimer-45.png","contentUrl":"https:\/\/screenmed.pl\/wp-content\/uploads\/2020\/09\/D-Dimer-45.png","width":450,"height":450},{"@type":"BreadcrumbList","@id":"https:\/\/screenmed.pl\/sklep\/rafia-d-dimer-test\/#breadcrumb","itemListElement":[{"@type":"ListItem","position":1,"name":"Strona g\u0142\u00f3wna","item":"https:\/\/screenmed.pl\/"},{"@type":"ListItem","position":2,"name":"Shop","item":"https:\/\/screenmed.pl\/en\/shop\/"},{"@type":"ListItem","position":3,"name":"D-Dimer FIA Test"}]},{"@type":"WebSite","@id":"https:\/\/screenmed.pl\/#website","url":"https:\/\/screenmed.pl\/","name":"Screenmed","description":"","potentialAction":[{"@type":"SearchAction","target":{"@type":"EntryPoint","urlTemplate":"https:\/\/screenmed.pl\/?s={search_term_string}"},"query-input":{"@type":"PropertyValueSpecification","valueRequired":true,"valueName":"search_term_string"}}],"inLanguage":"en-US"}]}},"_links":{"self":[{"href":"https:\/\/screenmed.pl\/en\/wp-json\/wp\/v2\/product\/9545","targetHints":{"allow":["GET"]}}],"collection":[{"href":"https:\/\/screenmed.pl\/en\/wp-json\/wp\/v2\/product"}],"about":[{"href":"https:\/\/screenmed.pl\/en\/wp-json\/wp\/v2\/types\/product"}],"wp:featuredmedia":[{"embeddable":true,"href":"https:\/\/screenmed.pl\/en\/wp-json\/wp\/v2\/media\/9621"}],"wp:attachment":[{"href":"https:\/\/screenmed.pl\/en\/wp-json\/wp\/v2\/media?parent=9545"}],"wp:term":[{"taxonomy":"product_brand","embeddable":true,"href":"https:\/\/screenmed.pl\/en\/wp-json\/wp\/v2\/product_brand?post=9545"},{"taxonomy":"product_cat","embeddable":true,"href":"https:\/\/screenmed.pl\/en\/wp-json\/wp\/v2\/product_cat?post=9545"},{"taxonomy":"product_tag","embeddable":true,"href":"https:\/\/screenmed.pl\/en\/wp-json\/wp\/v2\/product_tag?post=9545"}],"curies":[{"name":"wp","href":"https:\/\/api.w.org\/{rel}","templated":true}]}}