{"id":8630,"date":"2020-06-01T13:11:30","date_gmt":"2020-06-01T11:11:30","guid":{"rendered":"http:\/\/screenmed.pl\/sklep\/tak-publish-uwaga-test-cube-s\/"},"modified":"2022-08-01T11:06:47","modified_gmt":"2022-08-01T09:06:47","slug":"cube-s","status":"publish","type":"product","link":"https:\/\/screenmed.pl\/en\/sklep\/cube-s\/","title":{"rendered":"CUBE S &#8211; mini analizator medyczny"},"content":{"rendered":"<div class=\"pdfprnt-buttons pdfprnt-buttons-product pdfprnt-top-right\"><a href=\"https:\/\/screenmed.pl\/en\/wp-json\/wp\/v2\/product\/8630?print=pdf\" class=\"pdfprnt-button pdfprnt-button-pdf\" target=\"_blank\"><img decoding=\"async\" src=\"http:\/\/screenmed.pl\/wp-content\/plugins\/pdf-print\/images\/pdf.png\" alt=\"image_pdf\" title=\"View PDF\" \/><\/a><a href=\"https:\/\/screenmed.pl\/en\/wp-json\/wp\/v2\/product\/8630?print=print\" class=\"pdfprnt-button pdfprnt-button-print\" target=\"_blank\"><img decoding=\"async\" src=\"http:\/\/screenmed.pl\/wp-content\/plugins\/pdf-print\/images\/print.png\" alt=\"image_print\" title=\"Print Content\" \/><\/a><\/div><h3>Mini analizator medyczny<\/h3>\n<p>CUBE-S to niewielki, \u0142atwy w obs\u0142udze analizator, przeznaczony do natychmiastowych bada\u0144 w miejscu pobrania (POC), zapewniaj\u0105cy szybkie i precyzyjne wyniki dla wielu parametr\u00f3w.<\/p>\n<p>Aparat jest szczeg\u00f3lnie interesuj\u0105cy dla lekarzy specjalist\u00f3w, kt\u00f3rzy chc\u0105 uzyska\u0107 wyniki bada\u0144 w ci\u0105gu kilku minut, a nie godzin, czy nawet dni. Urz\u0105dzenie pozwala lekarzowi na postawienie pacjentowi natychmiastowej diagnozy podczas jednej wizyty oraz u\u0142atwia natychmiastowe i precyzyjne zarz\u0105dzanie trwaj\u0105c\u0105 ju\u017c terapi\u0105.<\/p>\n<p>Ma\u0142e rozmiary urz\u0105dzenia pozwalaj\u0105 umie\u015bci\u0107 je nawet w niewielkich pomieszczeniach gabinetowych lub laboratoryjnych. \u0141atwo\u015b\u0107 wykonania badania i szybki dost\u0119p do dok\u0142adnych, ilo\u015bciowych wynik\u00f3w czyni\u0105 z CUBE S niezwykle przydatne narz\u0119dzie w codziennej pracy plac\u00f3wek medycznych i laboratori\u00f3w.<\/p>\n<h3>Parametry techniczne analizatora CUBE S<\/h3>\n<p><strong>Bezobs\u0142ugowy system pomiarowy<\/strong><\/p>\n<ul>\n<li>W pe\u0142ni zautomatyzowana analiza<\/li>\n<li>Niezawodny system kasetowy<\/li>\n<li>Zintegrowany automatyczny test kontrolny QC (ang. Quality control)<\/li>\n<\/ul>\n<p><strong>\u00a0Interfejs analizatora<\/strong><\/p>\n<ul>\n<li>Obs\u0142uga oparta na aplikacji Android (tablet dotykowy)<\/li>\n<li>Szybkie wprowadzanie danych za pomoc\u0105 piktogram\u00f3w (ikony)<\/li>\n<li>Najnowsza technologia transferu danych dla us\u0142ug e-zdrowia<\/li>\n<li>Opcja wiadomo\u015bci i informacji zwrotnej za naci\u015bni\u0119ciem jednego przycisku<\/li>\n<li>Po\u0142\u0105czenie Bluetooth, USB, Wi-Fi<\/li>\n<li>Transfer danych do drukarki lub komputera<\/li>\n<\/ul>\n<p><strong>\u00a0Technologia RFID<\/strong><\/p>\n<ul>\n<li>Wst\u0119pnie ustawiona krzywa kalibracji<\/li>\n<li>Identyfikuje dat\u0119 wa\u017cno\u015bci partii<\/li>\n<li>Identyfikuje pozosta\u0142\u0105 liczb\u0119 test\u00f3w<\/li>\n<\/ul>\n<p><strong>Specyfikacja:<\/strong><\/p>\n<ul>\n<li>Waga: 2,4 kg<\/li>\n<li>Wymiary: 16 x 13 x 14,5 cm<\/li>\n<li>Zgodno\u015b\u0107 CE<\/li>\n<\/ul>\n<p><strong>Opcje urz\u0105dze\u0144 dodatkowych:<\/strong><\/p>\n<ul>\n<li>Zewn\u0119trzna drukarka Bluetooth<\/li>\n<li>Drukarka termiczna (zalecana Seiko DPU-414)<\/li>\n<li>Czytnik kod\u00f3w kreskowych<\/li>\n<li>Mo\u017cliwo\u015b\u0107 pod\u0142\u0105czenia do PC, HIS lub LIM poprzez Bluetooth lub USB<\/li>\n<\/ul>\n<h3>Pomiar CRP za pomoc\u0105 CUBE S: automatyczna korekta warto\u015bci hematokrytu<\/h3>\n<p>CUBE-S zosta\u0142 zaprojektowany tak, aby automatycznie uwzgl\u0119dnia\u0142 indywidualne warto\u015bci hematokrytu pacjenta podczas obliczania warto\u015bci CRP (bia\u0142ka C-reaktywnego) &#8211; dzi\u0119ki czemu wyniki pomiar\u00f3w z krwi pe\u0142nej s\u0105 jeszcze dok\u0142adniejsze.<\/p>\n<h3>CUBE S &#8211; dost\u0119pne badania:<\/h3>\n<table class=\" alignleft\" style=\"width: 620px;\" width=\"620\">\n<tbody>\n<tr>\n<td style=\"width: 136px;\"><strong>Parametr<\/strong><\/td>\n<td style=\"width: 195.2px;\"><strong>Zastosowanie<\/strong><\/td>\n<td style=\"width: 176.8px;\"><strong>Pr\u00f3bka<\/strong><\/td>\n<td style=\"width: 86.4px;\"><strong>Wielko\u015b\u0107 pr\u00f3bki<\/strong><\/td>\n<\/tr>\n<tr>\n<td style=\"width: 136px;\"><span style=\"color: #3366ff;\"><a style=\"color: #3366ff;\" href=\"http:\/\/screenmed.pl\/sklep\/cube-s-aso-test\/\"><strong>ASO<\/strong><\/a><\/span><\/td>\n<td style=\"width: 195.2px;\">Diagnostyka zaka\u017ce\u0144<\/td>\n<td style=\"width: 176.8px;\">Krew pe\u0142na\u00a0\/ Surowica<\/td>\n<td style=\"width: 86.4px;\">5 \u00b5l<\/td>\n<\/tr>\n<tr>\n<td style=\"width: 136px;\"><span style=\"color: #3366ff;\"><a style=\"color: #3366ff;\" href=\"http:\/\/screenmed.pl\/sklep\/cube-s-crp-test\/\"><strong>CRP<\/strong><\/a><\/span><\/td>\n<td style=\"width: 195.2px;\">Stany zapalne<\/td>\n<td style=\"width: 176.8px;\">Krew pe\u0142na\u00a0 \/ Surowica<\/td>\n<td style=\"width: 86.4px;\">5 \u00b5l<\/td>\n<\/tr>\n<tr>\n<td style=\"width: 136px;\"><span style=\"color: #3366ff;\"><a style=\"color: #3366ff;\" href=\"http:\/\/screenmed.pl\/sklep\/cube-s-hscrp-test\/\"><strong>hsCRP<\/strong><\/a><\/span><\/td>\n<td style=\"width: 195.2px;\">Ryzyko kardiologiczne<\/td>\n<td style=\"width: 176.8px;\">Krew pe\u0142na\u00a0 \/ Surowica<\/td>\n<td style=\"width: 86.4px;\">20 \u00b5l<\/td>\n<\/tr>\n<tr>\n<td style=\"width: 136px;\"><span style=\"color: #3366ff;\"><a style=\"color: #3366ff;\" href=\"http:\/\/screenmed.pl\/sklep\/cube-s-cystatin-c-gfr-test\/\"><strong>Cystatyna C (GFR)<\/strong><\/a><\/span><\/td>\n<td style=\"width: 195.2px;\">Monitorowanie funkcjonowania nerek<\/td>\n<td style=\"width: 176.8px;\">Krew pe\u0142na\u00a0 \/ Surowica<\/td>\n<td style=\"width: 86.4px;\">20 \u00b5l<\/td>\n<\/tr>\n<tr>\n<td style=\"width: 136px;\"><span style=\"color: #3366ff;\"><a style=\"color: #3366ff;\" href=\"http:\/\/screenmed.pl\/sklep\/cube-s-hba1c-test\/\"><strong>HbA1c<\/strong><\/a><\/span><\/td>\n<td style=\"width: 195.2px;\">Monitorowanie cukrzycy<\/td>\n<td style=\"width: 176.8px;\">Krew pe\u0142na<\/td>\n<td style=\"width: 86.4px;\">10 \u00b5l<\/td>\n<\/tr>\n<tr>\n<td style=\"width: 136px;\"><span style=\"color: #3366ff;\"><a style=\"color: #3366ff;\" href=\"http:\/\/screenmed.pl\/sklep\/cube-s-pt-inr-test\/\"><strong>PT (INR)<\/strong><\/a><\/span><\/td>\n<td style=\"width: 195.2px;\">Monitorowanie krzepliwo\u015bci krwi<\/td>\n<td style=\"width: 176.8px;\">Krew pe\u0142na<\/td>\n<td style=\"width: 86.4px;\">20 \u00b5l<\/td>\n<\/tr>\n<tr>\n<td style=\"width: 136px;\"><span style=\"color: #3366ff;\"><a style=\"color: #3366ff;\" href=\"http:\/\/screenmed.pl\/sklep\/cube-s-psa-test\/\"><strong>PSA<\/strong><\/a><\/span><\/td>\n<td style=\"width: 195.2px;\">Badanie przesiewowe w kierunku raka gruczo\u0142u krokowego<\/td>\n<td style=\"width: 176.8px;\">Krew pe\u0142na\u00a0 \/ Surowica<\/td>\n<td style=\"width: 86.4px;\">50 \u00b5l<\/td>\n<\/tr>\n<tr>\n<td style=\"width: 136px;\"><span style=\"color: #3366ff;\"><a style=\"color: #3366ff;\" href=\"http:\/\/screenmed.pl\/sklep\/cube-s-d-dimer-test\/\"><strong>D-Dimer<\/strong><\/a><\/span><\/td>\n<td style=\"width: 195.2px;\">Diagnostyka \u00a0\u017cylnej choroby zakrzepowo-zatorowej (VTE)<\/td>\n<td style=\"width: 176.8px;\">Osocze<\/td>\n<td style=\"width: 86.4px;\">20 \u00b5l<\/td>\n<\/tr>\n<tr>\n<td style=\"width: 136px;\"><span style=\"color: #3366ff;\"><a style=\"color: #3366ff;\" href=\"http:\/\/screenmed.pl\/sklep\/cube-s-ferritin-test\/\"><strong>Ferrytyna<\/strong><\/a><\/span><\/td>\n<td style=\"width: 195.2px;\">Zaburzenia niedoboru \u017celaza<\/td>\n<td style=\"width: 176.8px;\">Surowica<\/td>\n<td style=\"width: 86.4px;\">50 \u00b5l<\/td>\n<\/tr>\n<tr>\n<td style=\"width: 136px;\"><span style=\"color: #3366ff;\"><a style=\"color: #3366ff;\" href=\"http:\/\/screenmed.pl\/sklep\/cube-s-ifob-test\/\"><strong>iFOB<\/strong><\/a><\/span><\/td>\n<td style=\"width: 195.2px;\">Badanie przesiewowe w kierunku raka jelita grubego<\/td>\n<td style=\"width: 176.8px;\">Ka\u0142<\/td>\n<td style=\"width: 86.4px;\">40 \u00b5l<\/td>\n<\/tr>\n<tr>\n<td style=\"width: 136px;\"><span style=\"color: #3366ff;\"><a style=\"color: #3366ff;\" href=\"http:\/\/screenmed.pl\/sklep\/cube-s-lipoprotein-a-test\/\"><strong>Lipoproteina\u00a0(a)<\/strong><\/a><\/span><\/td>\n<td style=\"width: 195.2px;\">Szacowanie wyst\u0105pienia ryzyka kardiologicznego<\/td>\n<td style=\"width: 176.8px;\">Surowica \/ Osocze<\/td>\n<td style=\"width: 86.4px;\">10 \u00b5l<\/td>\n<\/tr>\n<tr>\n<td style=\"width: 136px;\"><span style=\"color: #3366ff;\"><a style=\"color: #3366ff;\" href=\"http:\/\/screenmed.pl\/sklep\/cube-s-troponin-i-test\/\"><strong>Troponina\u00a0I<\/strong><\/a><\/span><\/td>\n<td style=\"width: 195.2px;\">Diagnostyka zawa\u0142u mi\u0119\u015bnia sercowego<\/td>\n<td style=\"width: 176.8px;\">Surowica<\/td>\n<td style=\"width: 86.4px;\">50 \u00b5l<\/td>\n<\/tr>\n<\/tbody>\n<\/table>\n<p>&nbsp;<\/p>\n<p>&nbsp;<\/p>\n<p>&nbsp;<\/p>\n<p>&nbsp;<\/p>\n<p>&nbsp;<\/p>\n<p>&nbsp;<\/p>\n<p>&nbsp;<\/p>\n<p>&nbsp;<\/p>\n<p>&nbsp;<\/p>\n<p>&nbsp;<\/p>\n<p>&nbsp;<\/p>\n<p>&nbsp;<\/p>\n<p>&nbsp;<\/p>\n<p>&nbsp;<\/p>\n<p>&nbsp;<\/p>\n<p>&nbsp;<\/p>\n<p>&nbsp;<\/p>\n<p>&nbsp;<\/p>\n<p>&nbsp;<\/p>\n<p>&nbsp;<\/p>\n<p>&nbsp;<\/p>\n<p style=\"text-align: center;\"><iframe loading=\"lazy\" src=\"https:\/\/www.youtube.com\/embed\/fRAtFUvl5BM\" width=\"640\" height=\"360\" frameborder=\"0\" allowfullscreen=\"allowfullscreen\"><\/iframe><\/p>\n<p>&nbsp;<\/p>\n","protected":false},"excerpt":{"rendered":"<p>CUBE S to mini analizator diagnostyczny do szybkiej i dok\u0142adnej analizy ilo\u015bciowej CRP, Cystatyny, Troponiny, PT INR i innych parametr\u00f3w bezpo\u015brednio w miejscu pobrania.<\/p>\n<p><span style=\"color: #808080;\">Cena &#8211;\u00a0 <span style=\"color: #3366ff;\"><a style=\"color: #3366ff;\" href=\"http:\/\/screenmed.pl\/kontakt\/\">zapytaj o cen\u0119<\/a><\/span><\/span><\/p>\n","protected":false},"featured_media":8929,"template":"","meta":{"_acf_changed":false},"product_brand":[],"product_cat":[71,392],"product_tag":[314,313,306,315],"class_list":{"0":"post-8630","1":"product","2":"type-product","3":"status-publish","4":"has-post-thumbnail","6":"product_cat-analizatory","7":"product_cat-analizatory-point-of-care","8":"product_tag-analizator-crp","9":"product_tag-analizator-medyczny","10":"product_tag-analizator-point-of-care","11":"product_tag-mini-analizator-do-gabinetu","12":"product_shipping_class-standard","13":"pa_przeznaczenie-analizatory-point-of-care","14":"pa_typ-produktu-analizatory","16":"first","17":"onbackorder","18":"product-type-simple"},"acf":[],"etheme_brands":{"errors":{"invalid_taxonomy":["Invalid taxonomy."]},"error_data":[]},"yoast_head":"<!-- This site is optimized with the Yoast SEO plugin v24.4 - https:\/\/yoast.com\/wordpress\/plugins\/seo\/ -->\n<title>CUBE S - mini analizator medyczny | Screenmed<\/title>\n<meta name=\"description\" content=\"CUBE S to niewielki analizator medyczny POC do szybkiej i dok\u0142adnej analizy ilo\u015bciowej CRP, troponiny, cystatyny itp. Zam\u00f3w na screenmed.pl!\" \/>\n<meta name=\"robots\" content=\"index, follow, max-snippet:-1, max-image-preview:large, max-video-preview:-1\" \/>\n<link rel=\"canonical\" href=\"https:\/\/screenmed.pl\/sklep\/cube-s\/\" \/>\n<meta property=\"og:locale\" content=\"en_US\" \/>\n<meta property=\"og:type\" content=\"article\" \/>\n<meta property=\"og:title\" content=\"CUBE S - mini analizator medyczny | Screenmed\" \/>\n<meta property=\"og:description\" content=\"CUBE S to niewielki analizator medyczny POC do szybkiej i dok\u0142adnej analizy ilo\u015bciowej CRP, troponiny, cystatyny itp. Zam\u00f3w na screenmed.pl!\" \/>\n<meta property=\"og:url\" content=\"https:\/\/screenmed.pl\/sklep\/cube-s\/\" \/>\n<meta property=\"og:site_name\" content=\"Screenmed\" \/>\n<meta property=\"article:modified_time\" content=\"2022-08-01T09:06:47+00:00\" \/>\n<meta property=\"og:image\" content=\"https:\/\/screenmed.pl\/wp-content\/uploads\/2020\/06\/CUBE-S-19.jpg\" \/>\n\t<meta property=\"og:image:width\" content=\"900\" \/>\n\t<meta property=\"og:image:height\" content=\"900\" \/>\n\t<meta property=\"og:image:type\" content=\"image\/jpeg\" \/>\n<meta name=\"twitter:card\" content=\"summary_large_image\" \/>\n<meta name=\"twitter:label1\" content=\"Est. reading time\" \/>\n\t<meta name=\"twitter:data1\" content=\"2 minutes\" \/>\n<script type=\"application\/ld+json\" class=\"yoast-schema-graph\">{\"@context\":\"https:\/\/schema.org\",\"@graph\":[{\"@type\":\"WebPage\",\"@id\":\"https:\/\/screenmed.pl\/sklep\/cube-s\/\",\"url\":\"https:\/\/screenmed.pl\/sklep\/cube-s\/\",\"name\":\"CUBE S - mini analizator medyczny | Screenmed\",\"isPartOf\":{\"@id\":\"https:\/\/screenmed.pl\/#website\"},\"primaryImageOfPage\":{\"@id\":\"https:\/\/screenmed.pl\/sklep\/cube-s\/#primaryimage\"},\"image\":{\"@id\":\"https:\/\/screenmed.pl\/sklep\/cube-s\/#primaryimage\"},\"thumbnailUrl\":\"https:\/\/screenmed.pl\/wp-content\/uploads\/2020\/06\/CUBE-S-19.jpg\",\"datePublished\":\"2020-06-01T11:11:30+00:00\",\"dateModified\":\"2022-08-01T09:06:47+00:00\",\"description\":\"CUBE S to niewielki analizator medyczny POC do szybkiej i dok\u0142adnej analizy ilo\u015bciowej CRP, troponiny, cystatyny itp. Zam\u00f3w na screenmed.pl!\",\"breadcrumb\":{\"@id\":\"https:\/\/screenmed.pl\/sklep\/cube-s\/#breadcrumb\"},\"inLanguage\":\"en-US\",\"potentialAction\":[{\"@type\":\"ReadAction\",\"target\":[\"https:\/\/screenmed.pl\/sklep\/cube-s\/\"]}]},{\"@type\":\"ImageObject\",\"inLanguage\":\"en-US\",\"@id\":\"https:\/\/screenmed.pl\/sklep\/cube-s\/#primaryimage\",\"url\":\"https:\/\/screenmed.pl\/wp-content\/uploads\/2020\/06\/CUBE-S-19.jpg\",\"contentUrl\":\"https:\/\/screenmed.pl\/wp-content\/uploads\/2020\/06\/CUBE-S-19.jpg\",\"width\":900,\"height\":900},{\"@type\":\"BreadcrumbList\",\"@id\":\"https:\/\/screenmed.pl\/sklep\/cube-s\/#breadcrumb\",\"itemListElement\":[{\"@type\":\"ListItem\",\"position\":1,\"name\":\"Strona g\u0142\u00f3wna\",\"item\":\"https:\/\/screenmed.pl\/\"},{\"@type\":\"ListItem\",\"position\":2,\"name\":\"Shop\",\"item\":\"https:\/\/screenmed.pl\/en\/shop\/\"},{\"@type\":\"ListItem\",\"position\":3,\"name\":\"CUBE S &#8211; mini analizator medyczny\"}]},{\"@type\":\"WebSite\",\"@id\":\"https:\/\/screenmed.pl\/#website\",\"url\":\"https:\/\/screenmed.pl\/\",\"name\":\"Screenmed\",\"description\":\"\",\"potentialAction\":[{\"@type\":\"SearchAction\",\"target\":{\"@type\":\"EntryPoint\",\"urlTemplate\":\"https:\/\/screenmed.pl\/?s={search_term_string}\"},\"query-input\":{\"@type\":\"PropertyValueSpecification\",\"valueRequired\":true,\"valueName\":\"search_term_string\"}}],\"inLanguage\":\"en-US\"}]}<\/script>\n<!-- \/ Yoast SEO plugin. -->","yoast_head_json":{"title":"CUBE S - mini analizator medyczny | Screenmed","description":"CUBE S to niewielki analizator medyczny POC do szybkiej i dok\u0142adnej analizy ilo\u015bciowej CRP, troponiny, cystatyny itp. Zam\u00f3w na screenmed.pl!","robots":{"index":"index","follow":"follow","max-snippet":"max-snippet:-1","max-image-preview":"max-image-preview:large","max-video-preview":"max-video-preview:-1"},"canonical":"https:\/\/screenmed.pl\/sklep\/cube-s\/","og_locale":"en_US","og_type":"article","og_title":"CUBE S - mini analizator medyczny | Screenmed","og_description":"CUBE S to niewielki analizator medyczny POC do szybkiej i dok\u0142adnej analizy ilo\u015bciowej CRP, troponiny, cystatyny itp. Zam\u00f3w na screenmed.pl!","og_url":"https:\/\/screenmed.pl\/sklep\/cube-s\/","og_site_name":"Screenmed","article_modified_time":"2022-08-01T09:06:47+00:00","og_image":[{"width":900,"height":900,"url":"https:\/\/screenmed.pl\/wp-content\/uploads\/2020\/06\/CUBE-S-19.jpg","type":"image\/jpeg"}],"twitter_card":"summary_large_image","twitter_misc":{"Est. reading time":"2 minutes"},"schema":{"@context":"https:\/\/schema.org","@graph":[{"@type":"WebPage","@id":"https:\/\/screenmed.pl\/sklep\/cube-s\/","url":"https:\/\/screenmed.pl\/sklep\/cube-s\/","name":"CUBE S - mini analizator medyczny | Screenmed","isPartOf":{"@id":"https:\/\/screenmed.pl\/#website"},"primaryImageOfPage":{"@id":"https:\/\/screenmed.pl\/sklep\/cube-s\/#primaryimage"},"image":{"@id":"https:\/\/screenmed.pl\/sklep\/cube-s\/#primaryimage"},"thumbnailUrl":"https:\/\/screenmed.pl\/wp-content\/uploads\/2020\/06\/CUBE-S-19.jpg","datePublished":"2020-06-01T11:11:30+00:00","dateModified":"2022-08-01T09:06:47+00:00","description":"CUBE S to niewielki analizator medyczny POC do szybkiej i dok\u0142adnej analizy ilo\u015bciowej CRP, troponiny, cystatyny itp. Zam\u00f3w na screenmed.pl!","breadcrumb":{"@id":"https:\/\/screenmed.pl\/sklep\/cube-s\/#breadcrumb"},"inLanguage":"en-US","potentialAction":[{"@type":"ReadAction","target":["https:\/\/screenmed.pl\/sklep\/cube-s\/"]}]},{"@type":"ImageObject","inLanguage":"en-US","@id":"https:\/\/screenmed.pl\/sklep\/cube-s\/#primaryimage","url":"https:\/\/screenmed.pl\/wp-content\/uploads\/2020\/06\/CUBE-S-19.jpg","contentUrl":"https:\/\/screenmed.pl\/wp-content\/uploads\/2020\/06\/CUBE-S-19.jpg","width":900,"height":900},{"@type":"BreadcrumbList","@id":"https:\/\/screenmed.pl\/sklep\/cube-s\/#breadcrumb","itemListElement":[{"@type":"ListItem","position":1,"name":"Strona g\u0142\u00f3wna","item":"https:\/\/screenmed.pl\/"},{"@type":"ListItem","position":2,"name":"Shop","item":"https:\/\/screenmed.pl\/en\/shop\/"},{"@type":"ListItem","position":3,"name":"CUBE S &#8211; mini analizator medyczny"}]},{"@type":"WebSite","@id":"https:\/\/screenmed.pl\/#website","url":"https:\/\/screenmed.pl\/","name":"Screenmed","description":"","potentialAction":[{"@type":"SearchAction","target":{"@type":"EntryPoint","urlTemplate":"https:\/\/screenmed.pl\/?s={search_term_string}"},"query-input":{"@type":"PropertyValueSpecification","valueRequired":true,"valueName":"search_term_string"}}],"inLanguage":"en-US"}]}},"_links":{"self":[{"href":"https:\/\/screenmed.pl\/en\/wp-json\/wp\/v2\/product\/8630","targetHints":{"allow":["GET"]}}],"collection":[{"href":"https:\/\/screenmed.pl\/en\/wp-json\/wp\/v2\/product"}],"about":[{"href":"https:\/\/screenmed.pl\/en\/wp-json\/wp\/v2\/types\/product"}],"wp:featuredmedia":[{"embeddable":true,"href":"https:\/\/screenmed.pl\/en\/wp-json\/wp\/v2\/media\/8929"}],"wp:attachment":[{"href":"https:\/\/screenmed.pl\/en\/wp-json\/wp\/v2\/media?parent=8630"}],"wp:term":[{"taxonomy":"product_brand","embeddable":true,"href":"https:\/\/screenmed.pl\/en\/wp-json\/wp\/v2\/product_brand?post=8630"},{"taxonomy":"product_cat","embeddable":true,"href":"https:\/\/screenmed.pl\/en\/wp-json\/wp\/v2\/product_cat?post=8630"},{"taxonomy":"product_tag","embeddable":true,"href":"https:\/\/screenmed.pl\/en\/wp-json\/wp\/v2\/product_tag?post=8630"}],"curies":[{"name":"wp","href":"https:\/\/api.w.org\/{rel}","templated":true}]}}