{"id":6755,"date":"2020-06-01T13:09:32","date_gmt":"2020-06-01T11:09:32","guid":{"rendered":"http:\/\/screenmed.pl\/produkt\/cube-s-lipoprotein-a-test\/"},"modified":"2022-11-08T13:05:22","modified_gmt":"2022-11-08T12:05:22","slug":"cube-s-lipoprotein-a-test","status":"publish","type":"product","link":"https:\/\/screenmed.pl\/en\/sklep\/cube-s-lipoprotein-a-test\/","title":{"rendered":"CUBE-S Lipoprotein (a) test"},"content":{"rendered":"<div class=\"pdfprnt-buttons pdfprnt-buttons-product pdfprnt-top-right\"><a href=\"https:\/\/screenmed.pl\/en\/wp-json\/wp\/v2\/product\/6755?print=pdf\" class=\"pdfprnt-button pdfprnt-button-pdf\" target=\"_blank\"><img decoding=\"async\" src=\"http:\/\/screenmed.pl\/wp-content\/plugins\/pdf-print\/images\/pdf.png\" alt=\"image_pdf\" title=\"View PDF\" \/><\/a><a href=\"https:\/\/screenmed.pl\/en\/wp-json\/wp\/v2\/product\/6755?print=print\" class=\"pdfprnt-button pdfprnt-button-print\" target=\"_blank\"><img decoding=\"async\" src=\"http:\/\/screenmed.pl\/wp-content\/plugins\/pdf-print\/images\/print.png\" alt=\"image_print\" title=\"Print Content\" \/><\/a><\/div><h3>Test Lipoproteina (a)<\/h3>\n<p>CUBE-S Lipoprotein (a) to zestaw testowy do oznaczania poziomu lipoproteiny (a) za pomoc\u0105 mini analizatora <span style=\"color: #0000ff;\"><u><a href=\"http:\/\/screenmed.pl\/sklep\/cube-s\/\">CUBE-S<\/a><\/u><\/span>.<\/p>\n<p>Lipoproteina (a) jest podobna do lipoproteiny o ma\u0142ej g\u0119sto\u015bci (LDL) pod wzgl\u0119dem sk\u0142adu lipidowego, ale r\u00f3\u017cni si\u0119 profilem bia\u0142kowym. Strukturalnym sk\u0142adnikiem Lp(a), odr\u00f3\u017cniaj\u0105cym j\u0105 od LDL i maj\u0105cym wp\u0142yw na proces choroby wie\u0144cowej, jest apolipoproteina(a) [apo(a)], wysoce glikozylowane bia\u0142ko po\u0142\u0105czone wi\u0105zaniem disiarczkowym z apolipoprotein\u0105 B100 (apo B100). Apo(a) wykazuje wysoki stopie\u0144 homologii strukturalnej z plazminogenem, kt\u00f3ry jest kluczowym zymogenem kaskady krzepni\u0119cia.<\/p>\n<p>Podobie\u0144stwo sk\u0142adnik\u00f3w strukturalnych Lp(a) do LDL i do plazminogenu sugeruje, \u017ce Lp(a) mo\u017ce by\u0107 zwi\u0105zana z mia\u017cd\u017cyc\u0105 i\/lub zakrzepic\u0105. Mimo braku sp\u00f3jno\u015bci we wnioskach z bada\u0144 dotycz\u0105cych udzia\u0142u Lp(a) w chorobie wie\u0144cowej, powszechnie przyjmuje si\u0119, \u017ce Lp(a) jest wa\u017cnym czynnikiem ryzyka, kt\u00f3ry mo\u017ce przyczynia\u0107 si\u0119 do rozwoju choroby wie\u0144cowej niezale\u017cnie lub wsp\u00f3\u0142dzia\u0142aj\u0105c z innymi czynnikami ryzyka.<\/p>\n<p>Chocia\u017c du\u017ce r\u00f3\u017cnice w st\u0119\u017ceniach Lp(a) obserwowane u poszczeg\u00f3lnych os\u00f3b wynikaj\u0105 w du\u017cej mierze z czynnik\u00f3w dziedzicznych, to jednak identyfikacja os\u00f3b zagro\u017conych poprzez przesiewowe badania diagnostyczne powinna by\u0107 przydatna w eliminacji lub kontrolowania innych czynnik\u00f3w wysokiego ryzyka, je\u017celi jest to mo\u017cliwe. Warto\u015bci Lp(a) powinny by\u0107 interpretowane w po\u0142\u0105czeniu z ocen\u0105 kliniczn\u0105 i innymi testami lipoproteinowymi podczas oceny mia\u017cd\u017cycowej choroby sercowo-naczyniowej w okre\u015blonych populacjach.<\/p>\n<p><iframe loading=\"lazy\" title=\"YouTube video player\" src=\"https:\/\/www.youtube.com\/embed\/YtLRDFpD170\" width=\"900\" height=\"506\" frameborder=\"0\" allowfullscreen=\"allowfullscreen\"><\/iframe><\/p>\n<p><strong>Metoda badania:<\/strong><\/p>\n<p>Test jest kinetycznym pomiarem st\u0119\u017cenia Lp (a) przy 700 nm (Absorbancja).<\/p>\n<p><strong>Zakres pomiarowy:<\/strong><\/p>\n<p>Test kinetyczny oparty na pomiarze lateksowo-immunoturbidymetrycznym.<\/p>\n<p>Surowica \/ osocze:<\/p>\n<p>10 &#8211; 100 mg\/dl dla (zale\u017cne od LOT)<\/p>\n<p><strong>Czas trwania badania:<\/strong><\/p>\n<p>Czas badania to oko\u0142o 5 minut. Wymagana jest niewielka pr\u00f3bka 10 \u00b5l osocza lub surowicy.<\/p>\n<p>&nbsp;<\/p>\n","protected":false},"excerpt":{"rendered":"<p>Zestaw testowy do oznaczania Lipoproteiny (a) w analizatorze <span style=\"color: #0000ff;\"><u><a href=\"http:\/\/screenmed.pl\/sklep\/cube-s\/\">CUBE-S<\/a><\/u><\/span>.<\/p>\n<p>Opakowanie 16 szt.<\/p>\n","protected":false},"featured_media":9205,"template":"","meta":{"_acf_changed":false},"product_brand":[],"product_cat":[390,64],"product_tag":[],"class_list":{"0":"post-6755","1":"product","2":"type-product","3":"status-publish","4":"has-post-thumbnail","6":"product_cat-medycyna-rodzinna","7":"product_cat-testy-diagnostyczne","8":"product_shipping_class-standard","9":"pa_badana-probka-osocze-surowica","10":"pa_opakowanie-16-szt","11":"pa_przeznaczenie-markery-sercowo-naczyniowe","12":"pa_typ-produktu-testy-diagnostyczne","14":"first","15":"outofstock","16":"product-type-simple"},"acf":[],"etheme_brands":{"errors":{"invalid_taxonomy":["Invalid taxonomy."]},"error_data":[]},"yoast_head":"<!-- This site is optimized with the Yoast SEO plugin v24.4 - https:\/\/yoast.com\/wordpress\/plugins\/seo\/ -->\n<title>CUBE-S Lipoprotein (a) test | Screenmed<\/title>\n<meta name=\"description\" content=\"Test do oznaczania Lipoproteiny (a) w analizatorze CUBE-S znacznie usprawni diagnostyk\u0119 w Twoim gabinecie. Kup go na Screenmed.pl!\" \/>\n<meta name=\"robots\" content=\"index, follow, max-snippet:-1, max-image-preview:large, max-video-preview:-1\" \/>\n<link rel=\"canonical\" href=\"https:\/\/screenmed.pl\/sklep\/cube-s-lipoprotein-a-test\/\" \/>\n<meta property=\"og:locale\" content=\"en_US\" \/>\n<meta property=\"og:type\" content=\"article\" \/>\n<meta property=\"og:title\" content=\"CUBE-S Lipoprotein (a) test | Screenmed\" \/>\n<meta property=\"og:description\" content=\"Test do oznaczania Lipoproteiny (a) w analizatorze CUBE-S znacznie usprawni diagnostyk\u0119 w Twoim gabinecie. Kup go na Screenmed.pl!\" \/>\n<meta property=\"og:url\" content=\"https:\/\/screenmed.pl\/sklep\/cube-s-lipoprotein-a-test\/\" \/>\n<meta property=\"og:site_name\" content=\"Screenmed\" \/>\n<meta property=\"article:modified_time\" content=\"2022-11-08T12:05:22+00:00\" \/>\n<meta property=\"og:image\" content=\"https:\/\/screenmed.pl\/wp-content\/uploads\/2020\/07\/Cube_S_Ferritin_Lipoprotein_box.png\" \/>\n\t<meta property=\"og:image:width\" content=\"900\" \/>\n\t<meta property=\"og:image:height\" content=\"900\" \/>\n\t<meta property=\"og:image:type\" content=\"image\/png\" \/>\n<meta name=\"twitter:card\" content=\"summary_large_image\" \/>\n<meta name=\"twitter:label1\" content=\"Est. reading time\" \/>\n\t<meta name=\"twitter:data1\" content=\"2 minutes\" \/>\n<script type=\"application\/ld+json\" class=\"yoast-schema-graph\">{\"@context\":\"https:\/\/schema.org\",\"@graph\":[{\"@type\":\"WebPage\",\"@id\":\"https:\/\/screenmed.pl\/sklep\/cube-s-lipoprotein-a-test\/\",\"url\":\"https:\/\/screenmed.pl\/sklep\/cube-s-lipoprotein-a-test\/\",\"name\":\"CUBE-S Lipoprotein (a) test | Screenmed\",\"isPartOf\":{\"@id\":\"https:\/\/screenmed.pl\/#website\"},\"primaryImageOfPage\":{\"@id\":\"https:\/\/screenmed.pl\/sklep\/cube-s-lipoprotein-a-test\/#primaryimage\"},\"image\":{\"@id\":\"https:\/\/screenmed.pl\/sklep\/cube-s-lipoprotein-a-test\/#primaryimage\"},\"thumbnailUrl\":\"https:\/\/screenmed.pl\/wp-content\/uploads\/2020\/07\/Cube_S_Ferritin_Lipoprotein_box.png\",\"datePublished\":\"2020-06-01T11:09:32+00:00\",\"dateModified\":\"2022-11-08T12:05:22+00:00\",\"description\":\"Test do oznaczania Lipoproteiny (a) w analizatorze CUBE-S znacznie usprawni diagnostyk\u0119 w Twoim gabinecie. Kup go na Screenmed.pl!\",\"breadcrumb\":{\"@id\":\"https:\/\/screenmed.pl\/sklep\/cube-s-lipoprotein-a-test\/#breadcrumb\"},\"inLanguage\":\"en-US\",\"potentialAction\":[{\"@type\":\"ReadAction\",\"target\":[\"https:\/\/screenmed.pl\/sklep\/cube-s-lipoprotein-a-test\/\"]}]},{\"@type\":\"ImageObject\",\"inLanguage\":\"en-US\",\"@id\":\"https:\/\/screenmed.pl\/sklep\/cube-s-lipoprotein-a-test\/#primaryimage\",\"url\":\"https:\/\/screenmed.pl\/wp-content\/uploads\/2020\/07\/Cube_S_Ferritin_Lipoprotein_box.png\",\"contentUrl\":\"https:\/\/screenmed.pl\/wp-content\/uploads\/2020\/07\/Cube_S_Ferritin_Lipoprotein_box.png\",\"width\":900,\"height\":900},{\"@type\":\"BreadcrumbList\",\"@id\":\"https:\/\/screenmed.pl\/sklep\/cube-s-lipoprotein-a-test\/#breadcrumb\",\"itemListElement\":[{\"@type\":\"ListItem\",\"position\":1,\"name\":\"Strona g\u0142\u00f3wna\",\"item\":\"https:\/\/screenmed.pl\/\"},{\"@type\":\"ListItem\",\"position\":2,\"name\":\"Shop\",\"item\":\"https:\/\/screenmed.pl\/en\/shop\/\"},{\"@type\":\"ListItem\",\"position\":3,\"name\":\"CUBE-S Lipoprotein (a) test\"}]},{\"@type\":\"WebSite\",\"@id\":\"https:\/\/screenmed.pl\/#website\",\"url\":\"https:\/\/screenmed.pl\/\",\"name\":\"Screenmed\",\"description\":\"\",\"potentialAction\":[{\"@type\":\"SearchAction\",\"target\":{\"@type\":\"EntryPoint\",\"urlTemplate\":\"https:\/\/screenmed.pl\/?s={search_term_string}\"},\"query-input\":{\"@type\":\"PropertyValueSpecification\",\"valueRequired\":true,\"valueName\":\"search_term_string\"}}],\"inLanguage\":\"en-US\"}]}<\/script>\n<!-- \/ Yoast SEO plugin. -->","yoast_head_json":{"title":"CUBE-S Lipoprotein (a) test | Screenmed","description":"Test do oznaczania Lipoproteiny (a) w analizatorze CUBE-S znacznie usprawni diagnostyk\u0119 w Twoim gabinecie. Kup go na Screenmed.pl!","robots":{"index":"index","follow":"follow","max-snippet":"max-snippet:-1","max-image-preview":"max-image-preview:large","max-video-preview":"max-video-preview:-1"},"canonical":"https:\/\/screenmed.pl\/sklep\/cube-s-lipoprotein-a-test\/","og_locale":"en_US","og_type":"article","og_title":"CUBE-S Lipoprotein (a) test | Screenmed","og_description":"Test do oznaczania Lipoproteiny (a) w analizatorze CUBE-S znacznie usprawni diagnostyk\u0119 w Twoim gabinecie. Kup go na Screenmed.pl!","og_url":"https:\/\/screenmed.pl\/sklep\/cube-s-lipoprotein-a-test\/","og_site_name":"Screenmed","article_modified_time":"2022-11-08T12:05:22+00:00","og_image":[{"width":900,"height":900,"url":"https:\/\/screenmed.pl\/wp-content\/uploads\/2020\/07\/Cube_S_Ferritin_Lipoprotein_box.png","type":"image\/png"}],"twitter_card":"summary_large_image","twitter_misc":{"Est. reading time":"2 minutes"},"schema":{"@context":"https:\/\/schema.org","@graph":[{"@type":"WebPage","@id":"https:\/\/screenmed.pl\/sklep\/cube-s-lipoprotein-a-test\/","url":"https:\/\/screenmed.pl\/sklep\/cube-s-lipoprotein-a-test\/","name":"CUBE-S Lipoprotein (a) test | Screenmed","isPartOf":{"@id":"https:\/\/screenmed.pl\/#website"},"primaryImageOfPage":{"@id":"https:\/\/screenmed.pl\/sklep\/cube-s-lipoprotein-a-test\/#primaryimage"},"image":{"@id":"https:\/\/screenmed.pl\/sklep\/cube-s-lipoprotein-a-test\/#primaryimage"},"thumbnailUrl":"https:\/\/screenmed.pl\/wp-content\/uploads\/2020\/07\/Cube_S_Ferritin_Lipoprotein_box.png","datePublished":"2020-06-01T11:09:32+00:00","dateModified":"2022-11-08T12:05:22+00:00","description":"Test do oznaczania Lipoproteiny (a) w analizatorze CUBE-S znacznie usprawni diagnostyk\u0119 w Twoim gabinecie. Kup go na Screenmed.pl!","breadcrumb":{"@id":"https:\/\/screenmed.pl\/sklep\/cube-s-lipoprotein-a-test\/#breadcrumb"},"inLanguage":"en-US","potentialAction":[{"@type":"ReadAction","target":["https:\/\/screenmed.pl\/sklep\/cube-s-lipoprotein-a-test\/"]}]},{"@type":"ImageObject","inLanguage":"en-US","@id":"https:\/\/screenmed.pl\/sklep\/cube-s-lipoprotein-a-test\/#primaryimage","url":"https:\/\/screenmed.pl\/wp-content\/uploads\/2020\/07\/Cube_S_Ferritin_Lipoprotein_box.png","contentUrl":"https:\/\/screenmed.pl\/wp-content\/uploads\/2020\/07\/Cube_S_Ferritin_Lipoprotein_box.png","width":900,"height":900},{"@type":"BreadcrumbList","@id":"https:\/\/screenmed.pl\/sklep\/cube-s-lipoprotein-a-test\/#breadcrumb","itemListElement":[{"@type":"ListItem","position":1,"name":"Strona g\u0142\u00f3wna","item":"https:\/\/screenmed.pl\/"},{"@type":"ListItem","position":2,"name":"Shop","item":"https:\/\/screenmed.pl\/en\/shop\/"},{"@type":"ListItem","position":3,"name":"CUBE-S Lipoprotein (a) test"}]},{"@type":"WebSite","@id":"https:\/\/screenmed.pl\/#website","url":"https:\/\/screenmed.pl\/","name":"Screenmed","description":"","potentialAction":[{"@type":"SearchAction","target":{"@type":"EntryPoint","urlTemplate":"https:\/\/screenmed.pl\/?s={search_term_string}"},"query-input":{"@type":"PropertyValueSpecification","valueRequired":true,"valueName":"search_term_string"}}],"inLanguage":"en-US"}]}},"_links":{"self":[{"href":"https:\/\/screenmed.pl\/en\/wp-json\/wp\/v2\/product\/6755","targetHints":{"allow":["GET"]}}],"collection":[{"href":"https:\/\/screenmed.pl\/en\/wp-json\/wp\/v2\/product"}],"about":[{"href":"https:\/\/screenmed.pl\/en\/wp-json\/wp\/v2\/types\/product"}],"wp:featuredmedia":[{"embeddable":true,"href":"https:\/\/screenmed.pl\/en\/wp-json\/wp\/v2\/media\/9205"}],"wp:attachment":[{"href":"https:\/\/screenmed.pl\/en\/wp-json\/wp\/v2\/media?parent=6755"}],"wp:term":[{"taxonomy":"product_brand","embeddable":true,"href":"https:\/\/screenmed.pl\/en\/wp-json\/wp\/v2\/product_brand?post=6755"},{"taxonomy":"product_cat","embeddable":true,"href":"https:\/\/screenmed.pl\/en\/wp-json\/wp\/v2\/product_cat?post=6755"},{"taxonomy":"product_tag","embeddable":true,"href":"https:\/\/screenmed.pl\/en\/wp-json\/wp\/v2\/product_tag?post=6755"}],"curies":[{"name":"wp","href":"https:\/\/api.w.org\/{rel}","templated":true}]}}