{"id":6746,"date":"2020-06-01T13:09:32","date_gmt":"2020-06-01T11:09:32","guid":{"rendered":"http:\/\/screenmed.pl\/produkt\/cube-s-d-dimer-test\/"},"modified":"2022-11-08T13:04:01","modified_gmt":"2022-11-08T12:04:01","slug":"cube-s-d-dimer-test","status":"publish","type":"product","link":"https:\/\/screenmed.pl\/en\/sklep\/cube-s-d-dimer-test\/","title":{"rendered":"CUBE-S D-dimer test"},"content":{"rendered":"<div class=\"pdfprnt-buttons pdfprnt-buttons-product pdfprnt-top-right\"><a href=\"https:\/\/screenmed.pl\/en\/wp-json\/wp\/v2\/product\/6746?print=pdf\" class=\"pdfprnt-button pdfprnt-button-pdf\" target=\"_blank\"><img decoding=\"async\" src=\"http:\/\/screenmed.pl\/wp-content\/plugins\/pdf-print\/images\/pdf.png\" alt=\"image_pdf\" title=\"View PDF\" \/><\/a><a href=\"https:\/\/screenmed.pl\/en\/wp-json\/wp\/v2\/product\/6746?print=print\" class=\"pdfprnt-button pdfprnt-button-print\" target=\"_blank\"><img decoding=\"async\" src=\"http:\/\/screenmed.pl\/wp-content\/plugins\/pdf-print\/images\/print.png\" alt=\"image_print\" title=\"Print Content\" \/><\/a><\/div><h3>Ilo\u015bciowy test D-Dimer<\/h3>\n<p>CUBE-S D-Dimer Test to zestaw testowy do oznaczania poziomu D-dimer\u00f3w w pr\u00f3bce osocza za pomoc\u0105 analizatora <span style=\"color: #0000ff;\"><a style=\"color: #0000ff;\" href=\"http:\/\/screenmed.pl\/sklep\/cube-s\/\"><u>CUBE-S<\/u><\/a><\/span>.<\/p>\n<p>D-dimery s\u0105 produktami rozpadu fibryny i odgrywaj\u0105 wa\u017cn\u0105 rol\u0119 w procesie krzepni\u0119cia krwi. Podwy\u017cszony poziom D-dimer\u00f3w stwierdza si\u0119 u pacjent\u00f3w z potwierdzon\u0105 zakrzepic\u0105 \u017cy\u0142 g\u0142\u0119bokich (DVT), zatorowo\u015bci\u0105 p\u0142ucn\u0105 (PE), rozsianym wykrzepianiem wewn\u0105trznaczyniowym (DIC) i z urazami. St\u0119\u017cenie D-dimer\u00f3w wzrasta w czasie ci\u0105\u017cy, a znacznie podwy\u017cszone st\u0119\u017cenie wi\u0105\u017ce si\u0119 z mo\u017cliwo\u015bci\u0105 wyst\u0105pienia powik\u0142a\u0144.<\/p>\n<p>Samo st\u0119\u017cenie D-dimer\u00f3w niczego nie sugeruje, co nadaje mu niespecyficzny charakter. Je\u015bli jednak st\u0119\u017cenie D-dimer\u00f3w nie jest podwy\u017cszone, mo\u017cna z du\u017cym prawdopodobie\u0144stwem wykluczy\u0107 zatorowo\u015b\u0107 p\u0142ucn\u0105 jako mo\u017cliwe powik\u0142anie.<\/p>\n<p><iframe loading=\"lazy\" title=\"YouTube video player\" src=\"https:\/\/www.youtube.com\/embed\/fUYcvZHUlRw\" width=\"900\" height=\"506\" frameborder=\"0\" allowfullscreen=\"allowfullscreen\"><span data-mce-type=\"bookmark\" style=\"display: inline-block; width: 0px; overflow: hidden; line-height: 0;\" class=\"mce_SELRES_start\">\ufeff<\/span><\/iframe><\/p>\n<p><strong>Metoda<\/strong><\/p>\n<p>Kinetyczny pomiar st\u0119\u017cenia D-dimer\u00f3w przy 700nm (absorbancja).<\/p>\n<p>Test wykorzystuje przeciwcia\u0142o monoklonalne przeciwko D-dimerowi sprz\u0119\u017cone z cz\u0105steczkami lateksu, kt\u00f3re tworz\u0105 wysokocz\u0105steczkowe immunokompleksy z D-dimerem w badanej pr\u00f3bce. Wynikaj\u0105ca z tego zmiana w zm\u0119tnieniu pr\u00f3bki jest wykrywana fotometrycznie przez analizator turbidymetryczny.<\/p>\n<p><strong>Zakres pomiarowy:<\/strong><\/p>\n<p>500 &#8211; 8500 ng\/ml (specyficzne dla LOT)<\/p>\n<p><strong>Czas badania:<\/strong><\/p>\n<p>Test trwa oko\u0142o 9 minut. Badanie wykonuje si\u0119 z pr\u00f3bki osocza.<\/p>\n","protected":false},"excerpt":{"rendered":"<p>Zestaw testowy do oznaczania poziomu D-dimer\u00f3w w mini <span style=\"color: #0000ff;\"><a style=\"color: #0000ff;\" href=\"http:\/\/screenmed.pl\/sklep\/cube-s\/\">analizatorze CUBE-S<\/a><\/span>.<\/p>\n<p>Opakowanie 16 szt.<\/p>\n","protected":false},"featured_media":9203,"template":"","meta":{"_acf_changed":false},"product_brand":[],"product_cat":[388,390,64],"product_tag":[319,316,317,318],"class_list":{"0":"post-6746","1":"product","2":"type-product","3":"status-publish","4":"has-post-thumbnail","6":"product_cat-kardiologia","7":"product_cat-medycyna-rodzinna","8":"product_cat-testy-diagnostyczne","9":"product_tag-d-dimer","10":"product_tag-d-dimer-test","11":"product_tag-ilosciowe-badanie-poziomu-d-dimerow","12":"product_tag-poziom-d-dimerow","13":"product_shipping_class-standard","14":"pa_badana-probka-osocze","15":"pa_opakowanie-16-szt","16":"pa_przeznaczenie-markery-sercowo-naczyniowe","17":"pa_typ-produktu-testy-diagnostyczne","19":"first","20":"onbackorder","21":"purchasable","22":"product-type-simple"},"acf":[],"etheme_brands":{"errors":{"invalid_taxonomy":["Invalid taxonomy."]},"error_data":[]},"yoast_head":"<!-- This site is optimized with the Yoast SEO plugin v24.4 - https:\/\/yoast.com\/wordpress\/plugins\/seo\/ -->\n<title>CUBE-S D-dimer test | Screenmed<\/title>\n<meta name=\"description\" content=\"Zestaw testowy do oznaczania D-dimer\u00f3w w analizatorze CUBE-S. Kup na Screenmed.pl!\" \/>\n<meta name=\"robots\" content=\"index, follow, max-snippet:-1, max-image-preview:large, max-video-preview:-1\" \/>\n<link rel=\"canonical\" href=\"https:\/\/screenmed.pl\/sklep\/cube-s-d-dimer-test\/\" \/>\n<meta property=\"og:locale\" content=\"en_US\" \/>\n<meta property=\"og:type\" content=\"article\" \/>\n<meta property=\"og:title\" content=\"CUBE-S D-dimer test | Screenmed\" \/>\n<meta property=\"og:description\" content=\"Zestaw testowy do oznaczania D-dimer\u00f3w w analizatorze CUBE-S. Kup na Screenmed.pl!\" \/>\n<meta property=\"og:url\" content=\"https:\/\/screenmed.pl\/sklep\/cube-s-d-dimer-test\/\" \/>\n<meta property=\"og:site_name\" content=\"Screenmed\" \/>\n<meta property=\"article:modified_time\" content=\"2022-11-08T12:04:01+00:00\" \/>\n<meta property=\"og:image\" content=\"https:\/\/screenmed.pl\/wp-content\/uploads\/2020\/07\/Cube_S_DDimer_HbA1c_PSA_box.png\" \/>\n\t<meta property=\"og:image:width\" content=\"900\" \/>\n\t<meta property=\"og:image:height\" content=\"900\" \/>\n\t<meta property=\"og:image:type\" content=\"image\/png\" \/>\n<meta name=\"twitter:card\" content=\"summary_large_image\" \/>\n<meta name=\"twitter:label1\" content=\"Est. reading time\" \/>\n\t<meta name=\"twitter:data1\" content=\"1 minute\" \/>\n<script type=\"application\/ld+json\" class=\"yoast-schema-graph\">{\"@context\":\"https:\/\/schema.org\",\"@graph\":[{\"@type\":\"WebPage\",\"@id\":\"https:\/\/screenmed.pl\/sklep\/cube-s-d-dimer-test\/\",\"url\":\"https:\/\/screenmed.pl\/sklep\/cube-s-d-dimer-test\/\",\"name\":\"CUBE-S D-dimer test | Screenmed\",\"isPartOf\":{\"@id\":\"https:\/\/screenmed.pl\/#website\"},\"primaryImageOfPage\":{\"@id\":\"https:\/\/screenmed.pl\/sklep\/cube-s-d-dimer-test\/#primaryimage\"},\"image\":{\"@id\":\"https:\/\/screenmed.pl\/sklep\/cube-s-d-dimer-test\/#primaryimage\"},\"thumbnailUrl\":\"https:\/\/screenmed.pl\/wp-content\/uploads\/2020\/07\/Cube_S_DDimer_HbA1c_PSA_box.png\",\"datePublished\":\"2020-06-01T11:09:32+00:00\",\"dateModified\":\"2022-11-08T12:04:01+00:00\",\"description\":\"Zestaw testowy do oznaczania D-dimer\u00f3w w analizatorze CUBE-S. Kup na Screenmed.pl!\",\"breadcrumb\":{\"@id\":\"https:\/\/screenmed.pl\/sklep\/cube-s-d-dimer-test\/#breadcrumb\"},\"inLanguage\":\"en-US\",\"potentialAction\":[{\"@type\":\"ReadAction\",\"target\":[\"https:\/\/screenmed.pl\/sklep\/cube-s-d-dimer-test\/\"]}]},{\"@type\":\"ImageObject\",\"inLanguage\":\"en-US\",\"@id\":\"https:\/\/screenmed.pl\/sklep\/cube-s-d-dimer-test\/#primaryimage\",\"url\":\"https:\/\/screenmed.pl\/wp-content\/uploads\/2020\/07\/Cube_S_DDimer_HbA1c_PSA_box.png\",\"contentUrl\":\"https:\/\/screenmed.pl\/wp-content\/uploads\/2020\/07\/Cube_S_DDimer_HbA1c_PSA_box.png\",\"width\":900,\"height\":900,\"caption\":\"CUBE-S Test\"},{\"@type\":\"BreadcrumbList\",\"@id\":\"https:\/\/screenmed.pl\/sklep\/cube-s-d-dimer-test\/#breadcrumb\",\"itemListElement\":[{\"@type\":\"ListItem\",\"position\":1,\"name\":\"Strona g\u0142\u00f3wna\",\"item\":\"https:\/\/screenmed.pl\/\"},{\"@type\":\"ListItem\",\"position\":2,\"name\":\"Shop\",\"item\":\"https:\/\/screenmed.pl\/en\/shop\/\"},{\"@type\":\"ListItem\",\"position\":3,\"name\":\"CUBE-S D-dimer test\"}]},{\"@type\":\"WebSite\",\"@id\":\"https:\/\/screenmed.pl\/#website\",\"url\":\"https:\/\/screenmed.pl\/\",\"name\":\"Screenmed\",\"description\":\"\",\"potentialAction\":[{\"@type\":\"SearchAction\",\"target\":{\"@type\":\"EntryPoint\",\"urlTemplate\":\"https:\/\/screenmed.pl\/?s={search_term_string}\"},\"query-input\":{\"@type\":\"PropertyValueSpecification\",\"valueRequired\":true,\"valueName\":\"search_term_string\"}}],\"inLanguage\":\"en-US\"}]}<\/script>\n<!-- \/ Yoast SEO plugin. -->","yoast_head_json":{"title":"CUBE-S D-dimer test | Screenmed","description":"Zestaw testowy do oznaczania D-dimer\u00f3w w analizatorze CUBE-S. Kup na Screenmed.pl!","robots":{"index":"index","follow":"follow","max-snippet":"max-snippet:-1","max-image-preview":"max-image-preview:large","max-video-preview":"max-video-preview:-1"},"canonical":"https:\/\/screenmed.pl\/sklep\/cube-s-d-dimer-test\/","og_locale":"en_US","og_type":"article","og_title":"CUBE-S D-dimer test | Screenmed","og_description":"Zestaw testowy do oznaczania D-dimer\u00f3w w analizatorze CUBE-S. Kup na Screenmed.pl!","og_url":"https:\/\/screenmed.pl\/sklep\/cube-s-d-dimer-test\/","og_site_name":"Screenmed","article_modified_time":"2022-11-08T12:04:01+00:00","og_image":[{"width":900,"height":900,"url":"https:\/\/screenmed.pl\/wp-content\/uploads\/2020\/07\/Cube_S_DDimer_HbA1c_PSA_box.png","type":"image\/png"}],"twitter_card":"summary_large_image","twitter_misc":{"Est. reading time":"1 minute"},"schema":{"@context":"https:\/\/schema.org","@graph":[{"@type":"WebPage","@id":"https:\/\/screenmed.pl\/sklep\/cube-s-d-dimer-test\/","url":"https:\/\/screenmed.pl\/sklep\/cube-s-d-dimer-test\/","name":"CUBE-S D-dimer test | Screenmed","isPartOf":{"@id":"https:\/\/screenmed.pl\/#website"},"primaryImageOfPage":{"@id":"https:\/\/screenmed.pl\/sklep\/cube-s-d-dimer-test\/#primaryimage"},"image":{"@id":"https:\/\/screenmed.pl\/sklep\/cube-s-d-dimer-test\/#primaryimage"},"thumbnailUrl":"https:\/\/screenmed.pl\/wp-content\/uploads\/2020\/07\/Cube_S_DDimer_HbA1c_PSA_box.png","datePublished":"2020-06-01T11:09:32+00:00","dateModified":"2022-11-08T12:04:01+00:00","description":"Zestaw testowy do oznaczania D-dimer\u00f3w w analizatorze CUBE-S. Kup na Screenmed.pl!","breadcrumb":{"@id":"https:\/\/screenmed.pl\/sklep\/cube-s-d-dimer-test\/#breadcrumb"},"inLanguage":"en-US","potentialAction":[{"@type":"ReadAction","target":["https:\/\/screenmed.pl\/sklep\/cube-s-d-dimer-test\/"]}]},{"@type":"ImageObject","inLanguage":"en-US","@id":"https:\/\/screenmed.pl\/sklep\/cube-s-d-dimer-test\/#primaryimage","url":"https:\/\/screenmed.pl\/wp-content\/uploads\/2020\/07\/Cube_S_DDimer_HbA1c_PSA_box.png","contentUrl":"https:\/\/screenmed.pl\/wp-content\/uploads\/2020\/07\/Cube_S_DDimer_HbA1c_PSA_box.png","width":900,"height":900,"caption":"CUBE-S Test"},{"@type":"BreadcrumbList","@id":"https:\/\/screenmed.pl\/sklep\/cube-s-d-dimer-test\/#breadcrumb","itemListElement":[{"@type":"ListItem","position":1,"name":"Strona g\u0142\u00f3wna","item":"https:\/\/screenmed.pl\/"},{"@type":"ListItem","position":2,"name":"Shop","item":"https:\/\/screenmed.pl\/en\/shop\/"},{"@type":"ListItem","position":3,"name":"CUBE-S D-dimer test"}]},{"@type":"WebSite","@id":"https:\/\/screenmed.pl\/#website","url":"https:\/\/screenmed.pl\/","name":"Screenmed","description":"","potentialAction":[{"@type":"SearchAction","target":{"@type":"EntryPoint","urlTemplate":"https:\/\/screenmed.pl\/?s={search_term_string}"},"query-input":{"@type":"PropertyValueSpecification","valueRequired":true,"valueName":"search_term_string"}}],"inLanguage":"en-US"}]}},"_links":{"self":[{"href":"https:\/\/screenmed.pl\/en\/wp-json\/wp\/v2\/product\/6746","targetHints":{"allow":["GET"]}}],"collection":[{"href":"https:\/\/screenmed.pl\/en\/wp-json\/wp\/v2\/product"}],"about":[{"href":"https:\/\/screenmed.pl\/en\/wp-json\/wp\/v2\/types\/product"}],"wp:featuredmedia":[{"embeddable":true,"href":"https:\/\/screenmed.pl\/en\/wp-json\/wp\/v2\/media\/9203"}],"wp:attachment":[{"href":"https:\/\/screenmed.pl\/en\/wp-json\/wp\/v2\/media?parent=6746"}],"wp:term":[{"taxonomy":"product_brand","embeddable":true,"href":"https:\/\/screenmed.pl\/en\/wp-json\/wp\/v2\/product_brand?post=6746"},{"taxonomy":"product_cat","embeddable":true,"href":"https:\/\/screenmed.pl\/en\/wp-json\/wp\/v2\/product_cat?post=6746"},{"taxonomy":"product_tag","embeddable":true,"href":"https:\/\/screenmed.pl\/en\/wp-json\/wp\/v2\/product_tag?post=6746"}],"curies":[{"name":"wp","href":"https:\/\/api.w.org\/{rel}","templated":true}]}}