{"id":6731,"date":"2020-06-01T13:09:32","date_gmt":"2020-06-01T11:09:32","guid":{"rendered":"http:\/\/screenmed.pl\/produkt\/cube-s-cystatin-c-gfr-test\/"},"modified":"2022-11-08T13:01:12","modified_gmt":"2022-11-08T12:01:12","slug":"cube-s-cystatin-c-gfr-test","status":"publish","type":"product","link":"https:\/\/screenmed.pl\/en\/sklep\/cube-s-cystatin-c-gfr-test\/","title":{"rendered":"CUBE-S Cystatin C (GFR) Test"},"content":{"rendered":"<div class=\"pdfprnt-buttons pdfprnt-buttons-product pdfprnt-top-right\"><a href=\"https:\/\/screenmed.pl\/en\/wp-json\/wp\/v2\/product\/6731?print=pdf\" class=\"pdfprnt-button pdfprnt-button-pdf\" target=\"_blank\"><img decoding=\"async\" src=\"http:\/\/screenmed.pl\/wp-content\/plugins\/pdf-print\/images\/pdf.png\" alt=\"image_pdf\" title=\"View PDF\" \/><\/a><a href=\"https:\/\/screenmed.pl\/en\/wp-json\/wp\/v2\/product\/6731?print=print\" class=\"pdfprnt-button pdfprnt-button-print\" target=\"_blank\"><img decoding=\"async\" src=\"http:\/\/screenmed.pl\/wp-content\/plugins\/pdf-print\/images\/print.png\" alt=\"image_print\" title=\"Print Content\" \/><\/a><\/div><h3>Test Cystatyna C (GFR)<\/h3>\n<p>Cystatyna C jest podstawowym inhibitorem proteaz o niskiej masie cz\u0105steczkowej (13 Kda). Produkowana jest ze sta\u0142\u0105 szybko\u015bci\u0105 we wszystkich kom\u00f3rkach j\u0105drzastych i wyst\u0119puje w ludzkim osoczu i surowicy.<\/p>\n<p>Badania kliniczne wykaza\u0142y, \u017ce Cystatyna C jest dok\u0142adniejszym wska\u017anikiem ni\u017c kreatynina w surowicy i szacowanie klirensu kreatyniny metod\u0105 Cockcrofta-Gaulta oraz jest bardziej wiarygodna ni\u017c 24-godzinny klirens kreatyniny.<\/p>\n<p>Istnieje coraz wi\u0119cej dowod\u00f3w sugeruj\u0105cych, \u017ce Cystatyna C mo\u017ce by\u0107 wykorzystywana do wykrywania chor\u00f3b nerek na wcze\u015bniejszych etapach ni\u017c kreatynina w surowicy, co mo\u017ce u\u0142atwi\u0107 dzia\u0142ania prewencyjne u os\u00f3b starszych i os\u00f3b z cukrzyc\u0105, nadci\u015bnieniem lub chorobami uk\u0142adu kr\u0105\u017cenia.<\/p>\n<p>&nbsp;<\/p>\n<h3><\/h3>\n<h3>Zastosowanie badania Cystatyny C w r\u00f3\u017cnych obszarach:<\/h3>\n<p>&nbsp;<\/p>\n<ul>\n<li><strong>Radiologia <\/strong><\/li>\n<\/ul>\n<p>Minimalizacja ryzyka nefropatii wywo\u0142anej podaniem \u015brodka kontrastowego (CMIN)<\/p>\n<p>Test Eurolyser Cystatyna C (GFR) zapewnia szybk\u0105 diagnostyk\u0119 stanu nerek, wymagan\u0105 przed badaniami obrazowymi z u\u017cyciem \u015brodka kontrastowego.<\/p>\n<ul>\n<li><strong>Usprawnienie przebiegu pracy<\/strong><\/li>\n<\/ul>\n<p>Diagnostyka Cystatyny C wykonana bezpo\u015brednio przed badaniem \u00a0obrazowym, pozwala na optymalizacj\u0119 czasu pracy w przypadku, gdy pacjent nie posiada aktualnego badania funkcji nerek (np. kreatyniny lub GFR).<\/p>\n<ul>\n<li><strong>Onkologia<\/strong><\/li>\n<\/ul>\n<p>Zmniejszenie ryzyka zwi\u0105zanego z podawaniem chemioterapeutyk\u00f3w<\/p>\n<p>Upo\u015bledzenie czynno\u015bci nerek wyst\u0119puje cz\u0119sto u pacjent\u00f3w z nowotworami w zwi\u0105zku z chemioterapi\u0105. Badanie Cystatyna C (GFR) dostarcza wa\u017cnych informacji na temat funkcji nerek w celu wyboru i dawkowania chemioterapeutyk\u00f3w.<\/p>\n<ul>\n<li><strong>Zwi\u0119kszenie zadowolenia pacjent\u00f3w<\/strong><\/li>\n<\/ul>\n<p>Wielu pacjent\u00f3w leczonych ambulatoryjnie z powodu nowotwor\u00f3w musi mie\u0107 ocenion\u0105 czynno\u015b\u0107 nerek przed rozpocz\u0119ciem leczenia chemioterapi\u0105. Za pomoc\u0105 testu Eurolyser Cystatin C (GFR) mo\u017cna pobra\u0107 pr\u00f3bk\u0119 krwi kapilarnej (20 \u00b5l) i szybko okre\u015bli\u0107 stan nerek pacjenta. Badanie w miejscu pobrania w celu zbadania kreatyniny\/eGFR pozwala na skr\u00f3cenie czasu oczekiwania na wyniki i tym samym na przyspieszenie procesu chemioterapii.<\/p>\n<ul>\n<li><strong>Oddzia\u0142y ratunkowe<\/strong><\/li>\n<\/ul>\n<p>Usprawnienie oceny zdrowia i ryzyka powik\u0142a\u0144 u pacjent\u00f3w<\/p>\n<p>Minimalizacja ryzyka nefropatii wywo\u0142anej \u015brodkiem kontrastowym (CMIN)<\/p>\n<p>Pacjenci na oddziale ratunkowym mog\u0105 wymaga\u0107 szybkiej oceny funkcji nerek w celu w\u0142a\u015bciwego rozpoznania i wdro\u017cenia odpowiedniego leczenia. Ponadto wiele terapii na oddziale ratunkowym wymaga terminowego podawania lek\u00f3w i dostosowania ich dawki w oparciu o czynno\u015b\u0107 nerek paxcjenta. Eurolyser Cystatin C (GFR) pozwala na dok\u0142adn\u0105 ocen\u0119 czynno\u015bci\u00a0 nerek za pomoc\u0105 prostego, 10-minutowego testu.<\/p>\n<p><strong>Metoda:<\/strong><\/p>\n<p>Badanie CUBE-S Cystatin C jest oparte na te\u015bcie immunoturbidymetrycznym wzmocnionym lateksem. Cystatyna C w pr\u00f3bce wi\u0105\u017ce si\u0119 ze specyficznymi przeciwcia\u0142ami przeciwko cystatynie C, kt\u00f3re s\u0105 umieszczone na cz\u0105steczkach lateksu i powoduj\u0105 aglutynacj\u0119.<\/p>\n<p><strong>Zakres pomiarowy:<\/strong><\/p>\n<p>0,33 &#8211; 8,0 mg\/l cystatyny C<\/p>\n<p>576 &#8211; 3,7 GFR (ml \/ min \/ 1,73 m\u00b2)<\/p>\n<p><em>Przedzia\u0142 referencyjny:<\/em><\/p>\n<p>0,5 &#8211; 1,03 mg\/l<\/p>\n<p>Stopie\u0144 zm\u0119tnienia spowodowany aglutynacj\u0105 mo\u017ce by\u0107 mierzony fotometrycznie i jest proporcjonalny do ilo\u015bci cystatyny C w pr\u00f3bce.<\/p>\n<p><strong>Czas trwania badania<\/strong><\/p>\n<p>Wymagana pr\u00f3bka to 20 \u00b5l krwi pe\u0142nej lub surowicy. Badanie trwa oko\u0142o 10 minut.<\/p>\n<p>&nbsp;<\/p>\n","protected":false},"excerpt":{"rendered":"<p>Zestaw testowy do oznaczania Cystatyny C w analizatorze <span style=\"color: #0000ff\"><a style=\"color: #0000ff\" href=\"http:\/\/screenmed.pl\/sklep\/cube-s\/\">CUBE-S<\/a><\/span>.<\/p>\n<p>Opakowanie 32 szt.<\/p>\n","protected":false},"featured_media":9201,"template":"","meta":{"_acf_changed":false},"product_brand":[],"product_cat":[390,64],"product_tag":[],"class_list":{"0":"post-6731","1":"product","2":"type-product","3":"status-publish","4":"has-post-thumbnail","6":"product_cat-medycyna-rodzinna","7":"product_cat-testy-diagnostyczne","8":"product_shipping_class-standard","9":"pa_badana-probka-krew-pelna-surowica","10":"pa_opakowanie-32-szt","11":"pa_przeznaczenie-markery-stanow-zapalnych","12":"pa_typ-produktu-testy-diagnostyczne","14":"first","15":"instock","16":"purchasable","17":"product-type-simple"},"acf":[],"etheme_brands":{"errors":{"invalid_taxonomy":["Invalid taxonomy."]},"error_data":[]},"yoast_head":"<!-- This site is optimized with the Yoast SEO plugin v24.4 - https:\/\/yoast.com\/wordpress\/plugins\/seo\/ -->\n<title>CUBE-S Cystatin C (GFR) Test | Screenmed<\/title>\n<meta name=\"description\" content=\"Zestaw testowy do oznaczania Cystatyny C to tylko jeden z wielu profesjonalnych test\u00f3w medycznych dost\u0119pnych na Screenmed.pl. Zapraszamy!\" \/>\n<meta name=\"robots\" content=\"index, follow, max-snippet:-1, max-image-preview:large, max-video-preview:-1\" \/>\n<link rel=\"canonical\" href=\"https:\/\/screenmed.pl\/sklep\/cube-s-cystatin-c-gfr-test\/\" \/>\n<meta property=\"og:locale\" content=\"en_US\" \/>\n<meta property=\"og:type\" content=\"article\" \/>\n<meta property=\"og:title\" content=\"CUBE-S Cystatin C (GFR) Test | Screenmed\" \/>\n<meta property=\"og:description\" content=\"Zestaw testowy do oznaczania Cystatyny C to tylko jeden z wielu profesjonalnych test\u00f3w medycznych dost\u0119pnych na Screenmed.pl. Zapraszamy!\" \/>\n<meta property=\"og:url\" content=\"https:\/\/screenmed.pl\/sklep\/cube-s-cystatin-c-gfr-test\/\" \/>\n<meta property=\"og:site_name\" content=\"Screenmed\" \/>\n<meta property=\"article:modified_time\" content=\"2022-11-08T12:01:12+00:00\" \/>\n<meta property=\"og:image\" content=\"https:\/\/screenmed.pl\/wp-content\/uploads\/2020\/07\/Cube_S_CystatinC_box.png\" \/>\n\t<meta property=\"og:image:width\" content=\"900\" \/>\n\t<meta property=\"og:image:height\" content=\"900\" \/>\n\t<meta property=\"og:image:type\" content=\"image\/png\" \/>\n<meta name=\"twitter:card\" content=\"summary_large_image\" \/>\n<meta name=\"twitter:label1\" content=\"Est. reading time\" \/>\n\t<meta name=\"twitter:data1\" content=\"2 minutes\" \/>\n<script type=\"application\/ld+json\" class=\"yoast-schema-graph\">{\"@context\":\"https:\/\/schema.org\",\"@graph\":[{\"@type\":\"WebPage\",\"@id\":\"https:\/\/screenmed.pl\/sklep\/cube-s-cystatin-c-gfr-test\/\",\"url\":\"https:\/\/screenmed.pl\/sklep\/cube-s-cystatin-c-gfr-test\/\",\"name\":\"CUBE-S Cystatin C (GFR) Test | Screenmed\",\"isPartOf\":{\"@id\":\"https:\/\/screenmed.pl\/#website\"},\"primaryImageOfPage\":{\"@id\":\"https:\/\/screenmed.pl\/sklep\/cube-s-cystatin-c-gfr-test\/#primaryimage\"},\"image\":{\"@id\":\"https:\/\/screenmed.pl\/sklep\/cube-s-cystatin-c-gfr-test\/#primaryimage\"},\"thumbnailUrl\":\"https:\/\/screenmed.pl\/wp-content\/uploads\/2020\/07\/Cube_S_CystatinC_box.png\",\"datePublished\":\"2020-06-01T11:09:32+00:00\",\"dateModified\":\"2022-11-08T12:01:12+00:00\",\"description\":\"Zestaw testowy do oznaczania Cystatyny C to tylko jeden z wielu profesjonalnych test\u00f3w medycznych dost\u0119pnych na Screenmed.pl. Zapraszamy!\",\"breadcrumb\":{\"@id\":\"https:\/\/screenmed.pl\/sklep\/cube-s-cystatin-c-gfr-test\/#breadcrumb\"},\"inLanguage\":\"en-US\",\"potentialAction\":[{\"@type\":\"ReadAction\",\"target\":[\"https:\/\/screenmed.pl\/sklep\/cube-s-cystatin-c-gfr-test\/\"]}]},{\"@type\":\"ImageObject\",\"inLanguage\":\"en-US\",\"@id\":\"https:\/\/screenmed.pl\/sklep\/cube-s-cystatin-c-gfr-test\/#primaryimage\",\"url\":\"https:\/\/screenmed.pl\/wp-content\/uploads\/2020\/07\/Cube_S_CystatinC_box.png\",\"contentUrl\":\"https:\/\/screenmed.pl\/wp-content\/uploads\/2020\/07\/Cube_S_CystatinC_box.png\",\"width\":900,\"height\":900},{\"@type\":\"BreadcrumbList\",\"@id\":\"https:\/\/screenmed.pl\/sklep\/cube-s-cystatin-c-gfr-test\/#breadcrumb\",\"itemListElement\":[{\"@type\":\"ListItem\",\"position\":1,\"name\":\"Strona g\u0142\u00f3wna\",\"item\":\"https:\/\/screenmed.pl\/\"},{\"@type\":\"ListItem\",\"position\":2,\"name\":\"Shop\",\"item\":\"https:\/\/screenmed.pl\/en\/shop\/\"},{\"@type\":\"ListItem\",\"position\":3,\"name\":\"CUBE-S Cystatin C (GFR) Test\"}]},{\"@type\":\"WebSite\",\"@id\":\"https:\/\/screenmed.pl\/#website\",\"url\":\"https:\/\/screenmed.pl\/\",\"name\":\"Screenmed\",\"description\":\"\",\"potentialAction\":[{\"@type\":\"SearchAction\",\"target\":{\"@type\":\"EntryPoint\",\"urlTemplate\":\"https:\/\/screenmed.pl\/?s={search_term_string}\"},\"query-input\":{\"@type\":\"PropertyValueSpecification\",\"valueRequired\":true,\"valueName\":\"search_term_string\"}}],\"inLanguage\":\"en-US\"}]}<\/script>\n<!-- \/ Yoast SEO plugin. -->","yoast_head_json":{"title":"CUBE-S Cystatin C (GFR) Test | Screenmed","description":"Zestaw testowy do oznaczania Cystatyny C to tylko jeden z wielu profesjonalnych test\u00f3w medycznych dost\u0119pnych na Screenmed.pl. Zapraszamy!","robots":{"index":"index","follow":"follow","max-snippet":"max-snippet:-1","max-image-preview":"max-image-preview:large","max-video-preview":"max-video-preview:-1"},"canonical":"https:\/\/screenmed.pl\/sklep\/cube-s-cystatin-c-gfr-test\/","og_locale":"en_US","og_type":"article","og_title":"CUBE-S Cystatin C (GFR) Test | Screenmed","og_description":"Zestaw testowy do oznaczania Cystatyny C to tylko jeden z wielu profesjonalnych test\u00f3w medycznych dost\u0119pnych na Screenmed.pl. Zapraszamy!","og_url":"https:\/\/screenmed.pl\/sklep\/cube-s-cystatin-c-gfr-test\/","og_site_name":"Screenmed","article_modified_time":"2022-11-08T12:01:12+00:00","og_image":[{"width":900,"height":900,"url":"https:\/\/screenmed.pl\/wp-content\/uploads\/2020\/07\/Cube_S_CystatinC_box.png","type":"image\/png"}],"twitter_card":"summary_large_image","twitter_misc":{"Est. reading time":"2 minutes"},"schema":{"@context":"https:\/\/schema.org","@graph":[{"@type":"WebPage","@id":"https:\/\/screenmed.pl\/sklep\/cube-s-cystatin-c-gfr-test\/","url":"https:\/\/screenmed.pl\/sklep\/cube-s-cystatin-c-gfr-test\/","name":"CUBE-S Cystatin C (GFR) Test | Screenmed","isPartOf":{"@id":"https:\/\/screenmed.pl\/#website"},"primaryImageOfPage":{"@id":"https:\/\/screenmed.pl\/sklep\/cube-s-cystatin-c-gfr-test\/#primaryimage"},"image":{"@id":"https:\/\/screenmed.pl\/sklep\/cube-s-cystatin-c-gfr-test\/#primaryimage"},"thumbnailUrl":"https:\/\/screenmed.pl\/wp-content\/uploads\/2020\/07\/Cube_S_CystatinC_box.png","datePublished":"2020-06-01T11:09:32+00:00","dateModified":"2022-11-08T12:01:12+00:00","description":"Zestaw testowy do oznaczania Cystatyny C to tylko jeden z wielu profesjonalnych test\u00f3w medycznych dost\u0119pnych na Screenmed.pl. Zapraszamy!","breadcrumb":{"@id":"https:\/\/screenmed.pl\/sklep\/cube-s-cystatin-c-gfr-test\/#breadcrumb"},"inLanguage":"en-US","potentialAction":[{"@type":"ReadAction","target":["https:\/\/screenmed.pl\/sklep\/cube-s-cystatin-c-gfr-test\/"]}]},{"@type":"ImageObject","inLanguage":"en-US","@id":"https:\/\/screenmed.pl\/sklep\/cube-s-cystatin-c-gfr-test\/#primaryimage","url":"https:\/\/screenmed.pl\/wp-content\/uploads\/2020\/07\/Cube_S_CystatinC_box.png","contentUrl":"https:\/\/screenmed.pl\/wp-content\/uploads\/2020\/07\/Cube_S_CystatinC_box.png","width":900,"height":900},{"@type":"BreadcrumbList","@id":"https:\/\/screenmed.pl\/sklep\/cube-s-cystatin-c-gfr-test\/#breadcrumb","itemListElement":[{"@type":"ListItem","position":1,"name":"Strona g\u0142\u00f3wna","item":"https:\/\/screenmed.pl\/"},{"@type":"ListItem","position":2,"name":"Shop","item":"https:\/\/screenmed.pl\/en\/shop\/"},{"@type":"ListItem","position":3,"name":"CUBE-S Cystatin C (GFR) Test"}]},{"@type":"WebSite","@id":"https:\/\/screenmed.pl\/#website","url":"https:\/\/screenmed.pl\/","name":"Screenmed","description":"","potentialAction":[{"@type":"SearchAction","target":{"@type":"EntryPoint","urlTemplate":"https:\/\/screenmed.pl\/?s={search_term_string}"},"query-input":{"@type":"PropertyValueSpecification","valueRequired":true,"valueName":"search_term_string"}}],"inLanguage":"en-US"}]}},"_links":{"self":[{"href":"https:\/\/screenmed.pl\/en\/wp-json\/wp\/v2\/product\/6731","targetHints":{"allow":["GET"]}}],"collection":[{"href":"https:\/\/screenmed.pl\/en\/wp-json\/wp\/v2\/product"}],"about":[{"href":"https:\/\/screenmed.pl\/en\/wp-json\/wp\/v2\/types\/product"}],"wp:featuredmedia":[{"embeddable":true,"href":"https:\/\/screenmed.pl\/en\/wp-json\/wp\/v2\/media\/9201"}],"wp:attachment":[{"href":"https:\/\/screenmed.pl\/en\/wp-json\/wp\/v2\/media?parent=6731"}],"wp:term":[{"taxonomy":"product_brand","embeddable":true,"href":"https:\/\/screenmed.pl\/en\/wp-json\/wp\/v2\/product_brand?post=6731"},{"taxonomy":"product_cat","embeddable":true,"href":"https:\/\/screenmed.pl\/en\/wp-json\/wp\/v2\/product_cat?post=6731"},{"taxonomy":"product_tag","embeddable":true,"href":"https:\/\/screenmed.pl\/en\/wp-json\/wp\/v2\/product_tag?post=6731"}],"curies":[{"name":"wp","href":"https:\/\/api.w.org\/{rel}","templated":true}]}}