{"id":11035,"date":"2022-06-28T11:28:34","date_gmt":"2022-06-28T09:28:34","guid":{"rendered":"http:\/\/screenmed.pl\/?post_type=product&#038;p=11035"},"modified":"2023-09-22T11:08:19","modified_gmt":"2023-09-22T09:08:19","slug":"lumiradx-crp-test-ilosciowy-test-crp","status":"publish","type":"product","link":"https:\/\/screenmed.pl\/en\/sklep\/lumiradx-crp-test-ilosciowy-test-crp\/","title":{"rendered":"LumiraDx\u2122 CRP Test &#8211; ilo\u015bciowy test CRP"},"content":{"rendered":"<div class=\"pdfprnt-buttons pdfprnt-buttons-product pdfprnt-top-right\"><a href=\"https:\/\/screenmed.pl\/en\/wp-json\/wp\/v2\/product\/11035?print=pdf\" class=\"pdfprnt-button pdfprnt-button-pdf\" target=\"_blank\"><img decoding=\"async\" src=\"http:\/\/screenmed.pl\/wp-content\/plugins\/pdf-print\/images\/pdf.png\" alt=\"image_pdf\" title=\"View PDF\" \/><\/a><a href=\"https:\/\/screenmed.pl\/en\/wp-json\/wp\/v2\/product\/11035?print=print\" class=\"pdfprnt-button pdfprnt-button-print\" target=\"_blank\"><img decoding=\"async\" src=\"http:\/\/screenmed.pl\/wp-content\/plugins\/pdf-print\/images\/print.png\" alt=\"image_print\" title=\"Print Content\" \/><\/a><\/div><h3>Szybki ilo\u015bciowy test CRP LumiraDx<\/h3>\n<p>\u0141atwy w u\u017cyciu, wysokiej jako\u015bci szybki immunologiczny test mikroprzep\u0142ywowy stosowany z <span style=\"color: #0000ff;\"><a style=\"color: #0000ff;\" href=\"http:\/\/screenmed.pl\/sklep\/lumiradx\/\">analizatorem <\/a><a style=\"color: #0000ff;\" href=\"http:\/\/screenmed.pl\/sklep\/lumiradx\/\">LumiraDx\u2122<\/a> <\/span>przeznaczony do szybkiego oznaczania ilo\u015bciowego st\u0119\u017cenia CRP we krwi pe\u0142nej i osoczu. U\u017cywany z platform\u0105 LumiraDx, test zapewnia szybkie, ilo\u015bciowe wyniki w ci\u0105gu 4 minut w miejscu opieki.<\/p>\n<p>Wy\u0142\u0105cznie do u\u017cytku profesjonalnego, do diagnostyki in vitro.<\/p>\n<ul>\n<li>\u0142atwe wykonanie<\/li>\n<li>dok\u0142adny wynik ilo\u015bciowy ju\u017c po 4 minutach<\/li>\n<li>wygodne, niewielkie opakowanie<\/li>\n<li>przechowywanie w temperaturze pokojowej<\/li>\n<li>wielko\u015b\u0107 pr\u00f3bki 20 \u03bcl<\/li>\n<li>mo\u017cliwo\u015b\u0107 wykonania badania z krwi kapilarnej (opuszkowej), krwi \u017cylnej lub z osocza<\/li>\n<\/ul>\n<div class=\"clearfix text-formatted field field--name-body field--type-text-with-summary field--label-hidden field__item\">\n<p>Pomiar poziomu CRP dostarcza wa\u017cnych informacji pozwalaj\u0105cych na wykrycie i ocen\u0119 infekcji i stanu zapalnego. U pacjent\u00f3w z objawami zaka\u017cenia dr\u00f3g oddechowych, w szczeg\u00f3lno\u015bci przy podejrzeniu zapalenia p\u0142uc [1], znacznie podwy\u017cszony poziom CRP sugeruje konieczno\u015b\u0107 zastosowania antybiotykoterapii, podczas gdy normalny lub niski poziom CRP wskazuje na chorob\u0119 wirusow\u0105 lub samoograniczaj\u0105c\u0105 si\u0119 infekcj\u0119, kt\u00f3re nie wymagaj\u0105 zastosowania antybiotyk\u00f3w.<\/p>\n<p>Test CRP firmy LumiraDx umo\u017cliwia dok\u0142adny zbadanie pr\u00f3bek krwi pobranej z opuszka palca, krwi \u017cylnej i osocza w zakresie 5,0-250.0 mg\/L. Test wykonywany jest na miniaturowym analizatorze LumiraDx, kt\u00f3ra mo\u017ce by\u0107 stosowany w ramach podstawowej i \u015brodowiskowej opieki zdrowotnej, w przychodniach, gabinetach lekarskich i zabiegowych, w domu pacjenta oraz na szpitalnych oddzia\u0142ach ratunkowych, zapewniaj\u0105c szybkie i rzetelne wyniki pozwalaj\u0105ce na podejmowanie decyzji w odpowiednim czasie.<\/p>\n<p>Klinicy\u015bci mog\u0105 stosowa\u0107 test CRP LumiraDx do oceny infekcji, uraz\u00f3w tkanek i stan\u00f3w zapalnych. Dane pozyskane z badania mog\u0105 r\u00f3wnie\u017c by\u0107 \u017ar\u00f3d\u0142em cennych informacji, pozwalaj\u0105cych na ograniczenie zb\u0119dnego stosowania antybiotyk\u00f3w, stanowi\u0105ce cz\u0119\u015b\u0107 og\u00f3lnych dzia\u0142a\u0144 na rzecz zwalczania oporno\u015bci na leki przeciwdrobnoustrojowe. Podczas gdy stosowanie antybiotyk\u00f3w w Anglii spad\u0142o podczas pandemii [2], ostatnie badania podkre\u015bli\u0142y wysokie wska\u017aniki przepisywania antybiotyk\u00f3w pacjentom choruj\u0105cym na COVID-19 [3], pokazuj\u0105c tym samym zb\u0119dne stosowanie antybiotyk\u00f3w i obaw\u0119, \u017ce liczba zaka\u017ce\u0144 wywo\u0142anych przez antybiotykooporne drobnoustroje mo\u017ce wr\u00f3ci\u0107 do poziom\u00f3w sprzed pandemii.<\/p>\n<\/div>\n<div class=\"clearfix text-formatted field field--name-body field--type-text-with-summary field--label-hidden field__item\">\n<blockquote><p>\u201eOporno\u015b\u0107 na leki przeciwdrobnoustrojowe staje si\u0119 coraz wi\u0119kszym problemem na ca\u0142ym \u015bwiecie, kt\u00f3ry mo\u017ce doprowadzi\u0107 do powa\u017cnego kryzysu zdrowia publicznego je\u015bli nie zostan\u0105 podj\u0119te odpowiednie kroki w celu jego rozwi\u0105zania. Podczas gdy przyczyny oporno\u015bci na leki przeciwdrobnoustrojowe s\u0105 z\u0142o\u017cone, jest coraz wi\u0119cej dowod\u00f3w na to, \u017ce poprawa rozpoznania klinicznego infekcji dr\u00f3g oddechowych u pacjent\u00f3w jest kluczowym czynnikiem prowadz\u0105cym do ograniczenia liczby przepisywanych antybiotyk\u00f3w &#8211; powiedzia\u0142 prof. Jonathan Cooke, profesor wizytuj\u0105cy w Zak\u0142adzie Chirurgii i Onkologii Wydzia\u0142u Lekarskiego Imperial College w Londynie. &#8211; Wykazano, \u017ce dost\u0119p do szybkich narz\u0119dzi diagnostycznych CRP w punkcie opieki zdrowotnej wspiera personel medyczny w podejmowaniu decyzji dotycz\u0105cych zastosowania lek\u00f3w i pomaga w kontrolowaniu infekcji dr\u00f3g oddechowych\u201d.<\/p><\/blockquote>\n<p><strong>Zawarto\u015b\u0107 opakowania z testami:<\/strong><\/p>\n<\/div>\n<p>\u2022 24 testy<br \/>\n\u2022 Ulotka informacyjna testu.<br \/>\n\u2022 Znacznik RFID (Radio frequency ID, identyfikator radiowy) wewn\u0105trz kartonu z Paskami Testowymi.<\/p>\n<p><strong>Materia\u0142y wymagane, ale niedostarczane w opakowaniu z testami:<\/strong><br \/>\n\u2022 Aparat LumiraDx Instrument<br \/>\n\u2022 Standardowy sprz\u0119t do pobierania krwi (nak\u0142uwacze zapewniaj\u0105ce wysoki przep\u0142yw, sprz\u0119t do nak\u0142uwania \u017cy\u0142y, prob\u00f3wki transferowe, odpowiednie pojemniki na odpady biologiczne)<\/p>\n<p>&nbsp;<\/p>\n<p>Literatura<\/p>\n<p>1.\u00a0<a href=\"https:\/\/onlinelibrary.wiley.com\/doi\/10.1111\/j.1469-0691.2011.03602.x\">Guidelines for the management of adult lower respiratory tract infections \u2013 Summary, Clinical Microbiology and Infection, 2011 (Wytyczne dotycz\u0105ce post\u0119powania w przypadku infekcji dolnych dr\u00f3g oddechowych u doros\u0142ych pacjent\u00f3w &#8211; Informacje og\u00f3lne, mikrobiologia kliniczna i infekcje).<\/a><\/p>\n<p>2.\u00a0<a href=\"https:\/\/assets.publishing.service.gov.uk\/government\/uploads\/system\/uploads\/attachment_data\/file\/1033851\/espaur-report-2020-to-2021-16-Nov.pdf\">English surveillance programme for antimicrobial utilisation and resistance (ESPAUR), Report 2020 to 2021 (Angielski program monitorowania stosowania lek\u00f3w przeciwdrobnoustrojowych i oporno\u015bci na nie (ESPAUR). Sprawozdanie 2020-2021).<\/a><\/p>\n<p>3.\u00a0<a href=\"https:\/\/www.ncbi.nlm.nih.gov\/pmc\/articles\/PMC8026275\/pdf\/main.pdf\">Westblade, LS i in. Bacterial Coinfections in Coronavirus Disease 2019 (Koinfekcje bakteryjne w przebiegu COVID-19), Trends in Microbiology, 2021, Zeszyt 29, Nr 10.<\/a><\/p>\n","protected":false},"excerpt":{"rendered":"<p>Szybki test mikroprzep\u0142ywowy stosowany z <span style=\"color: #0000ff;\"><a style=\"color: #0000ff;\" href=\"http:\/\/screenmed.pl\/sklep\/lumiradx\/\">mini analizatorem <\/a><a style=\"color: #0000ff;\" href=\"http:\/\/screenmed.pl\/sklep\/lumiradx\/\">LumiraDx\u2122<\/a> <\/span>przeznaczony do ilo\u015bciowego oznaczania st\u0119\u017cenia CRP we krwi pe\u0142nej lub osoczu.<\/p>\n<p>Opakowanie 24 szt.<\/p>\n<p>Testy do analizatora LumiraDx mo\u017cna zam\u00f3wi\u0107 kontaktuj\u0105c si\u0119 z nami telefonicznie lub za po\u015brednictwem poczty e-mail.<\/p>\n","protected":false},"featured_media":11045,"template":"","meta":{"_acf_changed":false},"product_brand":[],"product_cat":[383,390,389,64],"product_tag":[],"class_list":{"0":"post-11035","1":"product","2":"type-product","3":"status-publish","4":"has-post-thumbnail","6":"product_cat-choroby-zakazne","7":"product_cat-medycyna-rodzinna","8":"product_cat-pediatria","9":"product_cat-testy-diagnostyczne","11":"first","12":"onbackorder","13":"shipping-taxable","14":"product-type-simple"},"acf":[],"etheme_brands":{"errors":{"invalid_taxonomy":["Invalid taxonomy."]},"error_data":[]},"yoast_head":"<!-- This site is optimized with the Yoast SEO plugin v24.4 - https:\/\/yoast.com\/wordpress\/plugins\/seo\/ -->\n<title>LumiraDx\u2122 CRP Test - ilo\u015bciowy test CRP | Screenmed<\/title>\n<meta name=\"robots\" content=\"index, follow, max-snippet:-1, max-image-preview:large, max-video-preview:-1\" \/>\n<link rel=\"canonical\" href=\"https:\/\/screenmed.pl\/sklep\/lumiradx-crp-test-ilosciowy-test-crp\/\" \/>\n<meta property=\"og:locale\" content=\"en_US\" \/>\n<meta property=\"og:type\" content=\"article\" \/>\n<meta property=\"og:title\" content=\"LumiraDx\u2122 CRP Test - ilo\u015bciowy test CRP | Screenmed\" \/>\n<meta property=\"og:description\" content=\"Szybki test mikroprzep\u0142ywowy stosowany z mini analizatorem LumiraDx\u2122 przeznaczony do ilo\u015bciowego oznaczania st\u0119\u017cenia CRP we krwi pe\u0142nej lub osoczu.  Opakowanie 24 szt.  Testy do analizatora LumiraDx mo\u017cna zam\u00f3wi\u0107 kontaktuj\u0105c si\u0119 z nami telefonicznie lub za po\u015brednictwem poczty e-mail.\" \/>\n<meta property=\"og:url\" content=\"https:\/\/screenmed.pl\/sklep\/lumiradx-crp-test-ilosciowy-test-crp\/\" \/>\n<meta property=\"og:site_name\" content=\"Screenmed\" \/>\n<meta property=\"article:modified_time\" content=\"2023-09-22T09:08:19+00:00\" \/>\n<meta property=\"og:image\" content=\"https:\/\/screenmed.pl\/wp-content\/uploads\/2022\/06\/Lumira_CRP_test1-1.png\" \/>\n\t<meta property=\"og:image:width\" content=\"450\" \/>\n\t<meta property=\"og:image:height\" content=\"450\" \/>\n\t<meta property=\"og:image:type\" content=\"image\/png\" \/>\n<meta name=\"twitter:card\" content=\"summary_large_image\" \/>\n<meta name=\"twitter:label1\" content=\"Est. reading time\" \/>\n\t<meta name=\"twitter:data1\" content=\"3 minutes\" \/>\n<script type=\"application\/ld+json\" class=\"yoast-schema-graph\">{\"@context\":\"https:\/\/schema.org\",\"@graph\":[{\"@type\":\"WebPage\",\"@id\":\"https:\/\/screenmed.pl\/sklep\/lumiradx-crp-test-ilosciowy-test-crp\/\",\"url\":\"https:\/\/screenmed.pl\/sklep\/lumiradx-crp-test-ilosciowy-test-crp\/\",\"name\":\"LumiraDx\u2122 CRP Test - ilo\u015bciowy test CRP | Screenmed\",\"isPartOf\":{\"@id\":\"https:\/\/screenmed.pl\/#website\"},\"primaryImageOfPage\":{\"@id\":\"https:\/\/screenmed.pl\/sklep\/lumiradx-crp-test-ilosciowy-test-crp\/#primaryimage\"},\"image\":{\"@id\":\"https:\/\/screenmed.pl\/sklep\/lumiradx-crp-test-ilosciowy-test-crp\/#primaryimage\"},\"thumbnailUrl\":\"https:\/\/screenmed.pl\/wp-content\/uploads\/2022\/06\/Lumira_CRP_test1-1.png\",\"datePublished\":\"2022-06-28T09:28:34+00:00\",\"dateModified\":\"2023-09-22T09:08:19+00:00\",\"breadcrumb\":{\"@id\":\"https:\/\/screenmed.pl\/sklep\/lumiradx-crp-test-ilosciowy-test-crp\/#breadcrumb\"},\"inLanguage\":\"en-US\",\"potentialAction\":[{\"@type\":\"ReadAction\",\"target\":[\"https:\/\/screenmed.pl\/sklep\/lumiradx-crp-test-ilosciowy-test-crp\/\"]}]},{\"@type\":\"ImageObject\",\"inLanguage\":\"en-US\",\"@id\":\"https:\/\/screenmed.pl\/sklep\/lumiradx-crp-test-ilosciowy-test-crp\/#primaryimage\",\"url\":\"https:\/\/screenmed.pl\/wp-content\/uploads\/2022\/06\/Lumira_CRP_test1-1.png\",\"contentUrl\":\"https:\/\/screenmed.pl\/wp-content\/uploads\/2022\/06\/Lumira_CRP_test1-1.png\",\"width\":450,\"height\":450},{\"@type\":\"BreadcrumbList\",\"@id\":\"https:\/\/screenmed.pl\/sklep\/lumiradx-crp-test-ilosciowy-test-crp\/#breadcrumb\",\"itemListElement\":[{\"@type\":\"ListItem\",\"position\":1,\"name\":\"Strona g\u0142\u00f3wna\",\"item\":\"https:\/\/screenmed.pl\/\"},{\"@type\":\"ListItem\",\"position\":2,\"name\":\"Shop\",\"item\":\"https:\/\/screenmed.pl\/en\/shop\/\"},{\"@type\":\"ListItem\",\"position\":3,\"name\":\"LumiraDx\u2122 CRP Test &#8211; ilo\u015bciowy test CRP\"}]},{\"@type\":\"WebSite\",\"@id\":\"https:\/\/screenmed.pl\/#website\",\"url\":\"https:\/\/screenmed.pl\/\",\"name\":\"Screenmed\",\"description\":\"\",\"potentialAction\":[{\"@type\":\"SearchAction\",\"target\":{\"@type\":\"EntryPoint\",\"urlTemplate\":\"https:\/\/screenmed.pl\/?s={search_term_string}\"},\"query-input\":{\"@type\":\"PropertyValueSpecification\",\"valueRequired\":true,\"valueName\":\"search_term_string\"}}],\"inLanguage\":\"en-US\"}]}<\/script>\n<!-- \/ Yoast SEO plugin. -->","yoast_head_json":{"title":"LumiraDx\u2122 CRP Test - ilo\u015bciowy test CRP | Screenmed","robots":{"index":"index","follow":"follow","max-snippet":"max-snippet:-1","max-image-preview":"max-image-preview:large","max-video-preview":"max-video-preview:-1"},"canonical":"https:\/\/screenmed.pl\/sklep\/lumiradx-crp-test-ilosciowy-test-crp\/","og_locale":"en_US","og_type":"article","og_title":"LumiraDx\u2122 CRP Test - ilo\u015bciowy test CRP | Screenmed","og_description":"Szybki test mikroprzep\u0142ywowy stosowany z mini analizatorem LumiraDx\u2122 przeznaczony do ilo\u015bciowego oznaczania st\u0119\u017cenia CRP we krwi pe\u0142nej lub osoczu.  Opakowanie 24 szt.  Testy do analizatora LumiraDx mo\u017cna zam\u00f3wi\u0107 kontaktuj\u0105c si\u0119 z nami telefonicznie lub za po\u015brednictwem poczty e-mail.","og_url":"https:\/\/screenmed.pl\/sklep\/lumiradx-crp-test-ilosciowy-test-crp\/","og_site_name":"Screenmed","article_modified_time":"2023-09-22T09:08:19+00:00","og_image":[{"width":450,"height":450,"url":"https:\/\/screenmed.pl\/wp-content\/uploads\/2022\/06\/Lumira_CRP_test1-1.png","type":"image\/png"}],"twitter_card":"summary_large_image","twitter_misc":{"Est. reading time":"3 minutes"},"schema":{"@context":"https:\/\/schema.org","@graph":[{"@type":"WebPage","@id":"https:\/\/screenmed.pl\/sklep\/lumiradx-crp-test-ilosciowy-test-crp\/","url":"https:\/\/screenmed.pl\/sklep\/lumiradx-crp-test-ilosciowy-test-crp\/","name":"LumiraDx\u2122 CRP Test - ilo\u015bciowy test CRP | Screenmed","isPartOf":{"@id":"https:\/\/screenmed.pl\/#website"},"primaryImageOfPage":{"@id":"https:\/\/screenmed.pl\/sklep\/lumiradx-crp-test-ilosciowy-test-crp\/#primaryimage"},"image":{"@id":"https:\/\/screenmed.pl\/sklep\/lumiradx-crp-test-ilosciowy-test-crp\/#primaryimage"},"thumbnailUrl":"https:\/\/screenmed.pl\/wp-content\/uploads\/2022\/06\/Lumira_CRP_test1-1.png","datePublished":"2022-06-28T09:28:34+00:00","dateModified":"2023-09-22T09:08:19+00:00","breadcrumb":{"@id":"https:\/\/screenmed.pl\/sklep\/lumiradx-crp-test-ilosciowy-test-crp\/#breadcrumb"},"inLanguage":"en-US","potentialAction":[{"@type":"ReadAction","target":["https:\/\/screenmed.pl\/sklep\/lumiradx-crp-test-ilosciowy-test-crp\/"]}]},{"@type":"ImageObject","inLanguage":"en-US","@id":"https:\/\/screenmed.pl\/sklep\/lumiradx-crp-test-ilosciowy-test-crp\/#primaryimage","url":"https:\/\/screenmed.pl\/wp-content\/uploads\/2022\/06\/Lumira_CRP_test1-1.png","contentUrl":"https:\/\/screenmed.pl\/wp-content\/uploads\/2022\/06\/Lumira_CRP_test1-1.png","width":450,"height":450},{"@type":"BreadcrumbList","@id":"https:\/\/screenmed.pl\/sklep\/lumiradx-crp-test-ilosciowy-test-crp\/#breadcrumb","itemListElement":[{"@type":"ListItem","position":1,"name":"Strona g\u0142\u00f3wna","item":"https:\/\/screenmed.pl\/"},{"@type":"ListItem","position":2,"name":"Shop","item":"https:\/\/screenmed.pl\/en\/shop\/"},{"@type":"ListItem","position":3,"name":"LumiraDx\u2122 CRP Test &#8211; ilo\u015bciowy test CRP"}]},{"@type":"WebSite","@id":"https:\/\/screenmed.pl\/#website","url":"https:\/\/screenmed.pl\/","name":"Screenmed","description":"","potentialAction":[{"@type":"SearchAction","target":{"@type":"EntryPoint","urlTemplate":"https:\/\/screenmed.pl\/?s={search_term_string}"},"query-input":{"@type":"PropertyValueSpecification","valueRequired":true,"valueName":"search_term_string"}}],"inLanguage":"en-US"}]}},"_links":{"self":[{"href":"https:\/\/screenmed.pl\/en\/wp-json\/wp\/v2\/product\/11035","targetHints":{"allow":["GET"]}}],"collection":[{"href":"https:\/\/screenmed.pl\/en\/wp-json\/wp\/v2\/product"}],"about":[{"href":"https:\/\/screenmed.pl\/en\/wp-json\/wp\/v2\/types\/product"}],"wp:featuredmedia":[{"embeddable":true,"href":"https:\/\/screenmed.pl\/en\/wp-json\/wp\/v2\/media\/11045"}],"wp:attachment":[{"href":"https:\/\/screenmed.pl\/en\/wp-json\/wp\/v2\/media?parent=11035"}],"wp:term":[{"taxonomy":"product_brand","embeddable":true,"href":"https:\/\/screenmed.pl\/en\/wp-json\/wp\/v2\/product_brand?post=11035"},{"taxonomy":"product_cat","embeddable":true,"href":"https:\/\/screenmed.pl\/en\/wp-json\/wp\/v2\/product_cat?post=11035"},{"taxonomy":"product_tag","embeddable":true,"href":"https:\/\/screenmed.pl\/en\/wp-json\/wp\/v2\/product_tag?post=11035"}],"curies":[{"name":"wp","href":"https:\/\/api.w.org\/{rel}","templated":true}]}}