{"id":10325,"date":"2021-04-26T15:40:11","date_gmt":"2021-04-26T13:40:11","guid":{"rendered":"http:\/\/screenmed.pl\/?post_type=product&#038;p=10325"},"modified":"2021-11-12T14:06:51","modified_gmt":"2021-11-12T13:06:51","slug":"fastpack-ip-free-t4","status":"publish","type":"product","link":"https:\/\/screenmed.pl\/en\/sklep\/fastpack-ip-free-t4\/","title":{"rendered":"FastPack\u00ae IP Free T4 &#8211; test wolna tyroksyna"},"content":{"rendered":"<div class=\"pdfprnt-buttons pdfprnt-buttons-product pdfprnt-top-right\"><a href=\"https:\/\/screenmed.pl\/en\/wp-json\/wp\/v2\/product\/10325?print=pdf\" class=\"pdfprnt-button pdfprnt-button-pdf\" target=\"_blank\"><img decoding=\"async\" src=\"http:\/\/screenmed.pl\/wp-content\/plugins\/pdf-print\/images\/pdf.png\" alt=\"image_pdf\" title=\"View PDF\" \/><\/a><a href=\"https:\/\/screenmed.pl\/en\/wp-json\/wp\/v2\/product\/10325?print=print\" class=\"pdfprnt-button pdfprnt-button-print\" target=\"_blank\"><img decoding=\"async\" src=\"http:\/\/screenmed.pl\/wp-content\/plugins\/pdf-print\/images\/print.png\" alt=\"image_print\" title=\"Print Content\" \/><\/a><\/div><h3>Co to jest wolna tyroksyna (free T4)?<\/h3>\n<p>Tyroksyna to jeden z podstawowych hormon\u00f3w tarczycy. Hormon ten bierze udzia\u0142 w procesach metabolizmu w organizmie. Niedob\u00f3r tyroksyny obni\u017ca poziom przemiany materii.<\/p>\n<p>Oznaczanie poziomu T4 wykonuje si\u0119 w celu oceny czynno\u015bci tarczycy.<\/p>\n<h3>Badanie poziomu tyroksyny<\/h3>\n<p>FastPack\u00ae IP Free T4 jest chemiluminescencyjnym testem immunologicznym do ilo\u015bciowego oznaczania wolnej tyroksyny (FT4) w ludzkiej surowicy. Test immunologiczny FastPack\u00ae IP Free T4 jest przeznaczony do profesjonalnej diagnostyki in vitro za pomoc\u0105 systemu FastPack\u00ae IP.<\/p>\n<ul>\n<li>Ilo\u015bciowy pomiar wolnej T4<\/li>\n<li>Dolna granica 0,4 ng\/dl<\/li>\n<li>G\u00f3rna granica 6.0 ng\/dl<\/li>\n<li>Wyniki w ci\u0105gu 7 minut<\/li>\n<\/ul>\n<p>&nbsp;<\/p>\n","protected":false},"excerpt":{"rendered":"<p>Szybki test immunologiczny do ilo\u015bciowego oznaczania wolnej tyroksyny (FT4) w ludzkiej surowicy za pomoc\u0105 systemu <span style=\"color: #0000ff;\"><a style=\"color: #0000ff;\" href=\"http:\/\/screenmed.pl\/sklep\/fastpack-ip-system\/\">FastPack\u00ae IP<\/a><\/span>.<\/p>\n<p>Opakowanie 30 szt.<\/p>\n","protected":false},"featured_media":10328,"template":"","meta":{"_acf_changed":false},"product_brand":[],"product_cat":[386,64],"product_tag":[],"class_list":{"0":"post-10325","1":"product","2":"type-product","3":"status-publish","4":"has-post-thumbnail","6":"product_cat-endokrynologia","7":"product_cat-testy-diagnostyczne","8":"pa_badana-probka-surowica","9":"pa_opakowanie-30-szt","10":"pa_przeznaczenie-hormony","11":"pa_typ-produktu-testy-diagnostyczne","13":"first","14":"outofstock","15":"shipping-taxable","16":"product-type-simple"},"acf":[],"etheme_brands":{"errors":{"invalid_taxonomy":["Invalid taxonomy."]},"error_data":[]},"yoast_head":"<!-- This site is optimized with the Yoast SEO plugin v24.4 - https:\/\/yoast.com\/wordpress\/plugins\/seo\/ -->\n<title>FastPack\u00ae IP Free T4 - test wolna tyroksyna | Screenmed<\/title>\n<meta name=\"robots\" content=\"index, follow, max-snippet:-1, max-image-preview:large, max-video-preview:-1\" \/>\n<link rel=\"canonical\" href=\"https:\/\/screenmed.pl\/sklep\/fastpack-ip-free-t4\/\" \/>\n<meta property=\"og:locale\" content=\"en_US\" \/>\n<meta property=\"og:type\" content=\"article\" \/>\n<meta property=\"og:title\" content=\"FastPack\u00ae IP Free T4 - test wolna tyroksyna | Screenmed\" \/>\n<meta property=\"og:description\" content=\"Szybki test immunologiczny do ilo\u015bciowego oznaczania wolnej tyroksyny (FT4) w ludzkiej surowicy za pomoc\u0105 systemu FastPack\u00ae IP.  Opakowanie 30 szt.\" \/>\n<meta property=\"og:url\" content=\"https:\/\/screenmed.pl\/sklep\/fastpack-ip-free-t4\/\" \/>\n<meta property=\"og:site_name\" content=\"Screenmed\" \/>\n<meta property=\"article:modified_time\" content=\"2021-11-12T13:06:51+00:00\" \/>\n<meta property=\"og:image\" content=\"https:\/\/screenmed.pl\/wp-content\/uploads\/2021\/04\/Fastpack_T4.png\" \/>\n\t<meta property=\"og:image:width\" content=\"450\" \/>\n\t<meta property=\"og:image:height\" content=\"450\" \/>\n\t<meta property=\"og:image:type\" content=\"image\/png\" \/>\n<meta name=\"twitter:card\" content=\"summary_large_image\" \/>\n<meta name=\"twitter:label1\" content=\"Est. reading time\" \/>\n\t<meta name=\"twitter:data1\" content=\"1 minute\" \/>\n<script type=\"application\/ld+json\" class=\"yoast-schema-graph\">{\"@context\":\"https:\/\/schema.org\",\"@graph\":[{\"@type\":\"WebPage\",\"@id\":\"https:\/\/screenmed.pl\/sklep\/fastpack-ip-free-t4\/\",\"url\":\"https:\/\/screenmed.pl\/sklep\/fastpack-ip-free-t4\/\",\"name\":\"FastPack\u00ae IP Free T4 - test wolna tyroksyna | Screenmed\",\"isPartOf\":{\"@id\":\"https:\/\/screenmed.pl\/#website\"},\"primaryImageOfPage\":{\"@id\":\"https:\/\/screenmed.pl\/sklep\/fastpack-ip-free-t4\/#primaryimage\"},\"image\":{\"@id\":\"https:\/\/screenmed.pl\/sklep\/fastpack-ip-free-t4\/#primaryimage\"},\"thumbnailUrl\":\"https:\/\/screenmed.pl\/wp-content\/uploads\/2021\/04\/Fastpack_T4.png\",\"datePublished\":\"2021-04-26T13:40:11+00:00\",\"dateModified\":\"2021-11-12T13:06:51+00:00\",\"breadcrumb\":{\"@id\":\"https:\/\/screenmed.pl\/sklep\/fastpack-ip-free-t4\/#breadcrumb\"},\"inLanguage\":\"en-US\",\"potentialAction\":[{\"@type\":\"ReadAction\",\"target\":[\"https:\/\/screenmed.pl\/sklep\/fastpack-ip-free-t4\/\"]}]},{\"@type\":\"ImageObject\",\"inLanguage\":\"en-US\",\"@id\":\"https:\/\/screenmed.pl\/sklep\/fastpack-ip-free-t4\/#primaryimage\",\"url\":\"https:\/\/screenmed.pl\/wp-content\/uploads\/2021\/04\/Fastpack_T4.png\",\"contentUrl\":\"https:\/\/screenmed.pl\/wp-content\/uploads\/2021\/04\/Fastpack_T4.png\",\"width\":450,\"height\":450,\"caption\":\"Fastpack T4 - wolna tyroksyna szybki test\"},{\"@type\":\"BreadcrumbList\",\"@id\":\"https:\/\/screenmed.pl\/sklep\/fastpack-ip-free-t4\/#breadcrumb\",\"itemListElement\":[{\"@type\":\"ListItem\",\"position\":1,\"name\":\"Strona g\u0142\u00f3wna\",\"item\":\"https:\/\/screenmed.pl\/\"},{\"@type\":\"ListItem\",\"position\":2,\"name\":\"Shop\",\"item\":\"https:\/\/screenmed.pl\/en\/shop\/\"},{\"@type\":\"ListItem\",\"position\":3,\"name\":\"FastPack\u00ae IP Free T4 &#8211; test wolna tyroksyna\"}]},{\"@type\":\"WebSite\",\"@id\":\"https:\/\/screenmed.pl\/#website\",\"url\":\"https:\/\/screenmed.pl\/\",\"name\":\"Screenmed\",\"description\":\"\",\"potentialAction\":[{\"@type\":\"SearchAction\",\"target\":{\"@type\":\"EntryPoint\",\"urlTemplate\":\"https:\/\/screenmed.pl\/?s={search_term_string}\"},\"query-input\":{\"@type\":\"PropertyValueSpecification\",\"valueRequired\":true,\"valueName\":\"search_term_string\"}}],\"inLanguage\":\"en-US\"}]}<\/script>\n<!-- \/ Yoast SEO plugin. -->","yoast_head_json":{"title":"FastPack\u00ae IP Free T4 - test wolna tyroksyna | Screenmed","robots":{"index":"index","follow":"follow","max-snippet":"max-snippet:-1","max-image-preview":"max-image-preview:large","max-video-preview":"max-video-preview:-1"},"canonical":"https:\/\/screenmed.pl\/sklep\/fastpack-ip-free-t4\/","og_locale":"en_US","og_type":"article","og_title":"FastPack\u00ae IP Free T4 - test wolna tyroksyna | Screenmed","og_description":"Szybki test immunologiczny do ilo\u015bciowego oznaczania wolnej tyroksyny (FT4) w ludzkiej surowicy za pomoc\u0105 systemu FastPack\u00ae IP.  Opakowanie 30 szt.","og_url":"https:\/\/screenmed.pl\/sklep\/fastpack-ip-free-t4\/","og_site_name":"Screenmed","article_modified_time":"2021-11-12T13:06:51+00:00","og_image":[{"width":450,"height":450,"url":"https:\/\/screenmed.pl\/wp-content\/uploads\/2021\/04\/Fastpack_T4.png","type":"image\/png"}],"twitter_card":"summary_large_image","twitter_misc":{"Est. reading time":"1 minute"},"schema":{"@context":"https:\/\/schema.org","@graph":[{"@type":"WebPage","@id":"https:\/\/screenmed.pl\/sklep\/fastpack-ip-free-t4\/","url":"https:\/\/screenmed.pl\/sklep\/fastpack-ip-free-t4\/","name":"FastPack\u00ae IP Free T4 - test wolna tyroksyna | Screenmed","isPartOf":{"@id":"https:\/\/screenmed.pl\/#website"},"primaryImageOfPage":{"@id":"https:\/\/screenmed.pl\/sklep\/fastpack-ip-free-t4\/#primaryimage"},"image":{"@id":"https:\/\/screenmed.pl\/sklep\/fastpack-ip-free-t4\/#primaryimage"},"thumbnailUrl":"https:\/\/screenmed.pl\/wp-content\/uploads\/2021\/04\/Fastpack_T4.png","datePublished":"2021-04-26T13:40:11+00:00","dateModified":"2021-11-12T13:06:51+00:00","breadcrumb":{"@id":"https:\/\/screenmed.pl\/sklep\/fastpack-ip-free-t4\/#breadcrumb"},"inLanguage":"en-US","potentialAction":[{"@type":"ReadAction","target":["https:\/\/screenmed.pl\/sklep\/fastpack-ip-free-t4\/"]}]},{"@type":"ImageObject","inLanguage":"en-US","@id":"https:\/\/screenmed.pl\/sklep\/fastpack-ip-free-t4\/#primaryimage","url":"https:\/\/screenmed.pl\/wp-content\/uploads\/2021\/04\/Fastpack_T4.png","contentUrl":"https:\/\/screenmed.pl\/wp-content\/uploads\/2021\/04\/Fastpack_T4.png","width":450,"height":450,"caption":"Fastpack T4 - wolna tyroksyna szybki test"},{"@type":"BreadcrumbList","@id":"https:\/\/screenmed.pl\/sklep\/fastpack-ip-free-t4\/#breadcrumb","itemListElement":[{"@type":"ListItem","position":1,"name":"Strona g\u0142\u00f3wna","item":"https:\/\/screenmed.pl\/"},{"@type":"ListItem","position":2,"name":"Shop","item":"https:\/\/screenmed.pl\/en\/shop\/"},{"@type":"ListItem","position":3,"name":"FastPack\u00ae IP Free T4 &#8211; test wolna tyroksyna"}]},{"@type":"WebSite","@id":"https:\/\/screenmed.pl\/#website","url":"https:\/\/screenmed.pl\/","name":"Screenmed","description":"","potentialAction":[{"@type":"SearchAction","target":{"@type":"EntryPoint","urlTemplate":"https:\/\/screenmed.pl\/?s={search_term_string}"},"query-input":{"@type":"PropertyValueSpecification","valueRequired":true,"valueName":"search_term_string"}}],"inLanguage":"en-US"}]}},"_links":{"self":[{"href":"https:\/\/screenmed.pl\/en\/wp-json\/wp\/v2\/product\/10325","targetHints":{"allow":["GET"]}}],"collection":[{"href":"https:\/\/screenmed.pl\/en\/wp-json\/wp\/v2\/product"}],"about":[{"href":"https:\/\/screenmed.pl\/en\/wp-json\/wp\/v2\/types\/product"}],"wp:featuredmedia":[{"embeddable":true,"href":"https:\/\/screenmed.pl\/en\/wp-json\/wp\/v2\/media\/10328"}],"wp:attachment":[{"href":"https:\/\/screenmed.pl\/en\/wp-json\/wp\/v2\/media?parent=10325"}],"wp:term":[{"taxonomy":"product_brand","embeddable":true,"href":"https:\/\/screenmed.pl\/en\/wp-json\/wp\/v2\/product_brand?post=10325"},{"taxonomy":"product_cat","embeddable":true,"href":"https:\/\/screenmed.pl\/en\/wp-json\/wp\/v2\/product_cat?post=10325"},{"taxonomy":"product_tag","embeddable":true,"href":"https:\/\/screenmed.pl\/en\/wp-json\/wp\/v2\/product_tag?post=10325"}],"curies":[{"name":"wp","href":"https:\/\/api.w.org\/{rel}","templated":true}]}}