{"id":10305,"date":"2021-04-23T14:20:07","date_gmt":"2021-04-23T12:20:07","guid":{"rendered":"http:\/\/screenmed.pl\/?post_type=product&#038;p=10305"},"modified":"2021-08-05T14:00:40","modified_gmt":"2021-08-05T12:00:40","slug":"fastpack-ip-shbg","status":"publish","type":"product","link":"https:\/\/screenmed.pl\/en\/sklep\/fastpack-ip-shbg\/","title":{"rendered":"FastPack\u00ae IP SHBG Test"},"content":{"rendered":"<div class=\"pdfprnt-buttons pdfprnt-buttons-product pdfprnt-top-right\"><a href=\"https:\/\/screenmed.pl\/en\/wp-json\/wp\/v2\/product\/10305?print=pdf\" class=\"pdfprnt-button pdfprnt-button-pdf\" target=\"_blank\"><img decoding=\"async\" src=\"http:\/\/screenmed.pl\/wp-content\/plugins\/pdf-print\/images\/pdf.png\" alt=\"image_pdf\" title=\"View PDF\" \/><\/a><a href=\"https:\/\/screenmed.pl\/en\/wp-json\/wp\/v2\/product\/10305?print=print\" class=\"pdfprnt-button pdfprnt-button-print\" target=\"_blank\"><img decoding=\"async\" src=\"http:\/\/screenmed.pl\/wp-content\/plugins\/pdf-print\/images\/print.png\" alt=\"image_print\" title=\"Print Content\" \/><\/a><\/div><h3>Co to jest SHBG?<\/h3>\n<p>SHBG &#8211; globulina wi\u0105\u017c\u0105ca hormony p\u0142ciowe (ang. Sex Hormone Binding Globulin) to dimeryczna glikoproteina (masa cz\u0105steczkowa 90 000 Da) sk\u0142adaj\u0105ca si\u0119 z 373 aminokwas\u00f3w odpowiedzialna za transport testosteronu i estradiolu do krwi. SHBG jest syntetyzowana w w\u0105trobie i jest wytwarzana i kontrolowana przez okre\u015blone warunki hormonalne, fizjologiczne i patologiczne. We krwi niewielka cz\u0119\u015b\u0107 <span style=\"color: #0000ff;\"><a style=\"color: #0000ff;\" href=\"http:\/\/screenmed.pl\/sklep\/fastpack-ip-testosteron\/\">testosteronu<\/a><\/span> wyst\u0119puje w postaci wolnej oraz zwi\u0105zanej z albuminami, reszta jest zwi\u0105zana (nieaktywna) z bia\u0142kiem transportowym SHBG.<\/p>\n<h3>Pomiar SHBG (globulina wi\u0105\u017c\u0105ca hormony p\u0142ciowe)<\/h3>\n<p>Pomiar SHBG mo\u017ce by\u0107 wa\u017cnym wska\u017anikiem przewlek\u0142ej lub nadmiernej aktywno\u015bci androgennej, gdy kliniczne objawy wydaj\u0105 si\u0119 wskazywa\u0107 na nadmiar androgen\u00f3w, ale poziom androgen\u00f3w jest normalny. Podwy\u017cszone poziomy SHBG mog\u0105 wyst\u0119powa\u0107 u os\u00f3b z niewra\u017cliwo\u015bci\u0105 na androgeny, nadczynno\u015bci\u0105 tarczycy, marsko\u015bci\u0105 w\u0105troby i u pacjent\u00f3w po ustnej terapii \u015brodkami antykoncepcyjnymi lub lekami przeciwpadaczkowymi. U m\u0119\u017cczyzn z niedoczynno\u015bci\u0105 tarczycy cz\u0119sto obserwuje si\u0119 obni\u017cone st\u0119\u017cenia SHBG. St\u0119\u017cenie SHBG jest wy\u017csze u kobiet w por\u00f3wnaniu z m\u0119\u017cczyznami. Kobiety w ci\u0105\u017cy maj\u0105 znacznie podwy\u017cszone st\u0119\u017cenia SHBG w surowicy ze wzgl\u0119du na ich wi\u0119ksz\u0105 produkcj\u0119 estrogenu.<\/p>\n<p>Produkcja SHBG jest regulowana przez r\u00f3wnowag\u0119 androgen \/ estrogen, hormony tarczycy, insulin\u0119 i diet\u0119.<\/p>\n<p>Obliczenie wska\u017anika wolnego testosteronu (FTI) lub wska\u017anika wolnego androgen\u00f3w (FAI) wymaga pomiaru ca\u0142kowitego st\u0119\u017cenia testosteronu i SHBG u pacjenta.<\/p>\n<p>FastPack\u00ae IP SHBG jest chemiluminescencyjnym testem immunologicznym przeznaczonym do ilo\u015bciowego oznaczania globuliny wi\u0105\u017c\u0105cej hormony p\u0142ciowe SHBG w ludzkiej surowicy i osoczu za pomoc\u0105 systemu <span style=\"color: #0000ff;\"><a style=\"color: #0000ff;\" href=\"http:\/\/screenmed.pl\/sklep\/fastpack-ip-system\/\">FastPack\u00ae IP<\/a><\/span>. Test FastPack\u00ae IP SHBG jest przeznaczony do stosowania jako pomoc w diagnostyce zaburze\u0144 androgenowych &#8211; m\u0119skich hormon\u00f3w p\u0142ciowych.<\/p>\n<ul>\n<li>Pomiar ilo\u015bciowy<\/li>\n<li>Dolna granica 0,80 nmol\/l<\/li>\n<li>G\u00f3rna granica 174 nmol\/l<\/li>\n<li>Wyniki w ci\u0105gu 8 minut<\/li>\n<\/ul>\n<p>&nbsp;<\/p>\n","protected":false},"excerpt":{"rendered":"<p>Test immunologiczny przeznaczony do ilo\u015bciowego oznaczania globuliny wi\u0105\u017c\u0105cej hormony p\u0142ciowe SHBG w ludzkiej surowicy i osoczu za pomoc\u0105 systemu <span style=\"color: #0000ff;\"><a style=\"color: #0000ff;\" href=\"http:\/\/screenmed.pl\/sklep\/fastpack-ip-system\/\">FastPack\u00ae IP<\/a><\/span>.<\/p>\n<p>Opakowanie 30 szt.<\/p>\n","protected":false},"featured_media":10315,"template":"","meta":{"_acf_changed":false},"product_brand":[],"product_cat":[386,64],"product_tag":[],"class_list":{"0":"post-10305","1":"product","2":"type-product","3":"status-publish","4":"has-post-thumbnail","6":"product_cat-endokrynologia","7":"product_cat-testy-diagnostyczne","8":"pa_badana-probka-osocze-surowica","9":"pa_opakowanie-30-szt","10":"pa_przeznaczenie-hormony","11":"pa_typ-produktu-testy-diagnostyczne","13":"first","14":"onbackorder","15":"shipping-taxable","16":"product-type-simple"},"acf":[],"etheme_brands":{"errors":{"invalid_taxonomy":["Invalid taxonomy."]},"error_data":[]},"yoast_head":"<!-- This site is optimized with the Yoast SEO plugin v24.4 - https:\/\/yoast.com\/wordpress\/plugins\/seo\/ -->\n<title>FastPack\u00ae IP SHBG Test | Screenmed<\/title>\n<meta name=\"robots\" content=\"index, follow, max-snippet:-1, max-image-preview:large, max-video-preview:-1\" \/>\n<link rel=\"canonical\" href=\"https:\/\/screenmed.pl\/sklep\/fastpack-ip-shbg\/\" \/>\n<meta property=\"og:locale\" content=\"en_US\" \/>\n<meta property=\"og:type\" content=\"article\" \/>\n<meta property=\"og:title\" content=\"FastPack\u00ae IP SHBG Test | Screenmed\" \/>\n<meta property=\"og:description\" content=\"Test immunologiczny przeznaczony do ilo\u015bciowego oznaczania globuliny wi\u0105\u017c\u0105cej hormony p\u0142ciowe SHBG w ludzkiej surowicy i osoczu za pomoc\u0105 systemu FastPack\u00ae IP.  Opakowanie 30 szt.\" \/>\n<meta property=\"og:url\" content=\"https:\/\/screenmed.pl\/sklep\/fastpack-ip-shbg\/\" \/>\n<meta property=\"og:site_name\" content=\"Screenmed\" \/>\n<meta property=\"article:modified_time\" content=\"2021-08-05T12:00:40+00:00\" \/>\n<meta property=\"og:image\" content=\"https:\/\/screenmed.pl\/wp-content\/uploads\/2021\/04\/Fastpack_SHBG-1.png\" \/>\n\t<meta property=\"og:image:width\" content=\"450\" \/>\n\t<meta property=\"og:image:height\" content=\"450\" \/>\n\t<meta property=\"og:image:type\" content=\"image\/png\" \/>\n<meta name=\"twitter:card\" content=\"summary_large_image\" \/>\n<meta name=\"twitter:label1\" content=\"Est. reading time\" \/>\n\t<meta name=\"twitter:data1\" content=\"2 minutes\" \/>\n<script type=\"application\/ld+json\" class=\"yoast-schema-graph\">{\"@context\":\"https:\/\/schema.org\",\"@graph\":[{\"@type\":\"WebPage\",\"@id\":\"https:\/\/screenmed.pl\/sklep\/fastpack-ip-shbg\/\",\"url\":\"https:\/\/screenmed.pl\/sklep\/fastpack-ip-shbg\/\",\"name\":\"FastPack\u00ae IP SHBG Test | Screenmed\",\"isPartOf\":{\"@id\":\"https:\/\/screenmed.pl\/#website\"},\"primaryImageOfPage\":{\"@id\":\"https:\/\/screenmed.pl\/sklep\/fastpack-ip-shbg\/#primaryimage\"},\"image\":{\"@id\":\"https:\/\/screenmed.pl\/sklep\/fastpack-ip-shbg\/#primaryimage\"},\"thumbnailUrl\":\"https:\/\/screenmed.pl\/wp-content\/uploads\/2021\/04\/Fastpack_SHBG-1.png\",\"datePublished\":\"2021-04-23T12:20:07+00:00\",\"dateModified\":\"2021-08-05T12:00:40+00:00\",\"breadcrumb\":{\"@id\":\"https:\/\/screenmed.pl\/sklep\/fastpack-ip-shbg\/#breadcrumb\"},\"inLanguage\":\"en-US\",\"potentialAction\":[{\"@type\":\"ReadAction\",\"target\":[\"https:\/\/screenmed.pl\/sklep\/fastpack-ip-shbg\/\"]}]},{\"@type\":\"ImageObject\",\"inLanguage\":\"en-US\",\"@id\":\"https:\/\/screenmed.pl\/sklep\/fastpack-ip-shbg\/#primaryimage\",\"url\":\"https:\/\/screenmed.pl\/wp-content\/uploads\/2021\/04\/Fastpack_SHBG-1.png\",\"contentUrl\":\"https:\/\/screenmed.pl\/wp-content\/uploads\/2021\/04\/Fastpack_SHBG-1.png\",\"width\":450,\"height\":450,\"caption\":\"Fastpack SHBG test\"},{\"@type\":\"BreadcrumbList\",\"@id\":\"https:\/\/screenmed.pl\/sklep\/fastpack-ip-shbg\/#breadcrumb\",\"itemListElement\":[{\"@type\":\"ListItem\",\"position\":1,\"name\":\"Strona g\u0142\u00f3wna\",\"item\":\"https:\/\/screenmed.pl\/\"},{\"@type\":\"ListItem\",\"position\":2,\"name\":\"Shop\",\"item\":\"https:\/\/screenmed.pl\/en\/shop\/\"},{\"@type\":\"ListItem\",\"position\":3,\"name\":\"FastPack\u00ae IP SHBG Test\"}]},{\"@type\":\"WebSite\",\"@id\":\"https:\/\/screenmed.pl\/#website\",\"url\":\"https:\/\/screenmed.pl\/\",\"name\":\"Screenmed\",\"description\":\"\",\"potentialAction\":[{\"@type\":\"SearchAction\",\"target\":{\"@type\":\"EntryPoint\",\"urlTemplate\":\"https:\/\/screenmed.pl\/?s={search_term_string}\"},\"query-input\":{\"@type\":\"PropertyValueSpecification\",\"valueRequired\":true,\"valueName\":\"search_term_string\"}}],\"inLanguage\":\"en-US\"}]}<\/script>\n<!-- \/ Yoast SEO plugin. -->","yoast_head_json":{"title":"FastPack\u00ae IP SHBG Test | Screenmed","robots":{"index":"index","follow":"follow","max-snippet":"max-snippet:-1","max-image-preview":"max-image-preview:large","max-video-preview":"max-video-preview:-1"},"canonical":"https:\/\/screenmed.pl\/sklep\/fastpack-ip-shbg\/","og_locale":"en_US","og_type":"article","og_title":"FastPack\u00ae IP SHBG Test | Screenmed","og_description":"Test immunologiczny przeznaczony do ilo\u015bciowego oznaczania globuliny wi\u0105\u017c\u0105cej hormony p\u0142ciowe SHBG w ludzkiej surowicy i osoczu za pomoc\u0105 systemu FastPack\u00ae IP.  Opakowanie 30 szt.","og_url":"https:\/\/screenmed.pl\/sklep\/fastpack-ip-shbg\/","og_site_name":"Screenmed","article_modified_time":"2021-08-05T12:00:40+00:00","og_image":[{"width":450,"height":450,"url":"https:\/\/screenmed.pl\/wp-content\/uploads\/2021\/04\/Fastpack_SHBG-1.png","type":"image\/png"}],"twitter_card":"summary_large_image","twitter_misc":{"Est. reading time":"2 minutes"},"schema":{"@context":"https:\/\/schema.org","@graph":[{"@type":"WebPage","@id":"https:\/\/screenmed.pl\/sklep\/fastpack-ip-shbg\/","url":"https:\/\/screenmed.pl\/sklep\/fastpack-ip-shbg\/","name":"FastPack\u00ae IP SHBG Test | Screenmed","isPartOf":{"@id":"https:\/\/screenmed.pl\/#website"},"primaryImageOfPage":{"@id":"https:\/\/screenmed.pl\/sklep\/fastpack-ip-shbg\/#primaryimage"},"image":{"@id":"https:\/\/screenmed.pl\/sklep\/fastpack-ip-shbg\/#primaryimage"},"thumbnailUrl":"https:\/\/screenmed.pl\/wp-content\/uploads\/2021\/04\/Fastpack_SHBG-1.png","datePublished":"2021-04-23T12:20:07+00:00","dateModified":"2021-08-05T12:00:40+00:00","breadcrumb":{"@id":"https:\/\/screenmed.pl\/sklep\/fastpack-ip-shbg\/#breadcrumb"},"inLanguage":"en-US","potentialAction":[{"@type":"ReadAction","target":["https:\/\/screenmed.pl\/sklep\/fastpack-ip-shbg\/"]}]},{"@type":"ImageObject","inLanguage":"en-US","@id":"https:\/\/screenmed.pl\/sklep\/fastpack-ip-shbg\/#primaryimage","url":"https:\/\/screenmed.pl\/wp-content\/uploads\/2021\/04\/Fastpack_SHBG-1.png","contentUrl":"https:\/\/screenmed.pl\/wp-content\/uploads\/2021\/04\/Fastpack_SHBG-1.png","width":450,"height":450,"caption":"Fastpack SHBG test"},{"@type":"BreadcrumbList","@id":"https:\/\/screenmed.pl\/sklep\/fastpack-ip-shbg\/#breadcrumb","itemListElement":[{"@type":"ListItem","position":1,"name":"Strona g\u0142\u00f3wna","item":"https:\/\/screenmed.pl\/"},{"@type":"ListItem","position":2,"name":"Shop","item":"https:\/\/screenmed.pl\/en\/shop\/"},{"@type":"ListItem","position":3,"name":"FastPack\u00ae IP SHBG Test"}]},{"@type":"WebSite","@id":"https:\/\/screenmed.pl\/#website","url":"https:\/\/screenmed.pl\/","name":"Screenmed","description":"","potentialAction":[{"@type":"SearchAction","target":{"@type":"EntryPoint","urlTemplate":"https:\/\/screenmed.pl\/?s={search_term_string}"},"query-input":{"@type":"PropertyValueSpecification","valueRequired":true,"valueName":"search_term_string"}}],"inLanguage":"en-US"}]}},"_links":{"self":[{"href":"https:\/\/screenmed.pl\/en\/wp-json\/wp\/v2\/product\/10305","targetHints":{"allow":["GET"]}}],"collection":[{"href":"https:\/\/screenmed.pl\/en\/wp-json\/wp\/v2\/product"}],"about":[{"href":"https:\/\/screenmed.pl\/en\/wp-json\/wp\/v2\/types\/product"}],"wp:featuredmedia":[{"embeddable":true,"href":"https:\/\/screenmed.pl\/en\/wp-json\/wp\/v2\/media\/10315"}],"wp:attachment":[{"href":"https:\/\/screenmed.pl\/en\/wp-json\/wp\/v2\/media?parent=10305"}],"wp:term":[{"taxonomy":"product_brand","embeddable":true,"href":"https:\/\/screenmed.pl\/en\/wp-json\/wp\/v2\/product_brand?post=10305"},{"taxonomy":"product_cat","embeddable":true,"href":"https:\/\/screenmed.pl\/en\/wp-json\/wp\/v2\/product_cat?post=10305"},{"taxonomy":"product_tag","embeddable":true,"href":"https:\/\/screenmed.pl\/en\/wp-json\/wp\/v2\/product_tag?post=10305"}],"curies":[{"name":"wp","href":"https:\/\/api.w.org\/{rel}","templated":true}]}}